{"id":773274,"date":"2025-08-28T16:10:28","date_gmt":"2025-08-28T13:10:28","guid":{"rendered":"https:\/\/roveyayinevi.com.tr\/index.php\/urun\/berzah-toplu-siirler-1968-2020\/"},"modified":"2026-04-15T03:39:27","modified_gmt":"2026-04-15T00:39:27","slug":"berzah-toplu-siirler-1968-2020","status":"publish","type":"product","link":"https:\/\/roveyayinevi.com.tr\/index.php\/urun\/berzah-toplu-siirler-1968-2020\/","title":{"rendered":"Berzah &#8211; Toplu \u015eiirler 1968\u20132020"},"content":{"rendered":"<p>sonunda vard\u0131m cana yak\u0131n solu\u011fuyla b\u00fct\u00fcn \u00e7i\u00e7eklerin kokusunu toplay\u0131p getiren y\u00fcz\u00fc bana d\u00f6n\u00fck g\u00fcl\u00fcn diyar\u0131na surdaki kap\u0131dan ge\u00e7tim s\u00fcrt\u00fcnerek bekleyen dervi\u015fe d\u00f6nm\u00fc\u015f kemerler i\u00e7kalede buldu\u011fum yaz\u0131l\u0131 ta\u015f \u00fc\u00e7 m\u0131sraya s\u0131\u011fd\u0131r\u0131lm\u0131\u015f a\u011f\u0131r emanetle b\u00fcy\u00fck efsanenin \u00f6zetini veriyor dedi\u011fi gibi  i\u00e7kaledeki bek\u00e7ilerin t\u00fckenmeyen kelimeleri sayesinde. dile gelmeden kalsa da de\u011feri erimemi\u015f, dirilen hat\u0131ralar\u0131n uyard\u0131\u011f\u0131 s\u00f6z yeniledi bildiklerimi,   Ebubekir Ero\u011flu, s\u00f6z\u00fcn\u00fc hikmetten alan bir alg\u0131n\u0131n sahibi; T\u00fcrk \u015fiirinin do\u011fas\u0131n\u0131 en iyi bilen, anlayan ve aktaranlardan. Onun insan\u0131n ve evrenin \u00f6z\u00fcn\u00fc duyuran modern mistik sesi, \u00e7a\u011fda\u015f T\u00fcrk \u015fiirinde ony\u0131llard\u0131r ayn\u0131 kuvvette yank\u0131lan\u0131yor. \u015eairin 1968-2020 y\u0131llar\u0131 aras\u0131nda yazd\u0131\u011f\u0131 \u015fiirleri bir araya getiren Berzah \u2013 Toplu \u015eiirler, i\u015fte bu kuvvetin bir ni\u015fanesi niteli\u011finde. 1974 y\u0131l\u0131nda Ku\u015fluk Saatleri\u2019yle ba\u015flayan yolculukta Kay\u0131plar\u0131n \u015eark\u0131s\u0131, Yirmid\u00f6rt \u015eiir, \u015eahitsiz Vakitler, S\u0131n\u0131r Ta\u015f\u0131, Sesli Harfler, \u0130\u00e7kale, Bentler ve A\u00e7\u0131k Kald\u0131k\u00e7a Defterim\u2019le at\u0131lan her ad\u0131m, Berzah\u2019la g\u00f6r\u00fcn\u00fcr k\u0131l\u0131n\u0131yor.<\/p>\n","protected":false},"excerpt":{"rendered":"<p>sonunda vard\u0131m cana yak\u0131n solu\u011fuyla b\u00fct\u00fcn \u00e7i\u00e7eklerin kokusunu toplay\u0131p getiren y\u00fcz\u00fc bana d\u00f6n\u00fck g\u00fcl\u00fcn diyar\u0131na surdaki kap\u0131dan ge\u00e7tim s\u00fcrt\u00fcnerek bekleyen dervi\u015fe d\u00f6nm\u00fc\u015f kemerler i\u00e7kalede buldu\u011fum yaz\u0131l\u0131<span class=\"excerpt-hellip\"> [\u2026]<\/span><\/p>\n","protected":false},"featured_media":0,"template":"","meta":{"_monsterinsights_skip_tracking":false,"_monsterinsights_sitenote_active":false,"_monsterinsights_sitenote_note":"","_monsterinsights_sitenote_category":0},"product_brand":[],"product_cat":[12291,12509],"product_tag":[],"class_list":{"0":"post-773274","1":"product","2":"type-product","3":"status-publish","5":"product_cat-edebiyat","6":"product_cat-siir","7":"pa_cilt-ciltsiz","8":"pa_tur-kitap","9":"pa_yayinevi-everest-yayinlari","10":"pa_yazar-ebubekir-eroglu","12":"first","13":"instock","14":"sale","15":"shipping-taxable","16":"purchasable","17":"product-type-simple"},"_links":{"self":[{"href":"https:\/\/roveyayinevi.com.tr\/index.php\/wp-json\/wp\/v2\/product\/773274","targetHints":{"allow":["GET"]}}],"collection":[{"href":"https:\/\/roveyayinevi.com.tr\/index.php\/wp-json\/wp\/v2\/product"}],"about":[{"href":"https:\/\/roveyayinevi.com.tr\/index.php\/wp-json\/wp\/v2\/types\/product"}],"wp:attachment":[{"href":"https:\/\/roveyayinevi.com.tr\/index.php\/wp-json\/wp\/v2\/media?parent=773274"}],"wp:term":[{"taxonomy":"product_brand","embeddable":true,"href":"https:\/\/roveyayinevi.com.tr\/index.php\/wp-json\/wp\/v2\/product_brand?post=773274"},{"taxonomy":"product_cat","embeddable":true,"href":"https:\/\/roveyayinevi.com.tr\/index.php\/wp-json\/wp\/v2\/product_cat?post=773274"},{"taxonomy":"product_tag","embeddable":true,"href":"https:\/\/roveyayinevi.com.tr\/index.php\/wp-json\/wp\/v2\/product_tag?post=773274"}],"curies":[{"name":"wp","href":"https:\/\/api.w.org\/{rel}","templated":true}]}}