{"id":773273,"date":"2025-08-28T16:10:26","date_gmt":"2025-08-28T13:10:26","guid":{"rendered":"https:\/\/roveyayinevi.com.tr\/index.php\/urun\/kizlar-agasi\/"},"modified":"2026-04-15T03:39:27","modified_gmt":"2026-04-15T00:39:27","slug":"kizlar-agasi","status":"publish","type":"product","link":"https:\/\/roveyayinevi.com.tr\/index.php\/urun\/kizlar-agasi\/","title":{"rendered":"K\u0131zlar A\u011fas\u0131"},"content":{"rendered":"<p>K\u0131zlar A\u011fas\u0131 veya Dar\u00fcssade A\u011fas\u0131, Haremde \u00fcst d\u00fczey g\u00f6revlidir. Harem, Osmanl\u0131\u2019n\u0131n i\u00e7 d\u00fcnyas\u0131, gizemi, r\u00fcyas\u0131, k\u00fclt\u00fcr ve hayat merkezi oldu\u011fu kadar cad\u0131 kazan\u0131d\u0131r. K\u0131zlar A\u011fas\u0131 bilinmeyeni bilen, girilmeyen odaya giren duyulmayan\u0131 duyan bir karakter olarak son derece \u00f6nemliydi. Onlar\u0131n d\u00fcnyas\u0131, yeti\u015fmelerinden tutun g\u00f6rev alanlar\u0131n\u0131n ge\u00e7i\u015fken ve bir o kadar da b\u0131\u00e7ak s\u0131rt\u0131 konumlar\u0131yla ilgin\u00e7 karakterlerle doluydu. Ahmed Refik bu kez Harem\u2019e, oradaki g\u00fc\u00e7 ve iktidar ili\u015fkileri kadar tarihi yo\u011furup \u015fekillendiren sebeplere dal\u0131yor, Osmanl\u0131 Tarihi\u2019ni bu cepheden de d\u00fc\u015f\u00fcnmemize kap\u0131 aral\u0131yor. <\/p>\n","protected":false},"excerpt":{"rendered":"<p>K\u0131zlar A\u011fas\u0131 veya Dar\u00fcssade A\u011fas\u0131, Haremde \u00fcst d\u00fczey g\u00f6revlidir. Harem, Osmanl\u0131\u2019n\u0131n i\u00e7 d\u00fcnyas\u0131, gizemi, r\u00fcyas\u0131, k\u00fclt\u00fcr ve hayat merkezi oldu\u011fu kadar cad\u0131 kazan\u0131d\u0131r. K\u0131zlar A\u011fas\u0131 bilinmeyeni<span class=\"excerpt-hellip\"> [\u2026]<\/span><\/p>\n","protected":false},"featured_media":0,"template":"","meta":{"_monsterinsights_skip_tracking":false,"_monsterinsights_sitenote_active":false,"_monsterinsights_sitenote_note":"","_monsterinsights_sitenote_category":0},"product_brand":[],"product_cat":[12291,12711],"product_tag":[],"class_list":{"0":"post-773273","1":"product","2":"type-product","3":"status-publish","5":"product_cat-edebiyat","6":"product_cat-roman-oyku","7":"pa_cilt-ciltsiz","8":"pa_tur-kitap","9":"pa_yayinevi-kapi-yayinlari","10":"pa_yazar-ahmed-refik","12":"first","13":"instock","14":"sale","15":"shipping-taxable","16":"purchasable","17":"product-type-simple"},"_links":{"self":[{"href":"https:\/\/roveyayinevi.com.tr\/index.php\/wp-json\/wp\/v2\/product\/773273","targetHints":{"allow":["GET"]}}],"collection":[{"href":"https:\/\/roveyayinevi.com.tr\/index.php\/wp-json\/wp\/v2\/product"}],"about":[{"href":"https:\/\/roveyayinevi.com.tr\/index.php\/wp-json\/wp\/v2\/types\/product"}],"wp:attachment":[{"href":"https:\/\/roveyayinevi.com.tr\/index.php\/wp-json\/wp\/v2\/media?parent=773273"}],"wp:term":[{"taxonomy":"product_brand","embeddable":true,"href":"https:\/\/roveyayinevi.com.tr\/index.php\/wp-json\/wp\/v2\/product_brand?post=773273"},{"taxonomy":"product_cat","embeddable":true,"href":"https:\/\/roveyayinevi.com.tr\/index.php\/wp-json\/wp\/v2\/product_cat?post=773273"},{"taxonomy":"product_tag","embeddable":true,"href":"https:\/\/roveyayinevi.com.tr\/index.php\/wp-json\/wp\/v2\/product_tag?post=773273"}],"curies":[{"name":"wp","href":"https:\/\/api.w.org\/{rel}","templated":true}]}}