{"id":773272,"date":"2025-08-28T16:10:24","date_gmt":"2025-08-28T13:10:24","guid":{"rendered":"https:\/\/roveyayinevi.com.tr\/index.php\/urun\/gulsen-i-raz-3\/"},"modified":"2026-04-15T03:39:27","modified_gmt":"2026-04-15T00:39:27","slug":"gulsen-i-raz-3","status":"publish","type":"product","link":"https:\/\/roveyayinevi.com.tr\/index.php\/urun\/gulsen-i-raz-3\/","title":{"rendered":"G\u00fcl\u015fen-i Raz"},"content":{"rendered":"<p>Mahm\u00fbd-\u0131 \u015eeb\u00fcster\u00ee\u2019nin Horasan\u2019dan ak\u0131p gelen s\u00f6zleri\u2026 Varl\u0131kla yokluk aras\u0131ndaki ince perdeyi aralamak i\u00e7in dokunmu\u015f soru incileri\u2026 Bu eser, a\u015fk\u0131n, bilginin, hikmetin ve marifetin \u00e7i\u00e7eklendi\u011fi bir bah\u00e7edir. Elinizdeki, yaln\u0131zca bir \u00e7eviri de\u011fil; her beyitiyle as\u0131l ruhu koruyarak, her kelimesiyle o mana bah\u00e7esinden yeni kokular ta\u015f\u0131yan bir yolculuktur. \u015eeb\u00fcster\u00ee\u2019nin kadim sorulara verdi\u011fi cevaplardaki derinlik insan\u0131 kendi i\u00e7ine, kendi hakikatine do\u011fru \u00e7a\u011f\u0131r\u0131yor. Yol arkada\u015f\u0131n\u0131z olsun diye\u2026 <\/p>\n","protected":false},"excerpt":{"rendered":"<p>Mahm\u00fbd-\u0131 \u015eeb\u00fcster\u00ee\u2019nin Horasan\u2019dan ak\u0131p gelen s\u00f6zleri\u2026 Varl\u0131kla yokluk aras\u0131ndaki ince perdeyi aralamak i\u00e7in dokunmu\u015f soru incileri\u2026 Bu eser, a\u015fk\u0131n, bilginin, hikmetin ve marifetin \u00e7i\u00e7eklendi\u011fi bir bah\u00e7edir.<span class=\"excerpt-hellip\"> [\u2026]<\/span><\/p>\n","protected":false},"featured_media":0,"template":"","meta":{"_monsterinsights_skip_tracking":false,"_monsterinsights_sitenote_active":false,"_monsterinsights_sitenote_note":"","_monsterinsights_sitenote_category":0},"product_brand":[],"product_cat":[12291,12711],"product_tag":[],"class_list":{"0":"post-773272","1":"product","2":"type-product","3":"status-publish","5":"product_cat-edebiyat","6":"product_cat-roman-oyku","7":"pa_cilt-ciltsiz","8":"pa_tur-kitap","9":"pa_yayinevi-kapi-yayinlari","10":"pa_yazar-mahmud-i-sebusteri","12":"first","13":"instock","14":"sale","15":"shipping-taxable","16":"purchasable","17":"product-type-simple"},"_links":{"self":[{"href":"https:\/\/roveyayinevi.com.tr\/index.php\/wp-json\/wp\/v2\/product\/773272","targetHints":{"allow":["GET"]}}],"collection":[{"href":"https:\/\/roveyayinevi.com.tr\/index.php\/wp-json\/wp\/v2\/product"}],"about":[{"href":"https:\/\/roveyayinevi.com.tr\/index.php\/wp-json\/wp\/v2\/types\/product"}],"wp:attachment":[{"href":"https:\/\/roveyayinevi.com.tr\/index.php\/wp-json\/wp\/v2\/media?parent=773272"}],"wp:term":[{"taxonomy":"product_brand","embeddable":true,"href":"https:\/\/roveyayinevi.com.tr\/index.php\/wp-json\/wp\/v2\/product_brand?post=773272"},{"taxonomy":"product_cat","embeddable":true,"href":"https:\/\/roveyayinevi.com.tr\/index.php\/wp-json\/wp\/v2\/product_cat?post=773272"},{"taxonomy":"product_tag","embeddable":true,"href":"https:\/\/roveyayinevi.com.tr\/index.php\/wp-json\/wp\/v2\/product_tag?post=773272"}],"curies":[{"name":"wp","href":"https:\/\/api.w.org\/{rel}","templated":true}]}}