{"id":773271,"date":"2025-08-28T16:10:22","date_gmt":"2025-08-28T13:10:22","guid":{"rendered":"https:\/\/roveyayinevi.com.tr\/index.php\/urun\/geveze-kitap-tatilde\/"},"modified":"2026-04-15T03:39:27","modified_gmt":"2026-04-15T00:39:27","slug":"geveze-kitap-tatilde","status":"publish","type":"product","link":"https:\/\/roveyayinevi.com.tr\/index.php\/urun\/geveze-kitap-tatilde\/","title":{"rendered":"Geveze Kitap Tatilde"},"content":{"rendered":"<p>Uzun bir tatil yapt\u0131m. Gitti\u011fim her kentte \u00e7ocuklarla tan\u0131\u015f\u0131p birbirinden heyecanl\u0131 ser\u00fcvenler ya\u015fad\u0131m. Araba, otob\u00fcs, tren, vapur, minib\u00fcs, u\u00e7ak hatta \u015fi\u015fme bot ve faytona bile bindim. Gezerken g\u00fcl\u00fcp e\u011flendi\u011fim de oldu, korkudan tir tir titredi\u011fim de. Ba\u015f\u0131mdan ge\u00e7enleri sana anlatmak i\u00e7in sab\u0131rs\u0131zlan\u0131yorum. Ba\u015flayal\u0131m m\u0131?   Kendimi yeniden senin ellerinde bulman\u0131n beni ne kadar mutlu etti\u011fini tahmin edemezsin. Dilerim bu bulu\u015fma seni de sevindirmi\u015ftir.   G\u00f6r\u00fc\u015fmeyeli uzun zaman oldu. Bu s\u00fcrede neler yapt\u0131n, neler ya\u015fad\u0131n kim bilir\u2026 Benim ba\u015f\u0131mdan \u00f6yle maceralar ge\u00e7ti ki sana anlatmak i\u00e7in sab\u0131rs\u0131zlan\u0131yorum. <\/p>\n","protected":false},"excerpt":{"rendered":"<p>Uzun bir tatil yapt\u0131m. Gitti\u011fim her kentte \u00e7ocuklarla tan\u0131\u015f\u0131p birbirinden heyecanl\u0131 ser\u00fcvenler ya\u015fad\u0131m. Araba, otob\u00fcs, tren, vapur, minib\u00fcs, u\u00e7ak hatta \u015fi\u015fme bot ve faytona bile bindim.<span class=\"excerpt-hellip\"> [\u2026]<\/span><\/p>\n","protected":false},"featured_media":0,"template":"","meta":{"_monsterinsights_skip_tracking":false,"_monsterinsights_sitenote_active":false,"_monsterinsights_sitenote_note":"","_monsterinsights_sitenote_category":0},"product_brand":[],"product_cat":[12274,12284],"product_tag":[],"class_list":{"0":"post-773271","1":"product","2":"type-product","3":"status-publish","5":"product_cat-cocuk-ve-genclik-kitaplari","6":"product_cat-hikayeler","7":"pa_cilt-ciltsiz","8":"pa_tur-kitap","9":"pa_yayinevi-everest-yayinlari","10":"pa_yazar-atilla-senkon","12":"first","13":"instock","14":"sale","15":"shipping-taxable","16":"purchasable","17":"product-type-simple"},"_links":{"self":[{"href":"https:\/\/roveyayinevi.com.tr\/index.php\/wp-json\/wp\/v2\/product\/773271","targetHints":{"allow":["GET"]}}],"collection":[{"href":"https:\/\/roveyayinevi.com.tr\/index.php\/wp-json\/wp\/v2\/product"}],"about":[{"href":"https:\/\/roveyayinevi.com.tr\/index.php\/wp-json\/wp\/v2\/types\/product"}],"wp:attachment":[{"href":"https:\/\/roveyayinevi.com.tr\/index.php\/wp-json\/wp\/v2\/media?parent=773271"}],"wp:term":[{"taxonomy":"product_brand","embeddable":true,"href":"https:\/\/roveyayinevi.com.tr\/index.php\/wp-json\/wp\/v2\/product_brand?post=773271"},{"taxonomy":"product_cat","embeddable":true,"href":"https:\/\/roveyayinevi.com.tr\/index.php\/wp-json\/wp\/v2\/product_cat?post=773271"},{"taxonomy":"product_tag","embeddable":true,"href":"https:\/\/roveyayinevi.com.tr\/index.php\/wp-json\/wp\/v2\/product_tag?post=773271"}],"curies":[{"name":"wp","href":"https:\/\/api.w.org\/{rel}","templated":true}]}}