{"id":773270,"date":"2025-08-28T16:10:20","date_gmt":"2025-08-28T13:10:20","guid":{"rendered":"https:\/\/roveyayinevi.com.tr\/index.php\/urun\/kichijojinin-kadin-kitapcilari\/"},"modified":"2026-04-15T03:39:27","modified_gmt":"2026-04-15T00:39:27","slug":"kichijojinin-kadin-kitapcilari","status":"publish","type":"product","link":"https:\/\/roveyayinevi.com.tr\/index.php\/urun\/kichijojinin-kadin-kitapcilari\/","title":{"rendered":"Kichijoji&#8217;nin Kad\u0131n Kitap\u00e7\u0131lar\u0131"},"content":{"rendered":"<p>SH\u0130ZUOKA K\u0130TABEV\u0130 B\u00dcY\u00dcK \u00d6D\u00dcL\u00dc SAH\u0130B\u0130 600.000\u2019DEN FAZLA SATAN, YED\u0130 K\u0130TAPLIK SER\u0130N\u0130N \u0130LK K\u0130TABI. TELEV\u0130ZYONA UYARLANAN JAPONYA\u2019NIN \u00c7OK SATAN ROMANI&#8230;   B\u0130RB\u0130RLER\u0130NE TAMAMEN ZIT \u0130K\u0130 KADIN, SEVD\u0130KLER\u0130 K\u0130TAP\u00c7IYI KURTARMAK \u0130\u00c7\u0130N ANLA\u015eMAYI BA\u015eARAB\u0130LECEKLER M\u0130?   Riko Nishioka, k\u0131rk ya\u015f\u0131nda nihayet sevdi\u011fi kitap\u00e7\u0131da tam zamanl\u0131 i\u015fe ba\u015flam\u0131\u015ft\u0131r. Aki Kobata ise gen\u00e7, ayr\u0131cal\u0131kl\u0131 ve kurallara meydan okuyan biridir. Ayn\u0131 raflar aras\u0131nda yollar\u0131 kesi\u015fti\u011finde \u00e7at\u0131\u015fma ka\u00e7\u0131n\u0131lmaz olur. Ancak kitap\u00e7\u0131n\u0131n kapanaca\u011f\u0131 haberiyle her \u015fey de\u011fi\u015fir. \u015eimdi sevdikleri bu k\u00fc\u00e7\u00fck d\u00fcnyay\u0131 kurtarmak i\u00e7in birlikte sava\u015fmalar\u0131 gerekmektedir.Ve belki de en b\u00fcy\u00fck mucize, birbirlerini yeniden ke\u015ffetmeleridir. <\/p>\n","protected":false},"excerpt":{"rendered":"<p>SH\u0130ZUOKA K\u0130TABEV\u0130 B\u00dcY\u00dcK \u00d6D\u00dcL\u00dc SAH\u0130B\u0130 600.000\u2019DEN FAZLA SATAN, YED\u0130 K\u0130TAPLIK SER\u0130N\u0130N \u0130LK K\u0130TABI. TELEV\u0130ZYONA UYARLANAN JAPONYA\u2019NIN \u00c7OK SATAN ROMANI&#8230; B\u0130RB\u0130RLER\u0130NE TAMAMEN ZIT \u0130K\u0130 KADIN, SEVD\u0130KLER\u0130 K\u0130TAP\u00c7IYI<span class=\"excerpt-hellip\"> [\u2026]<\/span><\/p>\n","protected":false},"featured_media":0,"template":"","meta":{"_monsterinsights_skip_tracking":false,"_monsterinsights_sitenote_active":false,"_monsterinsights_sitenote_note":"","_monsterinsights_sitenote_category":0},"product_brand":[],"product_cat":[12291,12711],"product_tag":[],"class_list":{"0":"post-773270","1":"product","2":"type-product","3":"status-publish","5":"product_cat-edebiyat","6":"product_cat-roman-oyku","7":"pa_cilt-ciltsiz","8":"pa_tur-kitap","9":"pa_yayinevi-athica-yayinlari","10":"pa_yazar-kei-aono","12":"first","13":"instock","14":"sale","15":"shipping-taxable","16":"purchasable","17":"product-type-simple"},"_links":{"self":[{"href":"https:\/\/roveyayinevi.com.tr\/index.php\/wp-json\/wp\/v2\/product\/773270","targetHints":{"allow":["GET"]}}],"collection":[{"href":"https:\/\/roveyayinevi.com.tr\/index.php\/wp-json\/wp\/v2\/product"}],"about":[{"href":"https:\/\/roveyayinevi.com.tr\/index.php\/wp-json\/wp\/v2\/types\/product"}],"wp:attachment":[{"href":"https:\/\/roveyayinevi.com.tr\/index.php\/wp-json\/wp\/v2\/media?parent=773270"}],"wp:term":[{"taxonomy":"product_brand","embeddable":true,"href":"https:\/\/roveyayinevi.com.tr\/index.php\/wp-json\/wp\/v2\/product_brand?post=773270"},{"taxonomy":"product_cat","embeddable":true,"href":"https:\/\/roveyayinevi.com.tr\/index.php\/wp-json\/wp\/v2\/product_cat?post=773270"},{"taxonomy":"product_tag","embeddable":true,"href":"https:\/\/roveyayinevi.com.tr\/index.php\/wp-json\/wp\/v2\/product_tag?post=773270"}],"curies":[{"name":"wp","href":"https:\/\/api.w.org\/{rel}","templated":true}]}}