{"id":773268,"date":"2025-08-28T16:10:16","date_gmt":"2025-08-28T13:10:16","guid":{"rendered":"https:\/\/roveyayinevi.com.tr\/index.php\/urun\/gachiakuta-2\/"},"modified":"2026-04-15T03:39:27","modified_gmt":"2026-04-15T00:39:27","slug":"gachiakuta-2","status":"publish","type":"product","link":"https:\/\/roveyayinevi.com.tr\/index.php\/urun\/gachiakuta-2\/","title":{"rendered":"Gachiakuta 2"},"content":{"rendered":"<p>\u201cKEND\u0130S\u0130N\u0130 B\u00dcY\u00dcTEN ADAM\u201dIN C\u0130NAYET\u0130 \u00dcZER\u0130NE KALAN MASUM RUDO, ALT D\u00dcNYA\u2019YA ATILIR. BU U\u00c7SUZ BUCAKSIZ D\u00dcNYAYA \u00d6ZG\u00dc \u00c7\u00d6PTEN DO\u011eAN \u201cBENEKL\u0130 CANAVARLAR\u201d, E\u015eYALARI \u201cJ\u0130NK\u0130\u201dYE D\u00d6N\u00dc\u015eT\u00dcR\u00dcP KULLANAB\u0130LEN \u201cVER\u0130C\u0130LER\u201d G\u0130B\u0130 B\u0130R\u00c7OK \u015eEY \u00d6\u011eREN\u0130R. BURADA KAR\u015eILA\u015eTI\u011eI CANAVARLARI YOK ETMEK \u0130\u00c7\u0130N M\u00dcCADELE EDEN \u201cTEM\u0130ZL\u0130K\u00c7\u0130\u201d \u00dcYES\u0130 ENJ\u0130N TARAFINDAN \u00d6RG\u00dcTLER\u0130NE DAVET ED\u0130L\u0130R. RUDO, G\u00d6K D\u00dcNYA\u2019YA NASIL D\u00d6NEB\u0130LECE\u011e\u0130YLE \u0130LG\u0130L\u0130 B\u0130LG\u0130 TOPLAMAK \u0130\u00c7\u0130N TEM\u0130ZL\u0130K\u00c7\u0130LER\u2019\u0130N PATRONUYLA TANI\u015eMAYA KARAR VER\u0130R. <\/p>\n","protected":false},"excerpt":{"rendered":"<p>\u201cKEND\u0130S\u0130N\u0130 B\u00dcY\u00dcTEN ADAM\u201dIN C\u0130NAYET\u0130 \u00dcZER\u0130NE KALAN MASUM RUDO, ALT D\u00dcNYA\u2019YA ATILIR. BU U\u00c7SUZ BUCAKSIZ D\u00dcNYAYA \u00d6ZG\u00dc \u00c7\u00d6PTEN DO\u011eAN \u201cBENEKL\u0130 CANAVARLAR\u201d, E\u015eYALARI \u201cJ\u0130NK\u0130\u201dYE D\u00d6N\u00dc\u015eT\u00dcR\u00dcP KULLANAB\u0130LEN \u201cVER\u0130C\u0130LER\u201d G\u0130B\u0130<span class=\"excerpt-hellip\"> [\u2026]<\/span><\/p>\n","protected":false},"featured_media":0,"template":"","meta":{"_monsterinsights_skip_tracking":false,"_monsterinsights_sitenote_active":false,"_monsterinsights_sitenote_note":"","_monsterinsights_sitenote_category":0},"product_brand":[],"product_cat":[12416,12291],"product_tag":[],"class_list":{"0":"post-773268","1":"product","2":"type-product","3":"status-publish","5":"product_cat-cizgi-roman","6":"product_cat-edebiyat","7":"pa_cilt-ciltsiz","8":"pa_tur-kitap","9":"pa_yayinevi-athica-yayinlari","10":"pa_yazar-kei-urana","12":"first","13":"instock","14":"sale","15":"shipping-taxable","16":"purchasable","17":"product-type-simple"},"_links":{"self":[{"href":"https:\/\/roveyayinevi.com.tr\/index.php\/wp-json\/wp\/v2\/product\/773268","targetHints":{"allow":["GET"]}}],"collection":[{"href":"https:\/\/roveyayinevi.com.tr\/index.php\/wp-json\/wp\/v2\/product"}],"about":[{"href":"https:\/\/roveyayinevi.com.tr\/index.php\/wp-json\/wp\/v2\/types\/product"}],"wp:attachment":[{"href":"https:\/\/roveyayinevi.com.tr\/index.php\/wp-json\/wp\/v2\/media?parent=773268"}],"wp:term":[{"taxonomy":"product_brand","embeddable":true,"href":"https:\/\/roveyayinevi.com.tr\/index.php\/wp-json\/wp\/v2\/product_brand?post=773268"},{"taxonomy":"product_cat","embeddable":true,"href":"https:\/\/roveyayinevi.com.tr\/index.php\/wp-json\/wp\/v2\/product_cat?post=773268"},{"taxonomy":"product_tag","embeddable":true,"href":"https:\/\/roveyayinevi.com.tr\/index.php\/wp-json\/wp\/v2\/product_tag?post=773268"}],"curies":[{"name":"wp","href":"https:\/\/api.w.org\/{rel}","templated":true}]}}