{"id":773267,"date":"2025-08-28T16:10:13","date_gmt":"2025-08-28T13:10:13","guid":{"rendered":"https:\/\/roveyayinevi.com.tr\/index.php\/urun\/ikon\/"},"modified":"2025-11-12T11:54:13","modified_gmt":"2025-11-12T08:54:13","slug":"ikon","status":"publish","type":"product","link":"https:\/\/roveyayinevi.com.tr\/index.php\/urun\/ikon\/","title":{"rendered":"\u0130kon"},"content":{"rendered":"<p>Gelece\u011fin Rusya\u2019s\u0131 \u015fekilleniyor. Ve i\u00e7inde kimse g\u00fcvende de\u011fil.   1999 yaz\u0131. Rusya a\u00e7l\u0131kla bo\u011fu\u015fuyor, sokaklarda sefalet kol geziyor. \u00dclke \u00e7\u00f6k\u00fc\u015fe s\u00fcr\u00fcklenirken, karga\u015fan\u0131n i\u00e7inden bir adam y\u00fckseliyor: \u0130gor Komarov. Halk ona \u201ckurtar\u0131c\u0131\u201d diyor.   Ama halktan \u00f6zenle saklanan bir s\u0131r var.   Bir temizlik\u00e7i, Leonid Zaitsev, tesad\u00fcfen eline ge\u00e7en gizli bir dosyayla bu \u201ckurtar\u0131c\u0131\u201dn\u0131n ger\u00e7ekte kim oldu\u011funu \u00f6\u011freniyor. Dosyada yazanlar ak\u0131l almaz: Muhaliflerin yok edilece\u011fi, az\u0131nl\u0131klar\u0131n silinece\u011fi, \u00fclkeyi kas\u0131p kavuracak bir tiranl\u0131k plan\u0131&#8230;   Komarov\u2019u durdurabilecek tek ki\u015fi ise ge\u00e7mi\u015fin hayaletlerini h\u00e2l\u00e2 omuzlar\u0131nda ta\u015f\u0131yan eski CIA ajan\u0131 Jason Monk. Bu karanl\u0131k s\u0131r, do\u011fru ellere ula\u015fmal\u0131. Ancak Kremlin, mafya ve uluslararas\u0131 \u00e7\u0131kar a\u011flar\u0131, ger\u00e7e\u011fin ortaya \u00e7\u0131kmas\u0131na asla izin vermeyecek.   Casusluk, entrika ve politik oyunlarla \u00f6r\u00fcl\u00fc bu hik\u00e2yede, Frederick Forsyth sizi insanl\u0131k tarihinin en tehlikeli d\u00f6neme\u00e7lerinden birine g\u00f6t\u00fcr\u00fcyor. Ve en \u00e7etrefilli soruyu yan\u0131tlamay\u0131 sizlere b\u0131rak\u0131yor: Bir tiran, tahta oturmadan \u00f6nce durdurulabilir mi?<\/p>\n","protected":false},"excerpt":{"rendered":"<p>Gelece\u011fin Rusya\u2019s\u0131 \u015fekilleniyor. Ve i\u00e7inde kimse g\u00fcvende de\u011fil. 1999 yaz\u0131. Rusya a\u00e7l\u0131kla bo\u011fu\u015fuyor, sokaklarda sefalet kol geziyor. \u00dclke \u00e7\u00f6k\u00fc\u015fe s\u00fcr\u00fcklenirken, karga\u015fan\u0131n i\u00e7inden bir adam y\u00fckseliyor: \u0130gor<span class=\"excerpt-hellip\"> [\u2026]<\/span><\/p>\n","protected":false},"featured_media":0,"template":"","meta":{"_monsterinsights_skip_tracking":false,"_monsterinsights_sitenote_active":false,"_monsterinsights_sitenote_note":"","_monsterinsights_sitenote_category":0},"product_brand":[],"product_cat":[12291,12711],"product_tag":[],"class_list":{"0":"post-773267","1":"product","2":"type-product","3":"status-publish","5":"product_cat-edebiyat","6":"product_cat-roman-oyku","7":"pa_cilt-ciltsiz","8":"pa_tur-kitap","9":"pa_yayinevi-beyaz-baykus-yayinlari","10":"pa_yazar-frederick-forsyth","12":"first","13":"instock","14":"sale","15":"shipping-taxable","16":"purchasable","17":"product-type-simple"},"_links":{"self":[{"href":"https:\/\/roveyayinevi.com.tr\/index.php\/wp-json\/wp\/v2\/product\/773267","targetHints":{"allow":["GET"]}}],"collection":[{"href":"https:\/\/roveyayinevi.com.tr\/index.php\/wp-json\/wp\/v2\/product"}],"about":[{"href":"https:\/\/roveyayinevi.com.tr\/index.php\/wp-json\/wp\/v2\/types\/product"}],"wp:attachment":[{"href":"https:\/\/roveyayinevi.com.tr\/index.php\/wp-json\/wp\/v2\/media?parent=773267"}],"wp:term":[{"taxonomy":"product_brand","embeddable":true,"href":"https:\/\/roveyayinevi.com.tr\/index.php\/wp-json\/wp\/v2\/product_brand?post=773267"},{"taxonomy":"product_cat","embeddable":true,"href":"https:\/\/roveyayinevi.com.tr\/index.php\/wp-json\/wp\/v2\/product_cat?post=773267"},{"taxonomy":"product_tag","embeddable":true,"href":"https:\/\/roveyayinevi.com.tr\/index.php\/wp-json\/wp\/v2\/product_tag?post=773267"}],"curies":[{"name":"wp","href":"https:\/\/api.w.org\/{rel}","templated":true}]}}