{"id":773266,"date":"2025-08-28T16:10:12","date_gmt":"2025-08-28T13:10:12","guid":{"rendered":"https:\/\/roveyayinevi.com.tr\/index.php\/urun\/yaklasan-tehdit\/"},"modified":"2026-04-15T03:39:27","modified_gmt":"2026-04-15T00:39:27","slug":"yaklasan-tehdit","status":"publish","type":"product","link":"https:\/\/roveyayinevi.com.tr\/index.php\/urun\/yaklasan-tehdit\/","title":{"rendered":"Yakla\u015fan Tehdit"},"content":{"rendered":"<p>VE PENTAGON\u2019UN G\u0130ZL\u0130 UFO DOSYASI A\u00c7ILDI! Pentagon\u2019un UFO\u2019lara, yeni ad\u0131yla Tan\u0131mlanamayan Anormal Fenomenler\u2019e (UAP) y\u00f6nelik soru\u015fturma program\u0131n\u0131n eski ba\u015fkan\u0131, yaln\u0131zca ulusal g\u00fcvenli\u011fe de\u011fil, ayn\u0131 zamanda evreni anlama bi\u00e7imimize de derin etkileri olan, uzun s\u00fcredir saklanan s\u0131rlar\u0131 if\u015fa ediyor.   Luis Elizondo, eski bir k\u0131demli istihbarat yetkilisi ve \u00f6zel ajan. ABD h\u00fck\u00fcmeti taraf\u0131ndan UAP\u2019leri ara\u015ft\u0131rmakla g\u00f6revlendirilmi\u015f, gizli ve son derece hassas bir program\u0131n tam kalbinde yer alm\u0131\u015ft\u0131. Ancak Amerika\u2019n\u0131n en karanl\u0131k ve derin programlar\u0131nda edindi\u011fi onlarca y\u0131ll\u0131k deneyim bile onu \u00f6\u011frendiklerine haz\u0131rlayamazd\u0131: H\u00fck\u00fcmetin UAP\u2019lere y\u00f6nelik s\u00fcregelen karanl\u0131k ilgisi ve bu ger\u00e7e\u011fi halktan gizlemek ad\u0131na ne kadar ileri gidebildi\u011fi.   Elizondo ve ekibi, insanl\u0131k tarihinin belki de en b\u00fcy\u00fck gizemi ve \u00f6rtbas\u0131 ile y\u00fczle\u015fti. Hava, su ve uzayda fizik kurallar\u0131n\u0131 hi\u00e7e sayan tan\u0131mlanamayan ara\u00e7lar, en az II. D\u00fcnya Sava\u015f\u0131\u2019ndan bu yana faaliyetlerine devam ediyor. Ordu, CIA ve hatta eski ba\u015fkanlar dahi, insanl\u0131\u011f\u0131n evrendeki tek zeki ya\u015fam formu olmad\u0131\u011f\u0131n\u0131 uzun s\u00fcredir biliyor.   Bu UAP\u2019leri y\u00f6neten insan d\u0131\u015f\u0131 bir zek\u00e2, d\u00fcnyan\u0131n en hassas askeri \u00fcslerinde aktif g\u00f6zetim yapmakta, devam eden askeri ve n\u00fckleer operasyonlara do\u011frudan m\u00fcdahale etmektedir. \u00dcstelik bu kar\u015f\u0131la\u015fmalar yaln\u0131zca Amerika\u2019yla s\u0131n\u0131rl\u0131 de\u011fil: Tehdit k\u00fcresel. Dahas\u0131, UAP\u2019lerle temasa ge\u00e7en Amerikan askerleri ve istihbarat g\u00f6revlilerinin ciddi sa\u011fl\u0131k sorunlar\u0131 ya\u015fad\u0131\u011f\u0131 da biliniyor.   Tehlikenin boyutu, \u015fimdiye dek e\u015fi benzeri g\u00f6r\u00fclmemi\u015f d\u00fczeyde.   Yakla\u015fan Tehdit, Pentagon\u2019un en s\u0131k\u0131 korunan s\u0131rr\u0131na i\u00e7eriden, birinci elden tan\u0131kl\u0131k sunan \u00e7arp\u0131c\u0131 bir if\u015fa. Ayn\u0131 zamanda, insanl\u0131\u011f\u0131n en b\u00fcy\u00fck varolu\u015fsal sorular\u0131yla y\u00fczle\u015fmesi i\u00e7in yaz\u0131lm\u0131\u015f bir uyar\u0131, bir uyan\u0131\u015f \u00e7a\u011fr\u0131s\u0131d\u0131r. <\/p>\n","protected":false},"excerpt":{"rendered":"<p>VE PENTAGON\u2019UN G\u0130ZL\u0130 UFO DOSYASI A\u00c7ILDI! Pentagon\u2019un UFO\u2019lara, yeni ad\u0131yla Tan\u0131mlanamayan Anormal Fenomenler\u2019e (UAP) y\u00f6nelik soru\u015fturma program\u0131n\u0131n eski ba\u015fkan\u0131, yaln\u0131zca ulusal g\u00fcvenli\u011fe de\u011fil, ayn\u0131 zamanda evreni<span class=\"excerpt-hellip\"> [\u2026]<\/span><\/p>\n","protected":false},"featured_media":0,"template":"","meta":{"_monsterinsights_skip_tracking":false,"_monsterinsights_sitenote_active":false,"_monsterinsights_sitenote_note":"","_monsterinsights_sitenote_category":0},"product_brand":[],"product_cat":[12364],"product_tag":[],"class_list":{"0":"post-773266","1":"product","2":"type-product","3":"status-publish","5":"product_cat-genel-konular","6":"pa_cilt-ciltsiz","7":"pa_tur-kitap","8":"pa_yayinevi-destek-yayinlari","9":"pa_yazar-luis-elizondo","11":"first","12":"instock","13":"sale","14":"shipping-taxable","15":"purchasable","16":"product-type-simple"},"_links":{"self":[{"href":"https:\/\/roveyayinevi.com.tr\/index.php\/wp-json\/wp\/v2\/product\/773266","targetHints":{"allow":["GET"]}}],"collection":[{"href":"https:\/\/roveyayinevi.com.tr\/index.php\/wp-json\/wp\/v2\/product"}],"about":[{"href":"https:\/\/roveyayinevi.com.tr\/index.php\/wp-json\/wp\/v2\/types\/product"}],"wp:attachment":[{"href":"https:\/\/roveyayinevi.com.tr\/index.php\/wp-json\/wp\/v2\/media?parent=773266"}],"wp:term":[{"taxonomy":"product_brand","embeddable":true,"href":"https:\/\/roveyayinevi.com.tr\/index.php\/wp-json\/wp\/v2\/product_brand?post=773266"},{"taxonomy":"product_cat","embeddable":true,"href":"https:\/\/roveyayinevi.com.tr\/index.php\/wp-json\/wp\/v2\/product_cat?post=773266"},{"taxonomy":"product_tag","embeddable":true,"href":"https:\/\/roveyayinevi.com.tr\/index.php\/wp-json\/wp\/v2\/product_tag?post=773266"}],"curies":[{"name":"wp","href":"https:\/\/api.w.org\/{rel}","templated":true}]}}