{"id":773265,"date":"2025-08-28T16:10:10","date_gmt":"2025-08-28T13:10:10","guid":{"rendered":"https:\/\/roveyayinevi.com.tr\/index.php\/urun\/hikarunun-veda-ettigi-yaz-1\/"},"modified":"2026-04-15T03:39:27","modified_gmt":"2026-04-15T00:39:27","slug":"hikarunun-veda-ettigi-yaz-1","status":"publish","type":"product","link":"https:\/\/roveyayinevi.com.tr\/index.php\/urun\/hikarunun-veda-ettigi-yaz-1\/","title":{"rendered":"Hikaru\u2019nun Veda Etti\u011fi Yaz 1"},"content":{"rendered":"<p>K\u00fc\u00e7\u00fck bir k\u00f6yde ya\u015fayan Yoshiki ve Hikaru birlikte b\u00fcy\u00fcm\u00fc\u015f, ya\u015f\u0131t iki arkada\u015ft\u0131r&#8230; Ancak bir g\u00fcn, Yoshiki i\u00e7ini kemiren korkun\u00e7 bir ger\u00e7e\u011fi fark eder. Hikaru sand\u0131\u011f\u0131 ki\u015fi, asl\u0131nda bamba\u015fka bir \u201c\u015feye\u201d d\u00f6n\u00fc\u015fm\u00fc\u015ft\u00fcr. Yine de Hikaru ile birlikte olmak isteyen Yoshiki, arkada\u015f\u0131n\u0131n suretine b\u00fcr\u00fcnen \u201c\u015fey\u201d ile her zamanki gibi g\u00fcnlerini ge\u00e7irmeye devam eder. Ancak k\u00f6yde a\u00e7\u0131klanamayan garip olaylar meydana gelmeye ba\u015flar. Ayr\u0131ca kitab\u0131n sonunda, iki dostun ge\u00e7mi\u015fteki halini anlatan k\u0131sa bir hik\u00e2ye de yer al\u0131yor! <\/p>\n","protected":false},"excerpt":{"rendered":"<p>K\u00fc\u00e7\u00fck bir k\u00f6yde ya\u015fayan Yoshiki ve Hikaru birlikte b\u00fcy\u00fcm\u00fc\u015f, ya\u015f\u0131t iki arkada\u015ft\u0131r&#8230; Ancak bir g\u00fcn, Yoshiki i\u00e7ini kemiren korkun\u00e7 bir ger\u00e7e\u011fi fark eder. Hikaru sand\u0131\u011f\u0131 ki\u015fi,<span class=\"excerpt-hellip\"> [\u2026]<\/span><\/p>\n","protected":false},"featured_media":0,"template":"","meta":{"_monsterinsights_skip_tracking":false,"_monsterinsights_sitenote_active":false,"_monsterinsights_sitenote_note":"","_monsterinsights_sitenote_category":0},"product_brand":[],"product_cat":[12416,12291],"product_tag":[],"class_list":{"0":"post-773265","1":"product","2":"type-product","3":"status-publish","5":"product_cat-cizgi-roman","6":"product_cat-edebiyat","7":"pa_cilt-ciltsiz","8":"pa_tur-kitap","9":"pa_yayinevi-athica-yayinlari","10":"pa_yazar-mokumokuren","12":"first","13":"instock","14":"sale","15":"shipping-taxable","16":"purchasable","17":"product-type-simple"},"_links":{"self":[{"href":"https:\/\/roveyayinevi.com.tr\/index.php\/wp-json\/wp\/v2\/product\/773265","targetHints":{"allow":["GET"]}}],"collection":[{"href":"https:\/\/roveyayinevi.com.tr\/index.php\/wp-json\/wp\/v2\/product"}],"about":[{"href":"https:\/\/roveyayinevi.com.tr\/index.php\/wp-json\/wp\/v2\/types\/product"}],"wp:attachment":[{"href":"https:\/\/roveyayinevi.com.tr\/index.php\/wp-json\/wp\/v2\/media?parent=773265"}],"wp:term":[{"taxonomy":"product_brand","embeddable":true,"href":"https:\/\/roveyayinevi.com.tr\/index.php\/wp-json\/wp\/v2\/product_brand?post=773265"},{"taxonomy":"product_cat","embeddable":true,"href":"https:\/\/roveyayinevi.com.tr\/index.php\/wp-json\/wp\/v2\/product_cat?post=773265"},{"taxonomy":"product_tag","embeddable":true,"href":"https:\/\/roveyayinevi.com.tr\/index.php\/wp-json\/wp\/v2\/product_tag?post=773265"}],"curies":[{"name":"wp","href":"https:\/\/api.w.org\/{rel}","templated":true}]}}