{"id":773264,"date":"2025-08-28T16:10:09","date_gmt":"2025-08-28T13:10:09","guid":{"rendered":"https:\/\/roveyayinevi.com.tr\/index.php\/urun\/hapsedilen-cumhuriyet\/"},"modified":"2026-04-15T03:39:27","modified_gmt":"2026-04-15T00:39:27","slug":"hapsedilen-cumhuriyet","status":"publish","type":"product","link":"https:\/\/roveyayinevi.com.tr\/index.php\/urun\/hapsedilen-cumhuriyet\/","title":{"rendered":"Hapsedilen Cumhuriyet"},"content":{"rendered":"<p>Ergenekon kumpas\u0131; bilime, bilgiye ayd\u0131nlanmaya kar\u015f\u0131 ac\u0131mas\u0131zca yap\u0131lan \u00e7ok b\u00fcy\u00fck bir darbedir. \u00c7a\u011fda\u015f Cumhuriyet hedeflenmi\u015ftir. Cumhuriyet yaralar alm\u0131\u015ft\u0131r ama her \u015feye kar\u015f\u0131n ayaktad\u0131r. Bu y\u0131k\u0131m s\u00fcrecini atlatmam\u0131za ya\u015famsal katk\u0131 veren bilim insanlar\u0131na yap\u0131lanlar\u0131 ve ya\u015fat\u0131lanlar\u0131, hukuksuzluklar\u0131, su\u00e7suz insanlara uygun g\u00f6r\u00fclen tutum ve davran\u0131\u015flar\u0131, sorgulama y\u00f6ntemlerini birinci elden sunmak istedim. Elinizdeki kitap, eski Y\u00d6K Ba\u015fkan\u0131 ve hapsedilen rekt\u00f6r arkada\u015flar\u0131m\u0131n de\u011ferli katk\u0131lar\u0131 ile haz\u0131rland\u0131. Son iki y\u0131ld\u0131r art\u0131k yaln\u0131zca bilim insanlar\u0131, yazarlar, \u00fcst d\u00fczey b\u00fcrokratlar de\u011fil siyasi iktidar\u0131 ve uygulamalar\u0131 ele\u015ftiren herkes hedefte. Belediye Ba\u015fkanlar\u0131, Sivil Toplum \u00d6rg\u00fct\u00fc Ba\u015fkanlar\u0131, k\u00f6\u015feyazarlar\u0131, gazeteciler, medya mensuplar\u0131 sabah erken saatlerde ev bask\u0131nlar\u0131 ile g\u00f6zalt\u0131na al\u0131nmaktad\u0131r. \u0130leri ya\u015flarda, birka\u00e7 hastal\u0131\u011f\u0131 olan insanlar g\u00f6zalt\u0131 s\u00fcrecinin son dakikalar\u0131na kadar tutulmakta. T\u00fcm bu olumsuzluklara, \u00e7\u00fcr\u00fcmeye, sald\u0131r\u0131ya, hukuksuzlu\u011fa kar\u015f\u0131n temel kurumlar ayakta. Ne kadar sa\u011flam Cumhuriyetmi\u015f ki t\u00fcm bunlara kar\u015f\u0131n yine de onurlu dimdik duruyor. Kim ne yaparsa yaps\u0131n, Cumhuriyetimiz y\u00fcz y\u0131ll\u0131k \u00e7\u0131nar olarak kurulu\u015f ilke ve felsefesiyle ya\u015fam\u0131n\u0131 s\u00fcrd\u00fcrecektir. Bu kitap gelece\u011fe yaz\u0131lm\u0131\u015f bir mektuptur. Adresine ula\u015faca\u011f\u0131ndan hi\u00e7 ku\u015fkum yoktur. Prof. Dr. Osman \u0130nci <\/p>\n","protected":false},"excerpt":{"rendered":"<p>Ergenekon kumpas\u0131; bilime, bilgiye ayd\u0131nlanmaya kar\u015f\u0131 ac\u0131mas\u0131zca yap\u0131lan \u00e7ok b\u00fcy\u00fck bir darbedir. \u00c7a\u011fda\u015f Cumhuriyet hedeflenmi\u015ftir. Cumhuriyet yaralar alm\u0131\u015ft\u0131r ama her \u015feye kar\u015f\u0131n ayaktad\u0131r. Bu y\u0131k\u0131m s\u00fcrecini<span class=\"excerpt-hellip\"> [\u2026]<\/span><\/p>\n","protected":false},"featured_media":0,"template":"","meta":{"_monsterinsights_skip_tracking":false,"_monsterinsights_sitenote_active":false,"_monsterinsights_sitenote_note":"","_monsterinsights_sitenote_category":0},"product_brand":[],"product_cat":[12337,14543],"product_tag":[],"class_list":{"0":"post-773264","1":"product","2":"type-product","3":"status-publish","5":"product_cat-politika-siyaset","6":"product_cat-turkiye-siyaseti-ve-politikasi","7":"pa_cilt-ciltsiz","8":"pa_tur-kitap","9":"pa_yayinevi-cumhuriyet-kitaplari","10":"pa_yazar-osman-inci","12":"first","13":"instock","14":"sale","15":"shipping-taxable","16":"purchasable","17":"product-type-simple"},"_links":{"self":[{"href":"https:\/\/roveyayinevi.com.tr\/index.php\/wp-json\/wp\/v2\/product\/773264","targetHints":{"allow":["GET"]}}],"collection":[{"href":"https:\/\/roveyayinevi.com.tr\/index.php\/wp-json\/wp\/v2\/product"}],"about":[{"href":"https:\/\/roveyayinevi.com.tr\/index.php\/wp-json\/wp\/v2\/types\/product"}],"wp:attachment":[{"href":"https:\/\/roveyayinevi.com.tr\/index.php\/wp-json\/wp\/v2\/media?parent=773264"}],"wp:term":[{"taxonomy":"product_brand","embeddable":true,"href":"https:\/\/roveyayinevi.com.tr\/index.php\/wp-json\/wp\/v2\/product_brand?post=773264"},{"taxonomy":"product_cat","embeddable":true,"href":"https:\/\/roveyayinevi.com.tr\/index.php\/wp-json\/wp\/v2\/product_cat?post=773264"},{"taxonomy":"product_tag","embeddable":true,"href":"https:\/\/roveyayinevi.com.tr\/index.php\/wp-json\/wp\/v2\/product_tag?post=773264"}],"curies":[{"name":"wp","href":"https:\/\/api.w.org\/{rel}","templated":true}]}}