{"id":773263,"date":"2025-08-28T16:10:06","date_gmt":"2025-08-28T13:10:06","guid":{"rendered":"https:\/\/roveyayinevi.com.tr\/index.php\/urun\/kayabasi-uygarliginin-yukselisi-ve-birdenbire-cokusu\/"},"modified":"2026-04-15T03:39:27","modified_gmt":"2026-04-15T00:39:27","slug":"kayabasi-uygarliginin-yukselisi-ve-birdenbire-cokusu","status":"publish","type":"product","link":"https:\/\/roveyayinevi.com.tr\/index.php\/urun\/kayabasi-uygarliginin-yukselisi-ve-birdenbire-cokusu\/","title":{"rendered":"Kayaba\u015f\u0131 Uygarl\u0131\u011f\u0131n\u0131n Y\u00fckseli\u015fi ve Birdenbire \u00c7\u00f6k\u00fc\u015f\u00fc"},"content":{"rendered":"<p>Karar \u00e7abuk \u00e7\u0131kt\u0131, \u00e7abuk uyguland\u0131: \u00dclkelerinde ne kadar yabanc\u0131 i\u015f\u00e7i varsa \u201ckesin d\u00f6n\u00fc\u015f\u201d yapacaklard\u0131. Alamanya d\u00fc\u015f\u00fc, Fransa d\u00fc\u015f\u00fc, Hollanda, Bel\u00e7ika d\u00fc\u015f\u00fc art\u0131k sona ermi\u015fti. Evli evine, k\u00f6yl\u00fc k\u00f6y\u00fcne d\u00f6necekti. Bir ayl\u0131k bir s\u00fcre, sonra tamam! Her kim ki bu s\u00fcrenin sonunda bu \u00fclkelerin s\u0131n\u0131rlar\u0131 i\u00e7inde g\u00f6r\u00fcl\u00fcr, vay onun h\u00e2line!   Bir ak\u0131ll\u0131l\u0131k da d\u00fc\u015f\u00fcnm\u00fc\u015flerdi: \u201cKesin d\u00f6n\u00fc\u015f\u201d yapanlara diledikleri \u015feyi g\u00f6t\u00fcrmeye izin vard\u0131, hele ara\u00e7 gere\u00e7 konusunda y\u00fczde seksen indirim bile yap\u0131l\u0131yordu.   Bertolt Brecht\u2019in Mahagonny \u015eehrinin Y\u00fckseli\u015fi ve D\u00fc\u015f\u00fc\u015f\u00fc adl\u0131 eserindeki gibi, hayali bir \u015fehrin y\u00fckseli\u015f ve d\u00fc\u015f\u00fc\u015f hik\u00e2yesi i\u00e7inde, bir toplumun, bir d\u00f6nemin d\u00f6n\u00fc\u015f\u00fcm\u00fc&#8230;   Tar\u0131k Dursun\u2019un 1980\u2019de ilk bask\u0131s\u0131 yap\u0131lan bu roman\u0131, hem \u00fctopik hem de distopik. \u00c7\u00fcnk\u00fc roman, 1985\u2019te, Avrupa Ekonomik Toplulu\u011fu\u2019nca, topluluk \u00fclkelerinde \u00e7al\u0131\u015fan-ya\u015fayan yabanc\u0131 i\u015f\u00e7ilerin zorla geri g\u00f6nderilerek Kayaba\u015f\u0131 denilen hayali buca\u011fa d\u00f6nd\u00fckten sonra ya\u015fad\u0131klar\u0131n\u0131 anlat\u0131yor. Daha sonra Avrupa Birli\u011fi ad\u0131n\u0131 alacak AET hi\u00e7bir zaman b\u00f6yle bir karar vermedi, yani roman bir t\u00fcr d\u00fc\u015fsel anlat\u0131. \u00dcstelik Tar\u0131k Dursun, ne Alman olabilmi\u015f ne Kayaba\u015f\u0131l\u0131 kalabilmi\u015f, iki arada bir derede insanlar\u0131n ba\u015f\u0131ndan ge\u00e7enleri mizahi bir perspektiften anlatmay\u0131 tercih ediyor. <\/p>\n","protected":false},"excerpt":{"rendered":"<p>Karar \u00e7abuk \u00e7\u0131kt\u0131, \u00e7abuk uyguland\u0131: \u00dclkelerinde ne kadar yabanc\u0131 i\u015f\u00e7i varsa \u201ckesin d\u00f6n\u00fc\u015f\u201d yapacaklard\u0131. Alamanya d\u00fc\u015f\u00fc, Fransa d\u00fc\u015f\u00fc, Hollanda, Bel\u00e7ika d\u00fc\u015f\u00fc art\u0131k sona ermi\u015fti. Evli evine,<span class=\"excerpt-hellip\"> [\u2026]<\/span><\/p>\n","protected":false},"featured_media":0,"template":"","meta":{"_monsterinsights_skip_tracking":false,"_monsterinsights_sitenote_active":false,"_monsterinsights_sitenote_note":"","_monsterinsights_sitenote_category":0},"product_brand":[],"product_cat":[12291,12711],"product_tag":[],"class_list":{"0":"post-773263","1":"product","2":"type-product","3":"status-publish","5":"product_cat-edebiyat","6":"product_cat-roman-oyku","7":"pa_cilt-ciltsiz","8":"pa_tur-kitap","9":"pa_yayinevi-ithaki-yayinlari","10":"pa_yazar-tarik-dursun-k","12":"first","13":"instock","14":"sale","15":"shipping-taxable","16":"purchasable","17":"product-type-simple"},"_links":{"self":[{"href":"https:\/\/roveyayinevi.com.tr\/index.php\/wp-json\/wp\/v2\/product\/773263","targetHints":{"allow":["GET"]}}],"collection":[{"href":"https:\/\/roveyayinevi.com.tr\/index.php\/wp-json\/wp\/v2\/product"}],"about":[{"href":"https:\/\/roveyayinevi.com.tr\/index.php\/wp-json\/wp\/v2\/types\/product"}],"wp:attachment":[{"href":"https:\/\/roveyayinevi.com.tr\/index.php\/wp-json\/wp\/v2\/media?parent=773263"}],"wp:term":[{"taxonomy":"product_brand","embeddable":true,"href":"https:\/\/roveyayinevi.com.tr\/index.php\/wp-json\/wp\/v2\/product_brand?post=773263"},{"taxonomy":"product_cat","embeddable":true,"href":"https:\/\/roveyayinevi.com.tr\/index.php\/wp-json\/wp\/v2\/product_cat?post=773263"},{"taxonomy":"product_tag","embeddable":true,"href":"https:\/\/roveyayinevi.com.tr\/index.php\/wp-json\/wp\/v2\/product_tag?post=773263"}],"curies":[{"name":"wp","href":"https:\/\/api.w.org\/{rel}","templated":true}]}}