{"id":773261,"date":"2025-08-28T16:10:02","date_gmt":"2025-08-28T13:10:02","guid":{"rendered":"https:\/\/roveyayinevi.com.tr\/index.php\/urun\/makioka-kizlari\/"},"modified":"2026-04-15T03:39:27","modified_gmt":"2026-04-15T00:39:27","slug":"makioka-kizlari","status":"publish","type":"product","link":"https:\/\/roveyayinevi.com.tr\/index.php\/urun\/makioka-kizlari\/","title":{"rendered":"Makioka K\u0131zlar\u0131"},"content":{"rendered":"<p>\u201cBu sonbaharda gu\u0308zelli\u011fin fanili\u011fi beni \u00e7ok cezbetmeye ba\u015flad\u0131. \u015eimdiye kadar hep ilkbahar\u0131 sevmeme ra\u011fmen sonbahar\u0131n bu hu\u0308znu\u0308nde de bir asalet oldu\u011funu bu sene ilk defa hissetmi\u015f olmam ya\u015f\u0131mdan m\u0131 ileri geliyor acaba?\u201d   20. yu\u0308zy\u0131l Japon edebiyat\u0131n\u0131n devlerinden, bu\u0308yu\u0308k eserlerin yarat\u0131c\u0131s\u0131 Cuni\u00e7iro Tanizaki, kariyeri boyunca u\u0308lkesinde d\u00f6nemin en bu\u0308yu\u0308k yazar\u0131 olarak kabul g\u00f6rdu\u0308, daha sonra ise Haruki Murakami, Yasunari Kavabata ve Yukio Mi\u015fima\u2019yla birlikte sava\u015f sonras\u0131 Japon edebiyat\u0131n\u0131n \u201cbu\u0308yu\u0308k d\u00f6rtlu\u0308\u201dsu\u0308nden biri olarak an\u0131ld\u0131. Asahi \u00d6du\u0308lu\u0308 alan ba\u015fyap\u0131t\u0131 Makioka K\u0131zlar\u0131 ise sava\u015f \u00f6ncesi Japonya\u2019n\u0131n \u00e7alkant\u0131l\u0131 atmosferinde, gelenekle modernite aras\u0131nda s\u0131k\u0131\u015fm\u0131\u015f bir ailenin hik\u00e2yesini anlat\u0131yor.   Osaka\u2019n\u0131n k\u00f6klu\u0308 Makioka ailesinin d\u00f6rt k\u0131z karde\u015fi, ge\u00e7mi\u015fin ihti\u015fam\u0131n\u0131 korumaya \u00e7al\u0131\u015f\u0131rken, de\u011fi\u015fimlerle de yu\u0308zle\u015fmek zorundad\u0131r. Tanizaki zarafetle dokudu\u011fu bu romanda kad\u0131nlar\u0131n sessiz gu\u0308cu\u0308nu\u0308, karde\u015flik ba\u011flar\u0131n\u0131n karma\u015fas\u0131n\u0131 ve gelene\u011fin yava\u015f yava\u015f \u00e7\u00f6zu\u0308lu\u0308\u015fu\u0308nu\u0308 benzersiz bir duyarl\u0131l\u0131kla i\u015fler. \u00c7a\u011fda\u015f klasiklerden biri h\u00e2line gelen bu kitap, bir yandan Japon ruhunu ve insan do\u011fas\u0131n\u0131 derinlemesine kavrayan evrensel bir a\u011f\u0131t, bir yandan da zaman\u0131n durdurulamaz sessizli\u011fine yaz\u0131lm\u0131\u015f g\u00f6rkemli bir roman. <\/p>\n","protected":false},"excerpt":{"rendered":"<p>\u201cBu sonbaharda gu\u0308zelli\u011fin fanili\u011fi beni \u00e7ok cezbetmeye ba\u015flad\u0131. \u015eimdiye kadar hep ilkbahar\u0131 sevmeme ra\u011fmen sonbahar\u0131n bu hu\u0308znu\u0308nde de bir asalet oldu\u011funu bu sene ilk defa hissetmi\u015f<span class=\"excerpt-hellip\"> [\u2026]<\/span><\/p>\n","protected":false},"featured_media":0,"template":"","meta":{"_monsterinsights_skip_tracking":false,"_monsterinsights_sitenote_active":false,"_monsterinsights_sitenote_note":"","_monsterinsights_sitenote_category":0},"product_brand":[],"product_cat":[12291,12711],"product_tag":[],"class_list":{"0":"post-773261","1":"product","2":"type-product","3":"status-publish","5":"product_cat-edebiyat","6":"product_cat-roman-oyku","7":"pa_cilt-ciltsiz","8":"pa_tur-kitap","9":"pa_yayinevi-ithaki-yayinlari","10":"pa_yazar-cuniciro-tanizaki","12":"first","13":"instock","14":"sale","15":"shipping-taxable","16":"purchasable","17":"product-type-simple"},"_links":{"self":[{"href":"https:\/\/roveyayinevi.com.tr\/index.php\/wp-json\/wp\/v2\/product\/773261","targetHints":{"allow":["GET"]}}],"collection":[{"href":"https:\/\/roveyayinevi.com.tr\/index.php\/wp-json\/wp\/v2\/product"}],"about":[{"href":"https:\/\/roveyayinevi.com.tr\/index.php\/wp-json\/wp\/v2\/types\/product"}],"wp:attachment":[{"href":"https:\/\/roveyayinevi.com.tr\/index.php\/wp-json\/wp\/v2\/media?parent=773261"}],"wp:term":[{"taxonomy":"product_brand","embeddable":true,"href":"https:\/\/roveyayinevi.com.tr\/index.php\/wp-json\/wp\/v2\/product_brand?post=773261"},{"taxonomy":"product_cat","embeddable":true,"href":"https:\/\/roveyayinevi.com.tr\/index.php\/wp-json\/wp\/v2\/product_cat?post=773261"},{"taxonomy":"product_tag","embeddable":true,"href":"https:\/\/roveyayinevi.com.tr\/index.php\/wp-json\/wp\/v2\/product_tag?post=773261"}],"curies":[{"name":"wp","href":"https:\/\/api.w.org\/{rel}","templated":true}]}}