{"id":773260,"date":"2025-08-28T16:10:00","date_gmt":"2025-08-28T13:10:00","guid":{"rendered":"https:\/\/roveyayinevi.com.tr\/index.php\/urun\/yuksek-satodaki-adam\/"},"modified":"2026-04-15T03:39:26","modified_gmt":"2026-04-15T00:39:26","slug":"yuksek-satodaki-adam","status":"publish","type":"product","link":"https:\/\/roveyayinevi.com.tr\/index.php\/urun\/yuksek-satodaki-adam\/","title":{"rendered":"Y\u00fcksek \u015eatodaki Adam"},"content":{"rendered":"<p>\u201cY\u00fcksek \u015eatodaki Adam, bilimkurgunun Amerikan edebiyat\u0131na b\u0131rakt\u0131\u011f\u0131 ilk b\u00fcy\u00fck ve kal\u0131c\u0131 iz.\u201d \u2014Ursula K. Le Guin   \u201cPhilip K. Dick e\u015fittir Kafka art\u0131 Amerikan r\u00fcyas\u0131n\u0131n \u00f6l\u00fcm\u00fc. O kesinlikle 20. y\u00fczy\u0131l\u0131n en b\u00fcy\u00fck yazarlar\u0131ndan biri.\u201d \u2014Roberto Bola\u00f1o   HUGO EN \u0130Y\u0130 ROMAN \u00d6D\u00dcL\u00dc   \u201cPS\u0130KOT\u0130K B\u0130R DU\u0308NYADA YA\u015eIYORUZ. DEL\u0130LER GU\u0308\u00c7 SAH\u0130B\u0130. BUNUN NE ZAMANDIR FARKINDAYIZ? BUNUNLA NE ZAMANDIR YU\u0308ZLE\u015e\u0130YORUZ?\u201d   Philip K. Dick, ger\u00e7eklik, kimlik ve otorite \u00fczerine derin felsefi sorularla bilimkurguyu d\u00f6n\u00fc\u015ft\u00fcren, bir\u00e7ok filme, diziye ve oyuna esin kayna\u011f\u0131 olan, t\u00fcr\u00fcn en b\u00fcy\u00fck yazarlar\u0131ndan. \u00c7a\u011f\u0131n\u0131n \u00f6tesinde bir \u00f6ng\u00f6r\u00fcyle kaleme ald\u0131\u011f\u0131 Y\u00fcksek \u015eatodaki Adam ise okuru bildi\u011fimiz d\u00fcnyaya \u00fcrk\u00fct\u00fcc\u00fc derecede yak\u0131n alternatif bir ger\u00e7ekli\u011fe s\u00fcr\u00fckleyen, bilimkurgunun mihenk ta\u015flar\u0131ndan biri.   Y\u0131l 1947. Nazi Almanyas\u0131 ve Japon \u0130mparatorlu\u011fu, \u0130kinci D\u00fcnya Sava\u015f\u0131\u2019n\u0131 kazand\u0131. Amerika Birle\u015fik Devletleri b\u00f6l\u00fcnd\u00fc ve Bat\u0131 Yakas\u0131 Japonya\u2019n\u0131n, Do\u011fu Yakas\u0131 ise Nazi Almanyas\u0131\u2019n\u0131n kontrol\u00fcne girdi. Orta k\u0131s\u0131m ise \u00e7at\u0131\u015fmalarla dolu tarafs\u0131z bir b\u00f6lgeydi.   Y\u0131l 1962. Yeni d\u00fcnya d\u00fczeninde, ger\u00e7eklik bile sabit de\u011fildi. \u0130nsanlar bir \u015feylerin \u201cyanl\u0131\u015f\u201d oldu\u011funu hissediyorlard\u0131. \u00c7ekirge A\u011f\u0131r Gelecek Kendine adl\u0131 yasaklanm\u0131\u015f bir kitap sava\u015f\u0131n asl\u0131nda M\u00fcttefikler taraf\u0131ndan kazan\u0131ld\u0131\u011f\u0131n\u0131 iddia ediyordu. Ve s\u00f6ylentiye g\u00f6re, bu kitab\u0131n ard\u0131nda \u201cy\u00fcksek \u015fatoda\u201d ya\u015fayan biri vard\u0131.   Y\u00fcksek \u015eatodaki Adam, kurgunun ger\u00e7ek, ger\u00e7e\u011fin ise kurgu oldu\u011funu hissettiren sars\u0131c\u0131 bir anlat\u0131. Philip K. Dick\u2019in s\u0131rad\u0131\u015f\u0131 zihninden \u00e7\u0131kan bu roman, tarihsel olas\u0131l\u0131klar\u0131, ideolojik k\u00e2buslar\u0131 ve insan olman\u0131n do\u011fas\u0131n\u0131 alt\u00fcst eden bir ba\u015fyap\u0131t.   Y\u00fcksek \u015eatodaki Adam, bildi\u011fimiz tarihin bozulmu\u015f bir kopyas\u0131.   <\/p>\n","protected":false},"excerpt":{"rendered":"<p>\u201cY\u00fcksek \u015eatodaki Adam, bilimkurgunun Amerikan edebiyat\u0131na b\u0131rakt\u0131\u011f\u0131 ilk b\u00fcy\u00fck ve kal\u0131c\u0131 iz.\u201d \u2014Ursula K. Le Guin \u201cPhilip K. Dick e\u015fittir Kafka art\u0131 Amerikan r\u00fcyas\u0131n\u0131n \u00f6l\u00fcm\u00fc. O<span class=\"excerpt-hellip\"> [\u2026]<\/span><\/p>\n","protected":false},"featured_media":0,"template":"","meta":{"_monsterinsights_skip_tracking":false,"_monsterinsights_sitenote_active":false,"_monsterinsights_sitenote_note":"","_monsterinsights_sitenote_category":0},"product_brand":[],"product_cat":[12540,12291],"product_tag":[],"class_list":{"0":"post-773260","1":"product","2":"type-product","3":"status-publish","5":"product_cat-bilim-kurgu","6":"product_cat-edebiyat","7":"pa_cilt-ciltsiz","8":"pa_tur-kitap","9":"pa_yayinevi-ithaki-yayinlari","10":"pa_yazar-philip-k-dick","12":"first","13":"instock","14":"sale","15":"shipping-taxable","16":"purchasable","17":"product-type-simple"},"_links":{"self":[{"href":"https:\/\/roveyayinevi.com.tr\/index.php\/wp-json\/wp\/v2\/product\/773260","targetHints":{"allow":["GET"]}}],"collection":[{"href":"https:\/\/roveyayinevi.com.tr\/index.php\/wp-json\/wp\/v2\/product"}],"about":[{"href":"https:\/\/roveyayinevi.com.tr\/index.php\/wp-json\/wp\/v2\/types\/product"}],"wp:attachment":[{"href":"https:\/\/roveyayinevi.com.tr\/index.php\/wp-json\/wp\/v2\/media?parent=773260"}],"wp:term":[{"taxonomy":"product_brand","embeddable":true,"href":"https:\/\/roveyayinevi.com.tr\/index.php\/wp-json\/wp\/v2\/product_brand?post=773260"},{"taxonomy":"product_cat","embeddable":true,"href":"https:\/\/roveyayinevi.com.tr\/index.php\/wp-json\/wp\/v2\/product_cat?post=773260"},{"taxonomy":"product_tag","embeddable":true,"href":"https:\/\/roveyayinevi.com.tr\/index.php\/wp-json\/wp\/v2\/product_tag?post=773260"}],"curies":[{"name":"wp","href":"https:\/\/api.w.org\/{rel}","templated":true}]}}