{"id":773259,"date":"2025-08-28T16:09:58","date_gmt":"2025-08-28T13:09:58","guid":{"rendered":"https:\/\/roveyayinevi.com.tr\/index.php\/urun\/oyun-baslasin-1\/"},"modified":"2026-04-15T03:39:26","modified_gmt":"2026-04-15T00:39:26","slug":"oyun-baslasin-1","status":"publish","type":"product","link":"https:\/\/roveyayinevi.com.tr\/index.php\/urun\/oyun-baslasin-1\/","title":{"rendered":"Oyun Ba\u015flas\u0131n 1"},"content":{"rendered":"<p>Gen\u00e7, bek\u00e2r ve inan\u0131lmaz video oyunlar\u0131 yaratma hayalini ger\u00e7ekle\u015ftirmeye \u00e7ok yakla\u015fan bir kad\u0131n. Ama sonra hayat ona art arda iki darbe indiriyor: Pop\u00fcler bir yay\u0131nc\u0131, \u00e7\u0131kard\u0131\u011f\u0131 ilk oyunu yerden yere vuruyor. Dahas\u0131, o ba\u015f belas\u0131 ele\u015ftirmenin art\u0131k yeni kom\u015fusu oldu\u011funu \u00f6\u011freniyor! Oyunlar ve sosyal kayg\u0131yla ilgili komik, seksi ve fazlas\u0131yla ger\u00e7ek bir hik\u00e2ye. Hik\u00e2yeye kapt\u0131rm\u0131\u015fken, k\u00f6p\u00fc\u015fe de bay\u0131lacaks\u0131n! <\/p>\n","protected":false},"excerpt":{"rendered":"<p>Gen\u00e7, bek\u00e2r ve inan\u0131lmaz video oyunlar\u0131 yaratma hayalini ger\u00e7ekle\u015ftirmeye \u00e7ok yakla\u015fan bir kad\u0131n. Ama sonra hayat ona art arda iki darbe indiriyor: Pop\u00fcler bir yay\u0131nc\u0131, \u00e7\u0131kard\u0131\u011f\u0131<span class=\"excerpt-hellip\"> [\u2026]<\/span><\/p>\n","protected":false},"featured_media":0,"template":"","meta":{"_monsterinsights_skip_tracking":false,"_monsterinsights_sitenote_active":false,"_monsterinsights_sitenote_note":"","_monsterinsights_sitenote_category":0},"product_brand":[],"product_cat":[12416,12291],"product_tag":[],"class_list":{"0":"post-773259","1":"product","2":"type-product","3":"status-publish","5":"product_cat-cizgi-roman","6":"product_cat-edebiyat","7":"pa_cilt-ciltsiz","8":"pa_tur-kitap","9":"pa_yayinevi-artemis-yayinlari","10":"pa_yazar-leeanne-m-krecic","12":"first","13":"instock","14":"sale","15":"shipping-taxable","16":"purchasable","17":"product-type-simple"},"_links":{"self":[{"href":"https:\/\/roveyayinevi.com.tr\/index.php\/wp-json\/wp\/v2\/product\/773259","targetHints":{"allow":["GET"]}}],"collection":[{"href":"https:\/\/roveyayinevi.com.tr\/index.php\/wp-json\/wp\/v2\/product"}],"about":[{"href":"https:\/\/roveyayinevi.com.tr\/index.php\/wp-json\/wp\/v2\/types\/product"}],"wp:attachment":[{"href":"https:\/\/roveyayinevi.com.tr\/index.php\/wp-json\/wp\/v2\/media?parent=773259"}],"wp:term":[{"taxonomy":"product_brand","embeddable":true,"href":"https:\/\/roveyayinevi.com.tr\/index.php\/wp-json\/wp\/v2\/product_brand?post=773259"},{"taxonomy":"product_cat","embeddable":true,"href":"https:\/\/roveyayinevi.com.tr\/index.php\/wp-json\/wp\/v2\/product_cat?post=773259"},{"taxonomy":"product_tag","embeddable":true,"href":"https:\/\/roveyayinevi.com.tr\/index.php\/wp-json\/wp\/v2\/product_tag?post=773259"}],"curies":[{"name":"wp","href":"https:\/\/api.w.org\/{rel}","templated":true}]}}