{"id":773258,"date":"2025-08-28T16:09:56","date_gmt":"2025-08-28T13:09:56","guid":{"rendered":"https:\/\/roveyayinevi.com.tr\/index.php\/urun\/merdivenli-sokak\/"},"modified":"2026-04-15T03:39:26","modified_gmt":"2026-04-15T00:39:26","slug":"merdivenli-sokak","status":"publish","type":"product","link":"https:\/\/roveyayinevi.com.tr\/index.php\/urun\/merdivenli-sokak\/","title":{"rendered":"Merdivenli Sokak"},"content":{"rendered":"<p>\u201c07.00 Ertele? Kapat? Ertele!\u201d   Merdivenli Sokak, gazete ve dergilerdeki yaz\u0131lar\u0131yla tan\u0131d\u0131\u011f\u0131m\u0131z H\u00fclya \u00c7elik\u2019in ilk \u00f6yk\u00fc kitab\u0131. Ayn\u0131 zamanda \u00f6\u011fretmen olan yazar, mesle\u011finin getirdi\u011fi g\u00f6zlemleri y\u0131llarca dam\u0131t\u0131p bu dokunakl\u0131 se\u00e7kiyi ortaya koymu\u015f. Kendisi k\u00fc\u00e7\u00fck, etkisi b\u00fcy\u00fck on \u00fc\u00e7 \u00f6yk\u00fc.   G\u00fcc\u00fcn\u00fc sat\u0131r aralar\u0131ndaki \u00e7ocuk suskunluklar\u0131ndan alan bu \u00f6yk\u00fcler, onlar\u0131n suspus olmu\u015f g\u00f6zlerinin ard\u0131ndaki d\u00fcnyalar\u0131 anlat\u0131yor. Es verilmi\u015f anlar\u0131n s\u00f6z\u00fc ne bir eksik ne bir fazla. H\u00fclya \u00c7elik, \u00f6yk\u00fcleriyle edebiyat\u0131m\u0131za; \u00e7ocuklara, \u00e7ocuklu\u011fa hatta belki kendi \u00e7ocuklu\u011fumuza bir \u0131\u015f\u0131k yakarak giriyor.   Biz kimsenin umurunda de\u011fildik. Biz \u00e7ocuktuk. Toplumsal yasalar gere\u011fi do\u011furulmas\u0131 ve b\u00fcy\u00fct\u00fclmesi gereken; bebekli\u011finde a\u011flam\u0131yorsa, \u00e7ocuklu\u011funda yaramazl\u0131k etmiyor ve yalan s\u00f6ylemiyorsa, gen\u00e7 k\u0131zl\u0131\u011f\u0131nda namusa laf getirmiyorsa ba\u015f tac\u0131 edilen; s\u00f6ze kar\u0131\u015fmas\u0131, hayata kar\u0131\u015fmas\u0131, kendini bulmas\u0131 hatta kendini aramas\u0131 bile yasak, ne kadar sessiz ve g\u00f6r\u00fcnmezse o kadar makbul olan varl\u0131klard\u0131k. Kanad\u0131na ta\u015f ba\u011flanm\u0131\u015f ku\u015ftuk\u2026 <\/p>\n","protected":false},"excerpt":{"rendered":"<p>\u201c07.00 Ertele? Kapat? Ertele!\u201d Merdivenli Sokak, gazete ve dergilerdeki yaz\u0131lar\u0131yla tan\u0131d\u0131\u011f\u0131m\u0131z H\u00fclya \u00c7elik\u2019in ilk \u00f6yk\u00fc kitab\u0131. Ayn\u0131 zamanda \u00f6\u011fretmen olan yazar, mesle\u011finin getirdi\u011fi g\u00f6zlemleri y\u0131llarca dam\u0131t\u0131p<span class=\"excerpt-hellip\"> [\u2026]<\/span><\/p>\n","protected":false},"featured_media":0,"template":"","meta":{"_monsterinsights_skip_tracking":false,"_monsterinsights_sitenote_active":false,"_monsterinsights_sitenote_note":"","_monsterinsights_sitenote_category":0},"product_brand":[],"product_cat":[12291,12711],"product_tag":[],"class_list":{"0":"post-773258","1":"product","2":"type-product","3":"status-publish","5":"product_cat-edebiyat","6":"product_cat-roman-oyku","7":"pa_cilt-ciltsiz","8":"pa_tur-kitap","9":"pa_yayinevi-everest-yayinlari","10":"pa_yazar-hulya-celik","12":"first","13":"instock","14":"sale","15":"shipping-taxable","16":"purchasable","17":"product-type-simple"},"_links":{"self":[{"href":"https:\/\/roveyayinevi.com.tr\/index.php\/wp-json\/wp\/v2\/product\/773258","targetHints":{"allow":["GET"]}}],"collection":[{"href":"https:\/\/roveyayinevi.com.tr\/index.php\/wp-json\/wp\/v2\/product"}],"about":[{"href":"https:\/\/roveyayinevi.com.tr\/index.php\/wp-json\/wp\/v2\/types\/product"}],"wp:attachment":[{"href":"https:\/\/roveyayinevi.com.tr\/index.php\/wp-json\/wp\/v2\/media?parent=773258"}],"wp:term":[{"taxonomy":"product_brand","embeddable":true,"href":"https:\/\/roveyayinevi.com.tr\/index.php\/wp-json\/wp\/v2\/product_brand?post=773258"},{"taxonomy":"product_cat","embeddable":true,"href":"https:\/\/roveyayinevi.com.tr\/index.php\/wp-json\/wp\/v2\/product_cat?post=773258"},{"taxonomy":"product_tag","embeddable":true,"href":"https:\/\/roveyayinevi.com.tr\/index.php\/wp-json\/wp\/v2\/product_tag?post=773258"}],"curies":[{"name":"wp","href":"https:\/\/api.w.org\/{rel}","templated":true}]}}