{"id":773256,"date":"2025-08-28T16:09:52","date_gmt":"2025-08-28T13:09:52","guid":{"rendered":"https:\/\/roveyayinevi.com.tr\/index.php\/urun\/kizilderili-yasam-felsefesi\/"},"modified":"2026-04-15T03:39:26","modified_gmt":"2026-04-15T00:39:26","slug":"kizilderili-yasam-felsefesi","status":"publish","type":"product","link":"https:\/\/roveyayinevi.com.tr\/index.php\/urun\/kizilderili-yasam-felsefesi\/","title":{"rendered":"K\u0131z\u0131lderili Ya\u015fam Felsefesi"},"content":{"rendered":"<p>\u201cNedir hayat? Geceleyin bir ate\u015f b\u00f6ce\u011finin sa\u00e7t\u0131\u011f\u0131 par\u0131lt\u0131d\u0131r. K\u0131\u015f\u0131n bir bufalonun verdi\u011fi nefestir. Otlar\u0131n aras\u0131nda ko\u015fan ve g\u00fcnbat\u0131m\u0131nda kaybolan g\u00f6lgecik gibidir.\u201d &#8211; \u015eef Karga Ayak   B\u00fct\u00fcn evrenle dostlu\u011fu \u00f6ng\u00f6ren bir kutsall\u0131k anlay\u0131\u015f\u0131na sahip nice kadim uygarl\u0131klar yer al\u0131r d\u00fcnya tarihinde. Bunlardan biri de Kuzey Amerika\u2019n\u0131n yerlileri olan K\u0131z\u0131lderililerdir. B\u00fcy\u00fck bir \u201ck\u00fclt\u00fcrel k\u00f6rl\u00fc\u011f\u00fcn\u201d etkisini ta\u015f\u0131yan Hollywood yap\u0131m\u0131 western filmlerinde ve klasik Amerikan edebiyat\u0131nda bizlere vah\u015fi, ilkel kabileler olarak tan\u0131t\u0131lan bu insanlar\u0131n geleneksel k\u00fclt\u00fcr\u00fc daha yak\u0131ndan ve tarafs\u0131z bir g\u00f6zle incelendi\u011finde modern k\u00fclt\u00fcre oranla epey farkl\u0131 ve derinlikli bir d\u00fc\u015f\u00fcnce d\u00fcnyas\u0131 ve ya\u015fam felsefesi g\u00f6ze \u00e7arp\u0131yor. Onlar\u0131n k\u00fclt\u00fcr\u00fc do\u011fan\u0131n verdi\u011fi dersler \u00fczerine in\u015fa edilmi\u015ftir. R\u00fczg\u00e2rlar, ya\u011fmur, kar, g\u00fcne\u015f \u0131\u015f\u0131\u011f\u0131, gece ile g\u00fcnd\u00fcz\u00fcn birbiri ard\u0131nca gelmesi ve mevsimlerin de\u011fi\u015fmesi sonsuz bir hayranl\u0131k uyand\u0131r\u0131r onlarda. Kendilerini \u00fczerinde ya\u015fad\u0131klar\u0131 topra\u011f\u0131n sahibi de\u011fil, onun bir par\u00e7as\u0131 olarak g\u00f6r\u00fcrler. Maddi ve manevi y\u00f6n\u00fcyle ya\u015fam\u0131n ve evrenin b\u00fct\u00fcnselli\u011fini savunan, e\u015fitlik\u00e7i ve insanc\u0131l bir tutuma sahip Amerikan Yerlileri; bar\u0131\u015f\u0131, uyumu ve yery\u00fcz\u00fcn\u00fcn t\u00fcm canl\u0131lar\u0131yla denge i\u00e7erisinde ya\u015famay\u0131 gaye edinmi\u015flerdir. <\/p>\n","protected":false},"excerpt":{"rendered":"<p>\u201cNedir hayat? Geceleyin bir ate\u015f b\u00f6ce\u011finin sa\u00e7t\u0131\u011f\u0131 par\u0131lt\u0131d\u0131r. K\u0131\u015f\u0131n bir bufalonun verdi\u011fi nefestir. Otlar\u0131n aras\u0131nda ko\u015fan ve g\u00fcnbat\u0131m\u0131nda kaybolan g\u00f6lgecik gibidir.\u201d &#8211; \u015eef Karga Ayak B\u00fct\u00fcn<span class=\"excerpt-hellip\"> [\u2026]<\/span><\/p>\n","protected":false},"featured_media":0,"template":"","meta":{"_monsterinsights_skip_tracking":false,"_monsterinsights_sitenote_active":false,"_monsterinsights_sitenote_note":"","_monsterinsights_sitenote_category":0},"product_brand":[],"product_cat":[16038,12388],"product_tag":[],"class_list":{"0":"post-773256","1":"product","2":"type-product","3":"status-publish","5":"product_cat-arastirma-inceleme-referans-felsefe","6":"product_cat-felsefe","7":"pa_cilt-ciltsiz","8":"pa_tur-kitap","9":"pa_yayinevi-yitik-ulke-yayinlari","10":"pa_yazar-kolektif","12":"first","13":"instock","14":"sale","15":"shipping-taxable","16":"purchasable","17":"product-type-simple"},"_links":{"self":[{"href":"https:\/\/roveyayinevi.com.tr\/index.php\/wp-json\/wp\/v2\/product\/773256","targetHints":{"allow":["GET"]}}],"collection":[{"href":"https:\/\/roveyayinevi.com.tr\/index.php\/wp-json\/wp\/v2\/product"}],"about":[{"href":"https:\/\/roveyayinevi.com.tr\/index.php\/wp-json\/wp\/v2\/types\/product"}],"wp:attachment":[{"href":"https:\/\/roveyayinevi.com.tr\/index.php\/wp-json\/wp\/v2\/media?parent=773256"}],"wp:term":[{"taxonomy":"product_brand","embeddable":true,"href":"https:\/\/roveyayinevi.com.tr\/index.php\/wp-json\/wp\/v2\/product_brand?post=773256"},{"taxonomy":"product_cat","embeddable":true,"href":"https:\/\/roveyayinevi.com.tr\/index.php\/wp-json\/wp\/v2\/product_cat?post=773256"},{"taxonomy":"product_tag","embeddable":true,"href":"https:\/\/roveyayinevi.com.tr\/index.php\/wp-json\/wp\/v2\/product_tag?post=773256"}],"curies":[{"name":"wp","href":"https:\/\/api.w.org\/{rel}","templated":true}]}}