{"id":773254,"date":"2025-08-28T16:09:49","date_gmt":"2025-08-28T13:09:49","guid":{"rendered":"https:\/\/roveyayinevi.com.tr\/index.php\/urun\/dusunen-el-mimaride-varolussal-ve-bedenlesmis-bilgelik\/"},"modified":"2026-04-15T03:39:26","modified_gmt":"2026-04-15T00:39:26","slug":"dusunen-el-mimaride-varolussal-ve-bedenlesmis-bilgelik","status":"publish","type":"product","link":"https:\/\/roveyayinevi.com.tr\/index.php\/urun\/dusunen-el-mimaride-varolussal-ve-bedenlesmis-bilgelik\/","title":{"rendered":"D\u00fc\u015f\u00fcnen El: Mimaride Varolu\u015fsal ve Bedenle\u015fmi\u015f Bilgelik"},"content":{"rendered":"<p>Sanal ve g\u00f6rsel olana emsalsiz bir \u015fekilde vurgu yapan g\u00fcn\u00fcm\u00fcz\u00fcn k\u00fcresel a\u011f-tabanl\u0131 k\u00fclt\u00fcr\u00fcnde zihin ve beden birbirinden kopmu\u015f ve nihayetinde ba\u011flant\u0131s\u0131z hale gelmi\u015ftir. Fiziksel g\u00f6r\u00fcn\u00fc\u015f, cinsel \u00e7ekicilik ve sosyal kimlik nedeniyle idolle\u015ftirilse de bedenin fiziksel d\u00fcnyay\u0131 ve insanl\u0131k durumunu tam olarak anlamada oynad\u0131\u011f\u0131 rol ihmal edilmektedir. \u0130nsan bedeninin bilen bir varl\u0131k olarak potansiyeli \u2013t\u00fcm duyular\u0131m\u0131z ve bedensel i\u015flevlerimiz dilsiz bilgiyi birlikte \u00fcretmek ve s\u00fcrd\u00fcrmek \u00fczere yap\u0131land\u0131r\u0131lm\u0131\u015fken\u2013 fark edilememektedir. Sanatsal \u00e7al\u0131\u015fma ve zanaatk\u00e2rl\u0131k ancak zihin ve bedenin birli\u011fiyle tam anlam\u0131yla ger\u00e7ekle\u015ftirilebilir. Yazma ve d\u00fc\u015f\u00fcnme gibi, genellikle sadece d\u00fc\u015f\u00fcnsel nitelikte oldu\u011fu kabul edilen \u00e7abalar bile bu zihin ve el becerilerinin birle\u015fimine ba\u011fl\u0131d\u0131r.   Juhani Pallasmaa, D\u00fc\u015f\u00fcnen El\u2019de insan elinin mucizevi potansiyelini ortaya koyuyor. Sanat\u00e7\u0131 ya da mimar\u0131n elindeki kalemin nas\u0131l olup da tahayy\u00fcl eden zihin ile ortaya \u00e7\u0131kan imge aras\u0131ndaki k\u00f6pr\u00fc haline geldi\u011fini g\u00f6steriyor. Kitap, elin \u00e7oklu mahiyetini, biyolojik evrimini ve k\u00fclt\u00fcr\u00fcn \u015fekillenmesindeki rol\u00fcn\u00fc inceleyerek el-alet birli\u011finin ve g\u00f6z-el-zihin bile\u015fiminin el becerisi i\u00e7in \u00f6zsel oldu\u011funu ve nihayetinde bedenin ve duyular\u0131n haf\u0131za ve yarat\u0131c\u0131 \u00e7al\u0131\u015fmalarda \u00e7ok \u00f6nemli bir rol oynad\u0131\u011f\u0131n\u0131 vurguluyor. Pallasmaa, art\u0131k klasikle\u015fmi\u015f eseri Tenin G\u00f6zleri\u2019nde ba\u015flayan ke\u015fiflerini duygu ve hayalg\u00fcc\u00fcn\u00fcn, zek\u00e2 ve yap\u0131m\u0131n, teori ve hayat\u0131n kar\u015f\u0131l\u0131kl\u0131 etkile\u015fimlerini daha da derinlemesine ara\u015ft\u0131rarak s\u00fcrd\u00fcr\u00fcyor ve sanat\u0131n ve mimarinin g\u00f6revlerini sa\u011flam temellere dayanan insani hakikatler arac\u0131l\u0131\u011f\u0131yla bir kez daha yeniden tan\u0131ml\u0131yor. <\/p>\n","protected":false},"excerpt":{"rendered":"<p>Sanal ve g\u00f6rsel olana emsalsiz bir \u015fekilde vurgu yapan g\u00fcn\u00fcm\u00fcz\u00fcn k\u00fcresel a\u011f-tabanl\u0131 k\u00fclt\u00fcr\u00fcnde zihin ve beden birbirinden kopmu\u015f ve nihayetinde ba\u011flant\u0131s\u0131z hale gelmi\u015ftir. Fiziksel g\u00f6r\u00fcn\u00fc\u015f, cinsel<span class=\"excerpt-hellip\"> [\u2026]<\/span><\/p>\n","protected":false},"featured_media":0,"template":"","meta":{"_monsterinsights_skip_tracking":false,"_monsterinsights_sitenote_active":false,"_monsterinsights_sitenote_note":"","_monsterinsights_sitenote_category":0},"product_brand":[],"product_cat":[13512,12408],"product_tag":[],"class_list":{"0":"post-773254","1":"product","2":"type-product","3":"status-publish","5":"product_cat-mimarlik","6":"product_cat-sanat","7":"pa_cilt-ciltsiz","8":"pa_tur-kitap","9":"pa_yayinevi-inka-yayinlari","10":"pa_yazar-juhani-pallasmaa","12":"first","13":"instock","14":"sale","15":"shipping-taxable","16":"purchasable","17":"product-type-simple"},"_links":{"self":[{"href":"https:\/\/roveyayinevi.com.tr\/index.php\/wp-json\/wp\/v2\/product\/773254","targetHints":{"allow":["GET"]}}],"collection":[{"href":"https:\/\/roveyayinevi.com.tr\/index.php\/wp-json\/wp\/v2\/product"}],"about":[{"href":"https:\/\/roveyayinevi.com.tr\/index.php\/wp-json\/wp\/v2\/types\/product"}],"wp:attachment":[{"href":"https:\/\/roveyayinevi.com.tr\/index.php\/wp-json\/wp\/v2\/media?parent=773254"}],"wp:term":[{"taxonomy":"product_brand","embeddable":true,"href":"https:\/\/roveyayinevi.com.tr\/index.php\/wp-json\/wp\/v2\/product_brand?post=773254"},{"taxonomy":"product_cat","embeddable":true,"href":"https:\/\/roveyayinevi.com.tr\/index.php\/wp-json\/wp\/v2\/product_cat?post=773254"},{"taxonomy":"product_tag","embeddable":true,"href":"https:\/\/roveyayinevi.com.tr\/index.php\/wp-json\/wp\/v2\/product_tag?post=773254"}],"curies":[{"name":"wp","href":"https:\/\/api.w.org\/{rel}","templated":true}]}}