{"id":773253,"date":"2025-08-28T16:09:47","date_gmt":"2025-08-28T13:09:47","guid":{"rendered":"https:\/\/roveyayinevi.com.tr\/index.php\/urun\/gaspar-noe\/"},"modified":"2026-04-15T03:39:26","modified_gmt":"2026-04-15T00:39:26","slug":"gaspar-noe","status":"publish","type":"product","link":"https:\/\/roveyayinevi.com.tr\/index.php\/urun\/gaspar-noe\/","title":{"rendered":"Gaspar Noe"},"content":{"rendered":"<p>Bu s\u00f6yle\u015filer kitab\u0131, &#8220;D\u00f6n\u00fc\u015f Yok&#8221;, &#8220;Bo\u015fluk&#8221;, &#8220;Climax&#8221; ve &#8220;Vortex&#8221; gibi kendine \u00f6zg\u00fc filmleriyle beyazperdede cinsellik tabusunu sars\u0131p uyu\u015fturucu, \u015fiddet ve nihilizm gibi pek i\u015flenmemi\u015f konulara el atma cesaretine sahip y\u00f6netmen Gaspar Noe&#8217;nin sinemaya bak\u0131\u015f\u0131n\u0131 ve i\u00e7 d\u00fcnyas\u0131n\u0131 anlat\u0131yor.<\/p>\n","protected":false},"excerpt":{"rendered":"<p>Bu s\u00f6yle\u015filer kitab\u0131, &#8220;D\u00f6n\u00fc\u015f Yok&#8221;, &#8220;Bo\u015fluk&#8221;, &#8220;Climax&#8221; ve &#8220;Vortex&#8221; gibi kendine \u00f6zg\u00fc filmleriyle beyazperdede cinsellik tabusunu sars\u0131p uyu\u015fturucu, \u015fiddet ve nihilizm gibi pek i\u015flenmemi\u015f konulara el<span class=\"excerpt-hellip\"> [\u2026]<\/span><\/p>\n","protected":false},"featured_media":0,"template":"","meta":{"_monsterinsights_skip_tracking":false,"_monsterinsights_sitenote_active":false,"_monsterinsights_sitenote_note":"","_monsterinsights_sitenote_category":0},"product_brand":[],"product_cat":[12291,30969],"product_tag":[],"class_list":{"0":"post-773253","1":"product","2":"type-product","3":"status-publish","5":"product_cat-edebiyat","6":"product_cat-soylesi-edebiyat","7":"pa_cilt-ciltsiz","8":"pa_tur-kitap","9":"pa_yayinevi-agora-kitapligi","10":"pa_yazar-kolektif","12":"first","13":"instock","14":"sale","15":"shipping-taxable","16":"purchasable","17":"product-type-simple"},"_links":{"self":[{"href":"https:\/\/roveyayinevi.com.tr\/index.php\/wp-json\/wp\/v2\/product\/773253","targetHints":{"allow":["GET"]}}],"collection":[{"href":"https:\/\/roveyayinevi.com.tr\/index.php\/wp-json\/wp\/v2\/product"}],"about":[{"href":"https:\/\/roveyayinevi.com.tr\/index.php\/wp-json\/wp\/v2\/types\/product"}],"wp:attachment":[{"href":"https:\/\/roveyayinevi.com.tr\/index.php\/wp-json\/wp\/v2\/media?parent=773253"}],"wp:term":[{"taxonomy":"product_brand","embeddable":true,"href":"https:\/\/roveyayinevi.com.tr\/index.php\/wp-json\/wp\/v2\/product_brand?post=773253"},{"taxonomy":"product_cat","embeddable":true,"href":"https:\/\/roveyayinevi.com.tr\/index.php\/wp-json\/wp\/v2\/product_cat?post=773253"},{"taxonomy":"product_tag","embeddable":true,"href":"https:\/\/roveyayinevi.com.tr\/index.php\/wp-json\/wp\/v2\/product_tag?post=773253"}],"curies":[{"name":"wp","href":"https:\/\/api.w.org\/{rel}","templated":true}]}}