{"id":773249,"date":"2025-08-28T16:09:38","date_gmt":"2025-08-28T13:09:38","guid":{"rendered":"https:\/\/roveyayinevi.com.tr\/index.php\/urun\/den-hali\/"},"modified":"2026-02-03T03:40:05","modified_gmt":"2026-02-03T00:40:05","slug":"den-hali","status":"publish","type":"product","link":"https:\/\/roveyayinevi.com.tr\/index.php\/urun\/den-hali\/","title":{"rendered":"\u2019den hali"},"content":{"rendered":"<p>\u201cSolan yapraklar\u0131n d\u00fc\u015f\u00fc\u015f\u00fcndeki zarafeti ve bilgeli\u011fi seyredin. Bir olu\u015ftan bir ba\u015fka olu\u015fa ge\u00e7i\u015fin sadeli\u011fini ve huzurunu g\u00f6r\u00fcn&#8230; Be\u015f dakika sonra o ge\u00e7i\u015fi yapacak olsan\u0131z bile, hayatta olman\u0131n lezzetini h\u00e2l\u00e2 \u00e7\u0131karabilen varl\u0131\u011f\u0131n\u0131z\u0131 sevin. B\u00f6yle sevdi\u011finizde korkunun ve yoksunluk hissinin nas\u0131l da kayboldu\u011funu fark edin. Sahip olmay\u0131n&#8230; Olun! \u0130stemeyin&#8230; Sevin!\u201d \u2019den h\u00e2li, daha iyi olana kavu\u015fmam\u0131z i\u00e7in geride b\u0131rakmam\u0131z gerekenlere, \u00e7i\u00e7ek a\u00e7mak i\u00e7in yaprak d\u00f6ken dallara, bazen de co\u015fkuyla akmadan \u00f6nce s\u0131k\u0131p b\u00fcz\u00fc\u015fen volkanlara biraz yak\u0131ndan bak\u0131yor ve bize ne kadar benzer oldu\u011fumuzu hat\u0131rlat\u0131yor. Olu\u015f h\u00e2llerimizi anlamam\u0131z\u0131, onlar\u0131 sevmemizi, kendi h\u00e2limizin ba\u015fkalar\u0131na \u0131\u015f\u0131k olmas\u0131n\u0131 istiyor. \u2018\u2019Hik\u00e2yemiz, yer ile g\u00f6k aras\u0131nda anbean bi\u00e7im de\u011fi\u015ftiren bir h\u00e2lde k\u00e2\u011f\u0131da d\u00f6k\u00fcl\u00fcr. Bazen kendimizden umudu keser, her \u015feyi ba\u015ftan yazmak isteriz. Oysa hayat lekesiz sayfalara yaz\u0131lan bir destan de\u011fil, bir ke\u015fif yolculu\u011fudur.\u2019\u2019 Juno Y\u0131ld\u0131z G\u00f6zlemcisi bu yaz\u0131larda yine zaman\u0131n ruhunu koval\u0131yor ama mesaj\u0131 insan deneyimlerine dair g\u00f6zlemleri \u00fczerinden aktar\u0131yor. Hepimizin ge\u00e7ti\u011fi insanl\u0131k h\u00e2llerinden, yaralar\u0131m\u0131zdan ve \u015fifa bulmaktan, ba\u011f kurmaktan, sevdadan, anlam aray\u0131\u015f\u0131m\u0131zdan ve hayata \u015fahitlik etmekten bahsediyor. De\u011findi\u011fi meselelerin derinli\u011fi, bak\u0131\u015f\u0131n\u0131n sadeli\u011fi ve dilinin k\u0131vrakl\u0131\u011f\u0131yla dengeleniyor.<\/p>\n","protected":false},"excerpt":{"rendered":"<p>\u201cSolan yapraklar\u0131n d\u00fc\u015f\u00fc\u015f\u00fcndeki zarafeti ve bilgeli\u011fi seyredin. Bir olu\u015ftan bir ba\u015fka olu\u015fa ge\u00e7i\u015fin sadeli\u011fini ve huzurunu g\u00f6r\u00fcn&#8230; Be\u015f dakika sonra o ge\u00e7i\u015fi yapacak olsan\u0131z bile, hayatta<span class=\"excerpt-hellip\"> [\u2026]<\/span><\/p>\n","protected":false},"featured_media":0,"template":"","meta":{"_monsterinsights_skip_tracking":false,"_monsterinsights_sitenote_active":false,"_monsterinsights_sitenote_note":"","_monsterinsights_sitenote_category":0},"product_brand":[],"product_cat":[12364,12376],"product_tag":[],"class_list":{"0":"post-773249","1":"product","2":"type-product","3":"status-publish","5":"product_cat-genel-konular","6":"product_cat-kisisel-gelisim","7":"pa_cilt-ciltsiz","8":"pa_tur-kitap","9":"pa_yayinevi-literatur-yayinevi","10":"pa_yazar-juno-yildiz-gozlemcisi","12":"first","13":"instock","14":"sale","15":"shipping-taxable","16":"purchasable","17":"product-type-simple"},"_links":{"self":[{"href":"https:\/\/roveyayinevi.com.tr\/index.php\/wp-json\/wp\/v2\/product\/773249","targetHints":{"allow":["GET"]}}],"collection":[{"href":"https:\/\/roveyayinevi.com.tr\/index.php\/wp-json\/wp\/v2\/product"}],"about":[{"href":"https:\/\/roveyayinevi.com.tr\/index.php\/wp-json\/wp\/v2\/types\/product"}],"wp:attachment":[{"href":"https:\/\/roveyayinevi.com.tr\/index.php\/wp-json\/wp\/v2\/media?parent=773249"}],"wp:term":[{"taxonomy":"product_brand","embeddable":true,"href":"https:\/\/roveyayinevi.com.tr\/index.php\/wp-json\/wp\/v2\/product_brand?post=773249"},{"taxonomy":"product_cat","embeddable":true,"href":"https:\/\/roveyayinevi.com.tr\/index.php\/wp-json\/wp\/v2\/product_cat?post=773249"},{"taxonomy":"product_tag","embeddable":true,"href":"https:\/\/roveyayinevi.com.tr\/index.php\/wp-json\/wp\/v2\/product_tag?post=773249"}],"curies":[{"name":"wp","href":"https:\/\/api.w.org\/{rel}","templated":true}]}}