{"id":773248,"date":"2025-08-28T16:09:37","date_gmt":"2025-08-28T13:09:37","guid":{"rendered":"https:\/\/roveyayinevi.com.tr\/index.php\/urun\/hanasaki-sistemi\/"},"modified":"2026-04-07T03:33:22","modified_gmt":"2026-04-07T00:33:22","slug":"hanasaki-sistemi","status":"publish","type":"product","link":"https:\/\/roveyayinevi.com.tr\/index.php\/urun\/hanasaki-sistemi\/","title":{"rendered":"Hanasaki Sistemi"},"content":{"rendered":"<p>D\u00fcnyan\u0131n en uzun ve sa\u011fl\u0131kl\u0131 ya\u015fayan halk\u0131 olan Japonlar gibi, sabahlar\u0131 uyan\u0131r uyanmaz bizi mutlu eden \u015feyleri d\u00fc\u015f\u00fcnseydik hayat\u0131m\u0131z daha m\u0131 g\u00fczel olurdu? Kesinlikle evet! Japonlar, \u201ca\u00e7\u0131lan bir \u00e7i\u00e7ek gibi\u201d s\u00fcrekli iyili\u011fe y\u00fckselen bir de\u011fi\u015fimi kucakl\u0131yor: \u82b1 &gt; Hana &gt; \u00c7i\u00e7ek \/ \u54b2 &gt; Saki &gt; \u00c7i\u00e7ek a\u00e7mas\u0131. Bunun i\u00e7in de baz\u0131 kavramlar\u0131 hayatlar\u0131n\u0131n merkezine koyuyorlar: Kaizen (ya\u015fam evrimi) Danshari (minimalizm) Uchi naru heiwa (i\u00e7 huzur) Shizen (do\u011fa) Kenkou (sa\u011fl\u0131k) Kankei (ili\u015fkiler) Dougi (ilkeler) Ikigai (anlaml\u0131 bir hayat) Taido (tutum) Hanasaki Sistemi, hayat\u0131n\u0131zda yapmak istedi\u011finiz olumlu de\u011fi\u015fikliklerde size yol g\u00f6stermesi i\u00e7in Japonya\u2019n\u0131n kadim \u00f6\u011fretilerini anlat\u0131yor. Sistemin yarat\u0131c\u0131s\u0131 olan Marcos Cartagena\u2019n\u0131n ak\u0131c\u0131 anlat\u0131m\u0131yla t\u00fcm bu kavramlar\u0131 \u00f6nce kolayl\u0131kla benimseyecek, ard\u0131ndan kendi ya\u015fam tarz\u0131n\u0131zda rahatl\u0131kla uygulayacaks\u0131n\u0131z.<\/p>\n","protected":false},"excerpt":{"rendered":"<p>D\u00fcnyan\u0131n en uzun ve sa\u011fl\u0131kl\u0131 ya\u015fayan halk\u0131 olan Japonlar gibi, sabahlar\u0131 uyan\u0131r uyanmaz bizi mutlu eden \u015feyleri d\u00fc\u015f\u00fcnseydik hayat\u0131m\u0131z daha m\u0131 g\u00fczel olurdu? Kesinlikle evet! Japonlar,<span class=\"excerpt-hellip\"> [\u2026]<\/span><\/p>\n","protected":false},"featured_media":0,"template":"","meta":{"_monsterinsights_skip_tracking":false,"_monsterinsights_sitenote_active":false,"_monsterinsights_sitenote_note":"","_monsterinsights_sitenote_category":0},"product_brand":[],"product_cat":[12364,12376],"product_tag":[],"class_list":{"0":"post-773248","1":"product","2":"type-product","3":"status-publish","5":"product_cat-genel-konular","6":"product_cat-kisisel-gelisim","7":"pa_cilt-ciltsiz","8":"pa_tur-kitap","9":"pa_yayinevi-literatur-yayinevi","10":"pa_yazar-marcos-cartagena","12":"first","13":"instock","14":"sale","15":"shipping-taxable","16":"purchasable","17":"product-type-simple"},"_links":{"self":[{"href":"https:\/\/roveyayinevi.com.tr\/index.php\/wp-json\/wp\/v2\/product\/773248","targetHints":{"allow":["GET"]}}],"collection":[{"href":"https:\/\/roveyayinevi.com.tr\/index.php\/wp-json\/wp\/v2\/product"}],"about":[{"href":"https:\/\/roveyayinevi.com.tr\/index.php\/wp-json\/wp\/v2\/types\/product"}],"wp:attachment":[{"href":"https:\/\/roveyayinevi.com.tr\/index.php\/wp-json\/wp\/v2\/media?parent=773248"}],"wp:term":[{"taxonomy":"product_brand","embeddable":true,"href":"https:\/\/roveyayinevi.com.tr\/index.php\/wp-json\/wp\/v2\/product_brand?post=773248"},{"taxonomy":"product_cat","embeddable":true,"href":"https:\/\/roveyayinevi.com.tr\/index.php\/wp-json\/wp\/v2\/product_cat?post=773248"},{"taxonomy":"product_tag","embeddable":true,"href":"https:\/\/roveyayinevi.com.tr\/index.php\/wp-json\/wp\/v2\/product_tag?post=773248"}],"curies":[{"name":"wp","href":"https:\/\/api.w.org\/{rel}","templated":true}]}}