{"id":773247,"date":"2025-08-28T16:09:35","date_gmt":"2025-08-28T13:09:35","guid":{"rendered":"https:\/\/roveyayinevi.com.tr\/index.php\/urun\/masalin-bittigi-yer\/"},"modified":"2026-04-15T03:39:26","modified_gmt":"2026-04-15T00:39:26","slug":"masalin-bittigi-yer","status":"publish","type":"product","link":"https:\/\/roveyayinevi.com.tr\/index.php\/urun\/masalin-bittigi-yer\/","title":{"rendered":"Masal\u0131n Bitti\u011fi Yer"},"content":{"rendered":"<p>\u201cBu bir hukuk kitab\u0131 de\u011fil sadece. \u015eiddet d\u00f6ng\u00fcs\u00fcnden \u00e7\u0131kmak isteyen, ili\u015fkisini sorgulayan, \u00e7ocuklar\u0131yla yeni bir hayat kurmak zorunda kalan, ailesinin bask\u0131s\u0131yla m\u00fccadele eden kad\u0131nlar i\u00e7in bir rehber. Sat\u0131rlar\u0131nda sadece mevzuat de\u011fil deneyim, duygu ve diren\u00e7 var. Bu kitap, \u2018Ben mi abart\u0131yorum?\u2019 diyen kad\u0131n\u0131n elini tutmak, \u2018Acaba bo\u015fanmak do\u011fru karar m\u0131?\u2019 diye defalarca sormu\u015f olan kad\u0131n\u0131n yan\u0131nda y\u00fcr\u00fcmek i\u00e7in yaz\u0131ld\u0131. Feminist hareketin o \u00e7ok sevdi\u011fim slogan\u0131 bir kez daha v\u00fccut bulsun diye: \u2018Asla yaln\u0131z y\u00fcr\u00fcmeyeceksin!\u2019\u201d Avukat Asl\u0131 Karata\u015f, 2019 y\u0131l\u0131ndan bu yana sebuka (Sen Bu Kad\u0131nlar\u0131n Avukat\u0131 m\u0131s\u0131n?) platformunda kad\u0131nlar\u0131 dinliyor, g\u00fcnceli hukuk\u00e7u bir kad\u0131n\u0131n g\u00f6z\u00fcyle yorumluyor, dayan\u0131\u015fma a\u011f\u0131n\u0131 geni\u015fletmek i\u00e7in toplumsal cinsiyet e\u015fitli\u011fi temelli e\u011fitimler haz\u0131rl\u0131yor. Masal\u0131n Bitti\u011fi Yer, bilgi birikimini aktar\u0131rken saha deneyimini g\u00f6rmezden gelmeyen, bo\u015fanman\u0131n duygusal y\u00fck\u00fcn\u00fc hafifletmeye \u00e7abalayan, en \u00f6nemlisi de hepimizi dayan\u0131\u015fmaya te\u015fvik eden feminist bir bo\u015fanma rehberi.<\/p>\n","protected":false},"excerpt":{"rendered":"<p>\u201cBu bir hukuk kitab\u0131 de\u011fil sadece. \u015eiddet d\u00f6ng\u00fcs\u00fcnden \u00e7\u0131kmak isteyen, ili\u015fkisini sorgulayan, \u00e7ocuklar\u0131yla yeni bir hayat kurmak zorunda kalan, ailesinin bask\u0131s\u0131yla m\u00fccadele eden kad\u0131nlar i\u00e7in bir<span class=\"excerpt-hellip\"> [\u2026]<\/span><\/p>\n","protected":false},"featured_media":0,"template":"","meta":{"_monsterinsights_skip_tracking":false,"_monsterinsights_sitenote_active":false,"_monsterinsights_sitenote_note":"","_monsterinsights_sitenote_category":0},"product_brand":[],"product_cat":[14741,13488],"product_tag":[],"class_list":{"0":"post-773247","1":"product","2":"type-product","3":"status-publish","5":"product_cat-kadin-sorunlari-feminizm","6":"product_cat-toplum-ve-insan","7":"pa_cilt-ciltsiz","8":"pa_tur-kitap","9":"pa_yayinevi-literatur-yayinevi","10":"pa_yazar-asli-karatas","12":"first","13":"instock","14":"sale","15":"shipping-taxable","16":"purchasable","17":"product-type-simple"},"_links":{"self":[{"href":"https:\/\/roveyayinevi.com.tr\/index.php\/wp-json\/wp\/v2\/product\/773247","targetHints":{"allow":["GET"]}}],"collection":[{"href":"https:\/\/roveyayinevi.com.tr\/index.php\/wp-json\/wp\/v2\/product"}],"about":[{"href":"https:\/\/roveyayinevi.com.tr\/index.php\/wp-json\/wp\/v2\/types\/product"}],"wp:attachment":[{"href":"https:\/\/roveyayinevi.com.tr\/index.php\/wp-json\/wp\/v2\/media?parent=773247"}],"wp:term":[{"taxonomy":"product_brand","embeddable":true,"href":"https:\/\/roveyayinevi.com.tr\/index.php\/wp-json\/wp\/v2\/product_brand?post=773247"},{"taxonomy":"product_cat","embeddable":true,"href":"https:\/\/roveyayinevi.com.tr\/index.php\/wp-json\/wp\/v2\/product_cat?post=773247"},{"taxonomy":"product_tag","embeddable":true,"href":"https:\/\/roveyayinevi.com.tr\/index.php\/wp-json\/wp\/v2\/product_tag?post=773247"}],"curies":[{"name":"wp","href":"https:\/\/api.w.org\/{rel}","templated":true}]}}