{"id":773246,"date":"2025-08-28T16:09:34","date_gmt":"2025-08-28T13:09:34","guid":{"rendered":"https:\/\/roveyayinevi.com.tr\/index.php\/urun\/baglanma-korkusu-2\/"},"modified":"2026-04-15T03:39:26","modified_gmt":"2026-04-15T00:39:26","slug":"baglanma-korkusu-2","status":"publish","type":"product","link":"https:\/\/roveyayinevi.com.tr\/index.php\/urun\/baglanma-korkusu-2\/","title":{"rendered":"Ba\u011flanma Korkusu"},"content":{"rendered":"<p>Mutlu ve g\u00fcvenilir bir \u00e7ift ili\u015fkisi, \u00e7o\u011fu insan i\u00e7in tatmin edici bir hayat\u0131n vazge\u00e7ilmez unsurlar\u0131ndan biri, belki de en \u00f6nemlisi. Ancak baz\u0131lar\u0131n\u0131n ili\u015fkisi uzun vadede bir t\u00fcrl\u00fc y\u00fcr\u00fcmez. Ya hep \u201cyanl\u0131\u015f insan\u201da rastlarlar ya da birliktelikleri en tutkulu ve mutlu an\u0131nda, beklenmedik \u015fekilde bozulup da\u011f\u0131l\u0131r. Ters giden nedir? \u0130li\u015fkileri bozguna u\u011fratan sebep, pek \u00e7oklar\u0131n\u0131n inand\u0131\u011f\u0131 gibi sadece talihsizlik midir? A\u015fk ili\u015fkileri her zaman yo\u011fun duygularla ve mutlulu\u011fu bulma \u00fcmidiyle ba\u015flasa da, bilin\u00e7d\u0131\u015f\u0131 sebepler bazen taraflar\u0131n yak\u0131nl\u0131k kurmas\u0131na izin vermez. Bu sebeplerin en ba\u015f\u0131nda da \u201cba\u011flanma korkusu\u201d gelir. Ba\u011flanma korkusunun farkl\u0131 d\u0131\u015favurumlar\u0131 olan \u201cavc\u0131\u201d, \u201cprenses\u201d ve \u201cduvarc\u0131 ustas\u0131\u201d tiplerinin ortak davran\u0131\u015f kodlar\u0131 nelerdir? Ba\u011flanma korkusunu y\u00f6netmek m\u00fcmk\u00fcn m\u00fcd\u00fcr? Bu korkuyu tetikleyen durumlar nelerdir? Ba\u011flanma korkusu ya\u015fayan ki\u015filerin e\u015flerini ili\u015fkide ne bekler? \u0130li\u015fkiye \u201cne evet ne hay\u0131r\u201d diyen biriyle ya\u015faman\u0131n bedeli nedir? Ba\u011flanmaktan ka\u00e7an insanlar\u0131, onlara \u00e2\u015f\u0131k olmadan ve mutsuzlu\u011fa s\u00fcr\u00fcklenmeden \u00f6nce tan\u0131man\u0131n yollar\u0131 nedir? Ba\u011flanma ile empati aras\u0131nda nas\u0131l bir ili\u015fki vard\u0131r? Toplumsal hayat ki\u015filerin ba\u011flanma korkusu geli\u015ftirmesinde nas\u0131l bir etkiye sahiptir? Psikoterapist Stefanie Stahl Ba\u011flanma Korkusu\u2019nda bu y\u0131k\u0131c\u0131 korkuyu tan\u0131mak, anlamak ve a\u015fmak i\u00e7in at\u0131lmas\u0131 gereken somut ad\u0131mlar\u0131 anlat\u0131yor. Hem kurbanlar\u0131n hem partnerlerinin davran\u0131\u015flar\u0131n\u0131 de\u011fi\u015ftirerek mutlu beraberlikler ya\u015famalar\u0131na destek olmak i\u00e7in yaz\u0131lm\u0131\u015f, t\u00fcm ma\u011fdurlara umut a\u015f\u0131layan bir ba\u015fucu kitab\u0131.<\/p>\n","protected":false},"excerpt":{"rendered":"<p>Mutlu ve g\u00fcvenilir bir \u00e7ift ili\u015fkisi, \u00e7o\u011fu insan i\u00e7in tatmin edici bir hayat\u0131n vazge\u00e7ilmez unsurlar\u0131ndan biri, belki de en \u00f6nemlisi. Ancak baz\u0131lar\u0131n\u0131n ili\u015fkisi uzun vadede bir<span class=\"excerpt-hellip\"> [\u2026]<\/span><\/p>\n","protected":false},"featured_media":0,"template":"","meta":{"_monsterinsights_skip_tracking":false,"_monsterinsights_sitenote_active":false,"_monsterinsights_sitenote_note":"","_monsterinsights_sitenote_category":0},"product_brand":[],"product_cat":[12358,12357],"product_tag":[],"class_list":{"0":"post-773246","1":"product","2":"type-product","3":"status-publish","5":"product_cat-genel-psikoloji","6":"product_cat-psikoloji","7":"pa_cilt-ciltsiz","8":"pa_tur-kitap","9":"pa_yayinevi-iletisim-yayinlari","10":"pa_yazar-stefanie-stahl","12":"first","13":"instock","14":"sale","15":"shipping-taxable","16":"purchasable","17":"product-type-simple"},"_links":{"self":[{"href":"https:\/\/roveyayinevi.com.tr\/index.php\/wp-json\/wp\/v2\/product\/773246","targetHints":{"allow":["GET"]}}],"collection":[{"href":"https:\/\/roveyayinevi.com.tr\/index.php\/wp-json\/wp\/v2\/product"}],"about":[{"href":"https:\/\/roveyayinevi.com.tr\/index.php\/wp-json\/wp\/v2\/types\/product"}],"wp:attachment":[{"href":"https:\/\/roveyayinevi.com.tr\/index.php\/wp-json\/wp\/v2\/media?parent=773246"}],"wp:term":[{"taxonomy":"product_brand","embeddable":true,"href":"https:\/\/roveyayinevi.com.tr\/index.php\/wp-json\/wp\/v2\/product_brand?post=773246"},{"taxonomy":"product_cat","embeddable":true,"href":"https:\/\/roveyayinevi.com.tr\/index.php\/wp-json\/wp\/v2\/product_cat?post=773246"},{"taxonomy":"product_tag","embeddable":true,"href":"https:\/\/roveyayinevi.com.tr\/index.php\/wp-json\/wp\/v2\/product_tag?post=773246"}],"curies":[{"name":"wp","href":"https:\/\/api.w.org\/{rel}","templated":true}]}}