{"id":773245,"date":"2025-08-28T16:09:32","date_gmt":"2025-08-28T13:09:32","guid":{"rendered":"https:\/\/roveyayinevi.com.tr\/index.php\/urun\/koygocuren-1-ciltli\/"},"modified":"2026-04-15T03:39:26","modified_gmt":"2026-04-15T00:39:26","slug":"koygocuren-1-ciltli","status":"publish","type":"product","link":"https:\/\/roveyayinevi.com.tr\/index.php\/urun\/koygocuren-1-ciltli\/","title":{"rendered":"K\u00f6yg\u00f6\u00e7\u00fcren &#8211; 1 (Ciltli)"},"content":{"rendered":"<p>Hasret, k\u00f6yden uzakta k\u00fc\u00e7\u00fcc\u00fck evinde hem hayatla hem de annesiyle m\u00fccadele eden ba\u015f\u0131 dik, dili sivri bir k\u0131zd\u0131r. Annesinin zoruyla gitti\u011fi bir d\u00fc\u011f\u00fcnde g\u00f6z\u00fc bir adama \u00e7arpar ama ba\u015f\u0131 her zamanki gibi diktir, pek y\u00fcz vermez. D\u00fc\u011f\u00fcn boyu bak\u0131\u015f\u0131rlar, tek kelime etmezler. Adam pek bir ho\u015funa gitse de Hasret bunca bak\u0131\u015f\u0131 hayra yormaz. D\u00fc\u011f\u00fcn gecesi bitmi\u015f, herkes evine d\u00f6nm\u00fc\u015fken penceresinde bir t\u0131k\u0131rt\u0131 duyar; d\u00fc\u011f\u00fcn boyu bakan ve akl\u0131ndan bir an olsun \u00e7\u0131kmayan adam pe\u015finden gelmi\u015ftir. Hasret\u2019in hik\u00e2yesi b\u00f6yle ba\u015flar. Ne k\u00f6y\u00fcn en k\u00f6kl\u00fc iki ailesinin o\u011flunu kendine a\u015f\u0131k edece\u011fini bilir ne de y\u00fczy\u0131ll\u0131k K\u00f6yg\u00f6\u00e7\u00fcren davas\u0131n\u0131 yeniden alevlendirece\u011fini&#8230; Kader a\u011flar\u0131n\u0131 \u00f6rm\u00fc\u015ft\u00fcr, mevsim art\u0131k Hasret mevsimidir. &#8220;K\u0131z\u0131n ad\u0131n\u0131 bilmem, K\u00f6yg\u00f6\u00e7\u00fcren derler.\u201d Uyar\u0131: Yeti\u015fkin okurlar i\u00e7indir.<\/p>\n","protected":false},"excerpt":{"rendered":"<p>Hasret, k\u00f6yden uzakta k\u00fc\u00e7\u00fcc\u00fck evinde hem hayatla hem de annesiyle m\u00fccadele eden ba\u015f\u0131 dik, dili sivri bir k\u0131zd\u0131r. Annesinin zoruyla gitti\u011fi bir d\u00fc\u011f\u00fcnde g\u00f6z\u00fc bir adama<span class=\"excerpt-hellip\"> [\u2026]<\/span><\/p>\n","protected":false},"featured_media":0,"template":"","meta":{"_monsterinsights_skip_tracking":false,"_monsterinsights_sitenote_active":false,"_monsterinsights_sitenote_note":"","_monsterinsights_sitenote_category":0},"product_brand":[],"product_cat":[12291,12711],"product_tag":[],"class_list":{"0":"post-773245","1":"product","2":"type-product","3":"status-publish","5":"product_cat-edebiyat","6":"product_cat-roman-oyku","7":"pa_cilt-ciltli","8":"pa_tur-kitap","9":"pa_yayinevi-ephesus-yayinlari","10":"pa_yazar-seyma-turkyilmaz","12":"first","13":"instock","14":"sale","15":"shipping-taxable","16":"purchasable","17":"product-type-simple"},"_links":{"self":[{"href":"https:\/\/roveyayinevi.com.tr\/index.php\/wp-json\/wp\/v2\/product\/773245","targetHints":{"allow":["GET"]}}],"collection":[{"href":"https:\/\/roveyayinevi.com.tr\/index.php\/wp-json\/wp\/v2\/product"}],"about":[{"href":"https:\/\/roveyayinevi.com.tr\/index.php\/wp-json\/wp\/v2\/types\/product"}],"wp:attachment":[{"href":"https:\/\/roveyayinevi.com.tr\/index.php\/wp-json\/wp\/v2\/media?parent=773245"}],"wp:term":[{"taxonomy":"product_brand","embeddable":true,"href":"https:\/\/roveyayinevi.com.tr\/index.php\/wp-json\/wp\/v2\/product_brand?post=773245"},{"taxonomy":"product_cat","embeddable":true,"href":"https:\/\/roveyayinevi.com.tr\/index.php\/wp-json\/wp\/v2\/product_cat?post=773245"},{"taxonomy":"product_tag","embeddable":true,"href":"https:\/\/roveyayinevi.com.tr\/index.php\/wp-json\/wp\/v2\/product_tag?post=773245"}],"curies":[{"name":"wp","href":"https:\/\/api.w.org\/{rel}","templated":true}]}}