{"id":773243,"date":"2025-08-28T16:09:28","date_gmt":"2025-08-28T13:09:28","guid":{"rendered":"https:\/\/roveyayinevi.com.tr\/index.php\/urun\/bagirmayalim-da-ne-yapalim\/"},"modified":"2026-04-15T03:39:26","modified_gmt":"2026-04-15T00:39:26","slug":"bagirmayalim-da-ne-yapalim","status":"publish","type":"product","link":"https:\/\/roveyayinevi.com.tr\/index.php\/urun\/bagirmayalim-da-ne-yapalim\/","title":{"rendered":"Ba\u011f\u0131rmayal\u0131m da Ne Yapal\u0131m?"},"content":{"rendered":"<p>\u201cBa\u011f\u0131rmayan Anneler\u201d kitab\u0131n\u0131n yazar\u0131 Hatice K\u00fcbra Tongar\u2019dan, \u00e7ocu\u011funuzun hem ruhuna hem de davran\u0131\u015flar\u0131na dokunan yepyeni bir rehber! \u00c7ocu\u011funuz s\u00f6z dinlemedi\u011finde, inatla\u015ft\u0131\u011f\u0131nda ya da kriz \u00e7\u0131kard\u0131\u011f\u0131nda ona ba\u011f\u0131r\u0131yor, sonra da vicdan azab\u0131 m\u0131 \u00e7ekiyorsunuz? Kural koymak ve \u00e7ocu\u011funuzla ba\u011f kurmak aras\u0131nda s\u0131k\u0131\u015f\u0131p kal\u0131yor musunuz? \u201cHay\u0131r\u201d diyemedi\u011finiz i\u00e7in \u00e7ocu\u011funuz s\u00f6z\u00fcn\u00fcz\u00fc dinlemiyor, siz de k\u0131rk kere s\u00f6yledikten sonra \u00f6fkeyle patl\u0131yor musunuz? E\u011fer cevab\u0131n\u0131z \u201cEvet\u201dse, bu kitap tam size g\u00f6re! Neden ba\u011f\u0131r\u0131yoruz? \u00c7ocuklar s\u0131n\u0131rlar\u0131 neden zorluyor? Sakin kalmak neden bu kadar zor? Kararl\u0131, net ve \u015fefkatli s\u0131n\u0131rlar nas\u0131l \u00e7izilir? Peki, \u00e7ocu\u011fumuzla ili\u015fkimiz bozulduysa, aram\u0131zdaki ba\u011f nas\u0131l onar\u0131l\u0131r? Bu sorular\u0131n cevab\u0131 ve \u00e7ok daha fazlas\u0131; n\u00f6ropsikoloji, duygu e\u011fitimi ve davran\u0131\u015f bilimi temelli a\u00e7\u0131klamalar,vaka \u00f6rnekleri, pratik \u00f6neri ve uygulamalarla, ba\u011f\u0131rmadan s\u0131n\u0131r \u00e7izebilen ebeveynler olmam\u0131z i\u00e7in bu kitapta! <\/p>\n","protected":false},"excerpt":{"rendered":"<p>\u201cBa\u011f\u0131rmayan Anneler\u201d kitab\u0131n\u0131n yazar\u0131 Hatice K\u00fcbra Tongar\u2019dan, \u00e7ocu\u011funuzun hem ruhuna hem de davran\u0131\u015flar\u0131na dokunan yepyeni bir rehber! \u00c7ocu\u011funuz s\u00f6z dinlemedi\u011finde, inatla\u015ft\u0131\u011f\u0131nda ya da kriz \u00e7\u0131kard\u0131\u011f\u0131nda ona<span class=\"excerpt-hellip\"> [\u2026]<\/span><\/p>\n","protected":false},"featured_media":0,"template":"","meta":{"_monsterinsights_skip_tracking":false,"_monsterinsights_sitenote_active":false,"_monsterinsights_sitenote_note":"","_monsterinsights_sitenote_category":0},"product_brand":[],"product_cat":[12831,12324],"product_tag":[],"class_list":{"0":"post-773243","1":"product","2":"type-product","3":"status-publish","5":"product_cat-aile-ve-cocuk","6":"product_cat-sosyoloji","7":"pa_cilt-ciltsiz","8":"pa_tur-kitap","9":"pa_yayinevi-aile-yayinlari","10":"pa_yazar-hatice-kubra-tongar","12":"first","13":"instock","14":"sale","15":"shipping-taxable","16":"purchasable","17":"product-type-simple"},"_links":{"self":[{"href":"https:\/\/roveyayinevi.com.tr\/index.php\/wp-json\/wp\/v2\/product\/773243","targetHints":{"allow":["GET"]}}],"collection":[{"href":"https:\/\/roveyayinevi.com.tr\/index.php\/wp-json\/wp\/v2\/product"}],"about":[{"href":"https:\/\/roveyayinevi.com.tr\/index.php\/wp-json\/wp\/v2\/types\/product"}],"wp:attachment":[{"href":"https:\/\/roveyayinevi.com.tr\/index.php\/wp-json\/wp\/v2\/media?parent=773243"}],"wp:term":[{"taxonomy":"product_brand","embeddable":true,"href":"https:\/\/roveyayinevi.com.tr\/index.php\/wp-json\/wp\/v2\/product_brand?post=773243"},{"taxonomy":"product_cat","embeddable":true,"href":"https:\/\/roveyayinevi.com.tr\/index.php\/wp-json\/wp\/v2\/product_cat?post=773243"},{"taxonomy":"product_tag","embeddable":true,"href":"https:\/\/roveyayinevi.com.tr\/index.php\/wp-json\/wp\/v2\/product_tag?post=773243"}],"curies":[{"name":"wp","href":"https:\/\/api.w.org\/{rel}","templated":true}]}}