{"id":773242,"date":"2025-08-28T16:09:26","date_gmt":"2025-08-28T13:09:26","guid":{"rendered":"https:\/\/roveyayinevi.com.tr\/index.php\/urun\/sahte-2\/"},"modified":"2026-04-15T03:39:26","modified_gmt":"2026-04-15T00:39:26","slug":"sahte-2","status":"publish","type":"product","link":"https:\/\/roveyayinevi.com.tr\/index.php\/urun\/sahte-2\/","title":{"rendered":"Sahte"},"content":{"rendered":"<p>SAHTE PARA 1971 y\u0131l\u0131nda Ba\u015fkan Richard Nixon ABD dolar\u0131n\u0131 alt\u0131n standard\u0131ndan \u00e7\u0131kard\u0131. 1971\u2019de ABD dolar\u0131 itibari para haline geldi. \u0130tibari para devlet paras\u0131d\u0131r. Zengin baba devlet paras\u0131na, \u201csahte para\u201d derdi. Sahte para zengini daha zengin yapar. Sorun \u015fu ki, sahte para yoksullar\u0131 ve orta s\u0131n\u0131f\u0131 daha da yoksulla\u015ft\u0131r\u0131yor. SAHTE \u00d6\u011eRETMENLER Okul size para hakk\u0131nda ne \u00f6\u011fretti? Ebeveynleriniz para hakk\u0131nda ne biliyordu? Mali dan\u0131\u015fman\u0131n\u0131z para hakk\u0131nda ne biliyor? Liderlerimiz para hakk\u0131nda ne biliyor? Neden t\u00fcm Amerikal\u0131lar\u0131n %78\u2019i aydan aya ald\u0131klar\u0131 maa\u015fla ya\u015f\u0131yor? \u00d6\u011frenciler neden bir trilyon dolarl\u0131k \u00f6\u011frenci kredisi borcunun alt\u0131nda eziliyor? \u00d6\u011fretmenler neden daha fazla para talebiyle greve gidiyor? SAHTE VARLIKLAR 2008 y\u0131l\u0131nda d\u00fcnya ekonomisi sahte varl\u0131klar, d\u00fc\u015f\u00fck gelir grubuna y\u00fcksek faizle verilen ev kredilerinin \u00e7\u00f6kmesiyle krize girdi. 2008\u2019de sahte varl\u0131klar\u0131 satan bankac\u0131lar size, bana sahte varl\u0131klar, \u00e7al\u0131\u015fanlara y\u00f6nelik emeklilik planlar\u0131 m\u0131 sat\u0131yorlar h\u00e2l\u00e2? Neden bu kadar \u00e7ok emekli maa\u015f\u0131 yetersiz fonlan\u0131yor? Baby Boomer ku\u015fa\u011f\u0131ndan ka\u00e7 insan emeklili\u011finde paras\u0131z kalacak? DAHA B\u00dcY\u00dcK B\u0130R EKONOM\u0130K KR\u0130Z\u0130N EL\u0130 KULA\u011eINDA MI? 1983 y\u0131l\u0131nda Dr. R. Buckminster Fuller taraf\u0131ndan yaz\u0131lan Devlerin Grunch\u2019\u0131n\u0131 okudum. Grunch\u2019\u0131n a\u00e7\u0131l\u0131m\u0131 GRoss UNiversal Cash Heist. Grunch ultra zenginlerin d\u00fcnyay\u0131 nas\u0131l soydu\u011funu konu edinmi\u015ftir.Sahte ise, devler hakk\u0131nda \u00f6\u011frendiklerimi, sizlerin ve benim nas\u0131l GRUNCH devlerinin kurban\u0131 olmayaca\u011f\u0131m\u0131z\u0131 anlat\u0131yor. Robert Kiyosaki d\u00fcnya genelinde milyonlarca insan\u0131n parayla ilgili d\u00fc\u015f\u00fcnme \u015fekillerine meydan okudu ve onlar\u0131 de\u011fi\u015ftirdi. Genel inan\u0131\u015fa ters d\u00fc\u015fen bak\u0131\u015f a\u00e7\u0131s\u0131yla Kiyosaki, dobra konu\u015fmas\u0131 ve cesaretiyle \u00fcn kazand\u0131. D\u00fcnya \u00e7ap\u0131nda finansal e\u011fitimin s\u0131k\u0131 destek\u00e7isi olarak kabul edildi. <\/p>\n","protected":false},"excerpt":{"rendered":"<p>SAHTE PARA 1971 y\u0131l\u0131nda Ba\u015fkan Richard Nixon ABD dolar\u0131n\u0131 alt\u0131n standard\u0131ndan \u00e7\u0131kard\u0131. 1971\u2019de ABD dolar\u0131 itibari para haline geldi. \u0130tibari para devlet paras\u0131d\u0131r. Zengin baba devlet<span class=\"excerpt-hellip\"> [\u2026]<\/span><\/p>\n","protected":false},"featured_media":0,"template":"","meta":{"_monsterinsights_skip_tracking":false,"_monsterinsights_sitenote_active":false,"_monsterinsights_sitenote_note":"","_monsterinsights_sitenote_category":0},"product_brand":[],"product_cat":[13043,17647],"product_tag":[],"class_list":{"0":"post-773242","1":"product","2":"type-product","3":"status-publish","5":"product_cat-ekonomi","6":"product_cat-is-dunyasi","7":"pa_cilt-ciltsiz","8":"pa_tur-kitap","9":"pa_yayinevi-alfa-yayinlari","10":"pa_yazar-robert-t-kiyosaki","12":"first","13":"instock","14":"sale","15":"shipping-taxable","16":"purchasable","17":"product-type-simple"},"_links":{"self":[{"href":"https:\/\/roveyayinevi.com.tr\/index.php\/wp-json\/wp\/v2\/product\/773242","targetHints":{"allow":["GET"]}}],"collection":[{"href":"https:\/\/roveyayinevi.com.tr\/index.php\/wp-json\/wp\/v2\/product"}],"about":[{"href":"https:\/\/roveyayinevi.com.tr\/index.php\/wp-json\/wp\/v2\/types\/product"}],"wp:attachment":[{"href":"https:\/\/roveyayinevi.com.tr\/index.php\/wp-json\/wp\/v2\/media?parent=773242"}],"wp:term":[{"taxonomy":"product_brand","embeddable":true,"href":"https:\/\/roveyayinevi.com.tr\/index.php\/wp-json\/wp\/v2\/product_brand?post=773242"},{"taxonomy":"product_cat","embeddable":true,"href":"https:\/\/roveyayinevi.com.tr\/index.php\/wp-json\/wp\/v2\/product_cat?post=773242"},{"taxonomy":"product_tag","embeddable":true,"href":"https:\/\/roveyayinevi.com.tr\/index.php\/wp-json\/wp\/v2\/product_tag?post=773242"}],"curies":[{"name":"wp","href":"https:\/\/api.w.org\/{rel}","templated":true}]}}