{"id":773241,"date":"2025-08-28T16:09:23","date_gmt":"2025-08-28T13:09:23","guid":{"rendered":"https:\/\/roveyayinevi.com.tr\/index.php\/urun\/butun-siirleri-12\/"},"modified":"2026-04-15T03:39:26","modified_gmt":"2026-04-15T00:39:26","slug":"butun-siirleri-12","status":"publish","type":"product","link":"https:\/\/roveyayinevi.com.tr\/index.php\/urun\/butun-siirleri-12\/","title":{"rendered":"B\u00fct\u00fcn \u015eiirleri"},"content":{"rendered":"<p>Grafik tasar\u0131mc\u0131, ressam, yay\u0131nc\u0131, \u00e7evirmen kimlikleriyle uzun y\u0131llar sanat d\u00fcnyam\u0131z\u0131n merkezinde duran Sait Maden, her \u015feyden \u00f6nce bir \u015fairdi. Yapt\u0131\u011f\u0131 her i\u015fte \u015fairli\u011fi yer buluyordu kendine. Haydar Erg\u00fclen\u2019in \u201cBir \u015fiir dervi\u015fi\u201d diyerek tan\u0131mlad\u0131\u011f\u0131 Maden\u2019in b\u00fct\u00fcn \u015fiirleri ilk kez bir araya geliyor.   Korkular\u0131n ne g\u00fczel y\u00fczleri vard\u0131, ufac\u0131k elleri, ufac\u0131k ayaklar\u0131. Ku\u015f gibi yan yan bakarlard\u0131 y\u00fcz\u00fcm\u00fcze. Ne ho\u015f parlard\u0131 g\u00f6zleri karanl\u0131kta derinden, aram\u0131zda ne \u00fcrkektiler! Ne iyiydiler aram\u0131zda usul sesleriyle, utanga\u00e7 bak\u0131\u015flar\u0131yla, al\u0131nda bir deniz yeli, a\u011f\u0131zda hafif bir \u015feker tad\u0131 benzeri. Her \u00e7abam\u0131zda yard\u0131ma haz\u0131rd\u0131 elleri biz nicedir ovar, parlat\u0131rken b\u00fcy\u00fck geceyi. Birg\u00fcn ne g\u00f6rsek iyi? Yer g\u00f6k d\u00f6rt duvar. Ne yeni korkular var ne eski korkular. Y\u00f6nden y\u00f6ne mekik dokuyan deli bir r\u00fczg\u00e2r \u00e7arp\u0131yordu \u00e7ep\u00e7evre kap\u0131lara pencerelere. Bizi s\u00fcz\u00fcyordu bir k\u00f6pek yolun sonundan. <\/p>\n","protected":false},"excerpt":{"rendered":"<p>Grafik tasar\u0131mc\u0131, ressam, yay\u0131nc\u0131, \u00e7evirmen kimlikleriyle uzun y\u0131llar sanat d\u00fcnyam\u0131z\u0131n merkezinde duran Sait Maden, her \u015feyden \u00f6nce bir \u015fairdi. Yapt\u0131\u011f\u0131 her i\u015fte \u015fairli\u011fi yer buluyordu kendine.<span class=\"excerpt-hellip\"> [\u2026]<\/span><\/p>\n","protected":false},"featured_media":0,"template":"","meta":{"_monsterinsights_skip_tracking":false,"_monsterinsights_sitenote_active":false,"_monsterinsights_sitenote_note":"","_monsterinsights_sitenote_category":0},"product_brand":[],"product_cat":[12291,12509],"product_tag":[],"class_list":{"0":"post-773241","1":"product","2":"type-product","3":"status-publish","5":"product_cat-edebiyat","6":"product_cat-siir","7":"pa_cilt-ciltsiz","8":"pa_tur-kitap","9":"pa_yayinevi-everest-yayinlari","10":"pa_yazar-sait-maden","12":"first","13":"instock","14":"sale","15":"shipping-taxable","16":"purchasable","17":"product-type-simple"},"_links":{"self":[{"href":"https:\/\/roveyayinevi.com.tr\/index.php\/wp-json\/wp\/v2\/product\/773241","targetHints":{"allow":["GET"]}}],"collection":[{"href":"https:\/\/roveyayinevi.com.tr\/index.php\/wp-json\/wp\/v2\/product"}],"about":[{"href":"https:\/\/roveyayinevi.com.tr\/index.php\/wp-json\/wp\/v2\/types\/product"}],"wp:attachment":[{"href":"https:\/\/roveyayinevi.com.tr\/index.php\/wp-json\/wp\/v2\/media?parent=773241"}],"wp:term":[{"taxonomy":"product_brand","embeddable":true,"href":"https:\/\/roveyayinevi.com.tr\/index.php\/wp-json\/wp\/v2\/product_brand?post=773241"},{"taxonomy":"product_cat","embeddable":true,"href":"https:\/\/roveyayinevi.com.tr\/index.php\/wp-json\/wp\/v2\/product_cat?post=773241"},{"taxonomy":"product_tag","embeddable":true,"href":"https:\/\/roveyayinevi.com.tr\/index.php\/wp-json\/wp\/v2\/product_tag?post=773241"}],"curies":[{"name":"wp","href":"https:\/\/api.w.org\/{rel}","templated":true}]}}