{"id":773238,"date":"2025-08-28T16:09:16","date_gmt":"2025-08-28T13:09:16","guid":{"rendered":"https:\/\/roveyayinevi.com.tr\/index.php\/urun\/elia-2\/"},"modified":"2026-04-15T03:39:26","modified_gmt":"2026-04-15T00:39:26","slug":"elia-2","status":"publish","type":"product","link":"https:\/\/roveyayinevi.com.tr\/index.php\/urun\/elia-2\/","title":{"rendered":"Elia"},"content":{"rendered":"<p>\u201cHepimiz bir \u015fekilde ba\u015flad\u0131\u011f\u0131m\u0131z yere d\u00f6n\u00fcyoruz. Bir anlamda hayat\u0131m\u0131z da bir ada gibi; d\u00f6rt taraf\u0131m\u0131z hi\u00e7likle \u00e7evrili.\u201d Elia, sakinlerinin kendi halinde ya\u015fad\u0131\u011f\u0131 uzak ve unutulmu\u015f bir ada. Bir g\u00fcn iki gizemli adam \u00e7\u0131k\u0131p geliyor. Sonra sorular ba\u015fl\u0131yor, can s\u0131k\u0131nt\u0131lar\u0131, korkular\u2026 Y\u0131lmaz \u015eener, \u00fctopya ile distopya aras\u0131nda gidip gelen bir d\u00fcnya yarat\u0131yor. S\u0131radan insanlar\u0131n hayatlar\u0131n\u0131n bir anda nas\u0131l allak bullak olabilece\u011fini; g\u00fcc\u00fcn, bask\u0131n\u0131n parma\u011f\u0131n\u0131 de\u011fdi\u011fi yerde yaratt\u0131\u011f\u0131 mutsuzlu\u011fu anlat\u0131yor. Elia, olmaz diye bir \u015feyin \u201colmad\u0131\u011f\u0131n\u0131\u201d g\u00f6steren bir roman\u2026<\/p>\n","protected":false},"excerpt":{"rendered":"<p>\u201cHepimiz bir \u015fekilde ba\u015flad\u0131\u011f\u0131m\u0131z yere d\u00f6n\u00fcyoruz. Bir anlamda hayat\u0131m\u0131z da bir ada gibi; d\u00f6rt taraf\u0131m\u0131z hi\u00e7likle \u00e7evrili.\u201d Elia, sakinlerinin kendi halinde ya\u015fad\u0131\u011f\u0131 uzak ve unutulmu\u015f bir<span class=\"excerpt-hellip\"> [\u2026]<\/span><\/p>\n","protected":false},"featured_media":0,"template":"","meta":{"_monsterinsights_skip_tracking":false,"_monsterinsights_sitenote_active":false,"_monsterinsights_sitenote_note":"","_monsterinsights_sitenote_category":0},"product_brand":[],"product_cat":[12291,12711],"product_tag":[],"class_list":{"0":"post-773238","1":"product","2":"type-product","3":"status-publish","5":"product_cat-edebiyat","6":"product_cat-roman-oyku","7":"pa_cilt-ciltsiz","8":"pa_tur-kitap","9":"pa_yayinevi-iletisim-yayinlari","10":"pa_yazar-yilmaz-sener","12":"first","13":"instock","14":"sale","15":"shipping-taxable","16":"purchasable","17":"product-type-simple"},"_links":{"self":[{"href":"https:\/\/roveyayinevi.com.tr\/index.php\/wp-json\/wp\/v2\/product\/773238","targetHints":{"allow":["GET"]}}],"collection":[{"href":"https:\/\/roveyayinevi.com.tr\/index.php\/wp-json\/wp\/v2\/product"}],"about":[{"href":"https:\/\/roveyayinevi.com.tr\/index.php\/wp-json\/wp\/v2\/types\/product"}],"wp:attachment":[{"href":"https:\/\/roveyayinevi.com.tr\/index.php\/wp-json\/wp\/v2\/media?parent=773238"}],"wp:term":[{"taxonomy":"product_brand","embeddable":true,"href":"https:\/\/roveyayinevi.com.tr\/index.php\/wp-json\/wp\/v2\/product_brand?post=773238"},{"taxonomy":"product_cat","embeddable":true,"href":"https:\/\/roveyayinevi.com.tr\/index.php\/wp-json\/wp\/v2\/product_cat?post=773238"},{"taxonomy":"product_tag","embeddable":true,"href":"https:\/\/roveyayinevi.com.tr\/index.php\/wp-json\/wp\/v2\/product_tag?post=773238"}],"curies":[{"name":"wp","href":"https:\/\/api.w.org\/{rel}","templated":true}]}}