{"id":773232,"date":"2025-08-28T16:08:56","date_gmt":"2025-08-28T13:08:56","guid":{"rendered":"https:\/\/roveyayinevi.com.tr\/index.php\/urun\/medeniyet-sohbetleri\/"},"modified":"2026-04-15T03:39:26","modified_gmt":"2026-04-15T00:39:26","slug":"medeniyet-sohbetleri","status":"publish","type":"product","link":"https:\/\/roveyayinevi.com.tr\/index.php\/urun\/medeniyet-sohbetleri\/","title":{"rendered":"Medeniyet Sohbetleri"},"content":{"rendered":"<p>Hepimiz mazinin bize b\u0131rakt\u0131\u011f\u0131 k\u00fclt\u00fcrel mirasla ayakta duruyoruz. Ge\u00e7mi\u015fin k\u0131ymetini bilenler, o deryadan inci mercan toplar, sakl\u0131 definelerden heybesine iyilikleri, g\u00fczellikleri katar. Mehmet Nuri Yard\u0131m, k\u0131rk y\u0131ldan beri tan\u0131d\u0131\u011f\u0131 ilim, k\u00fclt\u00fcr, sanat ve inan\u00e7 d\u00fcnyam\u0131zdan y\u00fczlerce \u015fahsiyetle r\u00f6portajlar yapt\u0131. Bunlardan se\u00e7ti\u011fi on ismi bu kitapta okuyacaks\u0131n\u0131z.   Ahmed Y\u00fcksel \u00d6zemre, Atilla \u00c7etin, Erc\u00fcment Kuran, Halil \u0130nalc\u0131k, Haluk Dursun, M\u00fcnevver Okur Meri\u00e7, Oktay Aslanapa, Semavi Eyice, \u015eefik Okday ve \u015eerafettin Kocaman, \u015fu g\u00f6k kubbe alt\u0131nda neler yapt\u0131lar, neler anlatt\u0131lar ve bize neler b\u0131rakt\u0131lar? B\u00fcy\u00fck bir medeniyetin temsilcilerinden ve \u00f6nc\u00fclerinden unutulmayacak hakikatler demeti. Medeniyet Sohbetleri\u2019ni seveceksiniz. Zira burada anlat\u0131lan, asl\u0131nda bizim maceram\u0131z. <\/p>\n","protected":false},"excerpt":{"rendered":"<p>Hepimiz mazinin bize b\u0131rakt\u0131\u011f\u0131 k\u00fclt\u00fcrel mirasla ayakta duruyoruz. Ge\u00e7mi\u015fin k\u0131ymetini bilenler, o deryadan inci mercan toplar, sakl\u0131 definelerden heybesine iyilikleri, g\u00fczellikleri katar. Mehmet Nuri Yard\u0131m, k\u0131rk<span class=\"excerpt-hellip\"> [\u2026]<\/span><\/p>\n","protected":false},"featured_media":0,"template":"","meta":{"_monsterinsights_skip_tracking":false,"_monsterinsights_sitenote_active":false,"_monsterinsights_sitenote_note":"","_monsterinsights_sitenote_category":0},"product_brand":[],"product_cat":[12291,30969],"product_tag":[],"class_list":{"0":"post-773232","1":"product","2":"type-product","3":"status-publish","5":"product_cat-edebiyat","6":"product_cat-soylesi-edebiyat","7":"pa_cilt-ciltsiz","8":"pa_tur-kitap","9":"pa_yayinevi-muhit-kitap","10":"pa_yazar-mehmet-nuri-yardim","12":"first","13":"instock","14":"sale","15":"shipping-taxable","16":"purchasable","17":"product-type-simple"},"_links":{"self":[{"href":"https:\/\/roveyayinevi.com.tr\/index.php\/wp-json\/wp\/v2\/product\/773232","targetHints":{"allow":["GET"]}}],"collection":[{"href":"https:\/\/roveyayinevi.com.tr\/index.php\/wp-json\/wp\/v2\/product"}],"about":[{"href":"https:\/\/roveyayinevi.com.tr\/index.php\/wp-json\/wp\/v2\/types\/product"}],"wp:attachment":[{"href":"https:\/\/roveyayinevi.com.tr\/index.php\/wp-json\/wp\/v2\/media?parent=773232"}],"wp:term":[{"taxonomy":"product_brand","embeddable":true,"href":"https:\/\/roveyayinevi.com.tr\/index.php\/wp-json\/wp\/v2\/product_brand?post=773232"},{"taxonomy":"product_cat","embeddable":true,"href":"https:\/\/roveyayinevi.com.tr\/index.php\/wp-json\/wp\/v2\/product_cat?post=773232"},{"taxonomy":"product_tag","embeddable":true,"href":"https:\/\/roveyayinevi.com.tr\/index.php\/wp-json\/wp\/v2\/product_tag?post=773232"}],"curies":[{"name":"wp","href":"https:\/\/api.w.org\/{rel}","templated":true}]}}