{"id":773231,"date":"2025-08-28T16:08:53","date_gmt":"2025-08-28T13:08:53","guid":{"rendered":"https:\/\/roveyayinevi.com.tr\/index.php\/urun\/cizim-maceralari-paw-patrol\/"},"modified":"2026-04-15T03:39:26","modified_gmt":"2026-04-15T00:39:26","slug":"cizim-maceralari-paw-patrol","status":"publish","type":"product","link":"https:\/\/roveyayinevi.com.tr\/index.php\/urun\/cizim-maceralari-paw-patrol\/","title":{"rendered":"\u00c7izim Maceralar\u0131 &#8211; Paw Patrol"},"content":{"rendered":"<p>Chase, Marshall, Rubble, Skye ve di\u011fer k\u00f6pek kahramanlar, k\u00f6pte\u015fem ara\u00e7lar\u0131, ekipmanlar\u0131 ve tak\u0131m ruhlar\u0131yla Macera Koyu sakinlerini korumak ve arkada\u015flar\u0131n\u0131 kurtarmak i\u00e7in g\u00f6revdeler! Bu kitap, e\u011flenceli \u00e7izim g\u00f6revleri ve \u00e7\u0131kartmalarla sana macera dolu bir deneyim sunuyor! PAW Patrol ekibiyle g\u00f6reve at\u0131l! PAW Patrol ekibiyle g\u00f6reve at\u0131l! Hayal g\u00fcc\u00fcn\u00fc kullan, 500\u2019den fazla \u00e7\u0131kartmayla 500\u2019den fazla \u00e7\u0131kartmayla sahneleri s\u00fcsle, \u00e7iz ve tamamla!<\/p>\n","protected":false},"excerpt":{"rendered":"<p>Chase, Marshall, Rubble, Skye ve di\u011fer k\u00f6pek kahramanlar, k\u00f6pte\u015fem ara\u00e7lar\u0131, ekipmanlar\u0131 ve tak\u0131m ruhlar\u0131yla Macera Koyu sakinlerini korumak ve arkada\u015flar\u0131n\u0131 kurtarmak i\u00e7in g\u00f6revdeler! Bu kitap, e\u011flenceli<span class=\"excerpt-hellip\"> [\u2026]<\/span><\/p>\n","protected":false},"featured_media":0,"template":"","meta":{"_monsterinsights_skip_tracking":false,"_monsterinsights_sitenote_active":false,"_monsterinsights_sitenote_note":"","_monsterinsights_sitenote_category":0},"product_brand":[],"product_cat":[12644,12274],"product_tag":[],"class_list":{"0":"post-773231","1":"product","2":"type-product","3":"status-publish","5":"product_cat-boyama-kitaplari","6":"product_cat-cocuk-ve-genclik-kitaplari","7":"pa_cilt-ciltsiz","8":"pa_tur-kitap","9":"pa_yayinevi-beta-kids","10":"pa_yazar-kolektif","12":"first","13":"instock","14":"sale","15":"shipping-taxable","16":"purchasable","17":"product-type-simple"},"_links":{"self":[{"href":"https:\/\/roveyayinevi.com.tr\/index.php\/wp-json\/wp\/v2\/product\/773231","targetHints":{"allow":["GET"]}}],"collection":[{"href":"https:\/\/roveyayinevi.com.tr\/index.php\/wp-json\/wp\/v2\/product"}],"about":[{"href":"https:\/\/roveyayinevi.com.tr\/index.php\/wp-json\/wp\/v2\/types\/product"}],"wp:attachment":[{"href":"https:\/\/roveyayinevi.com.tr\/index.php\/wp-json\/wp\/v2\/media?parent=773231"}],"wp:term":[{"taxonomy":"product_brand","embeddable":true,"href":"https:\/\/roveyayinevi.com.tr\/index.php\/wp-json\/wp\/v2\/product_brand?post=773231"},{"taxonomy":"product_cat","embeddable":true,"href":"https:\/\/roveyayinevi.com.tr\/index.php\/wp-json\/wp\/v2\/product_cat?post=773231"},{"taxonomy":"product_tag","embeddable":true,"href":"https:\/\/roveyayinevi.com.tr\/index.php\/wp-json\/wp\/v2\/product_tag?post=773231"}],"curies":[{"name":"wp","href":"https:\/\/api.w.org\/{rel}","templated":true}]}}