{"id":773229,"date":"2025-08-28T16:08:15","date_gmt":"2025-08-28T13:08:15","guid":{"rendered":"https:\/\/roveyayinevi.com.tr\/index.php\/urun\/kahramanlar-geliyor-aktivite-kitabi-paw-patrol\/"},"modified":"2026-04-15T03:39:26","modified_gmt":"2026-04-15T00:39:26","slug":"kahramanlar-geliyor-aktivite-kitabi-paw-patrol","status":"publish","type":"product","link":"https:\/\/roveyayinevi.com.tr\/index.php\/urun\/kahramanlar-geliyor-aktivite-kitabi-paw-patrol\/","title":{"rendered":"Kahramanlar Geliyor Aktivite Kitab\u0131 &#8211; Paw Patrol"},"content":{"rendered":"<p>Paw Patrol ile Harekete Ge\u00e7meye Haz\u0131r M\u0131s\u0131n?PAW Patrol ile e\u011flence ve macera seni bekliyor! Skye\u2019\u0131n kahraman\u0131n\u0131 kurtarmas\u0131na yard\u0131m et, tak\u0131m\u0131 do\u011fru ara\u00e7larla birle\u015ftir ve bir dolu hav-rika k\u00f6pek\u00e7ik bulmacas\u0131yla doyas\u0131ya e\u011flen! En sevdi\u011fin k\u00f6pek\u00e7iklerle maceraya hemen ba\u015fla!<\/p>\n","protected":false},"excerpt":{"rendered":"<p>Paw Patrol ile Harekete Ge\u00e7meye Haz\u0131r M\u0131s\u0131n?PAW Patrol ile e\u011flence ve macera seni bekliyor! Skye\u2019\u0131n kahraman\u0131n\u0131 kurtarmas\u0131na yard\u0131m et, tak\u0131m\u0131 do\u011fru ara\u00e7larla birle\u015ftir ve bir dolu<span class=\"excerpt-hellip\"> [\u2026]<\/span><\/p>\n","protected":false},"featured_media":0,"template":"","meta":{"_monsterinsights_skip_tracking":false,"_monsterinsights_sitenote_active":false,"_monsterinsights_sitenote_note":"","_monsterinsights_sitenote_category":0},"product_brand":[],"product_cat":[12644,12274],"product_tag":[],"class_list":{"0":"post-773229","1":"product","2":"type-product","3":"status-publish","5":"product_cat-boyama-kitaplari","6":"product_cat-cocuk-ve-genclik-kitaplari","7":"pa_cilt-ciltsiz","8":"pa_tur-kitap","9":"pa_yayinevi-beta-kids","10":"pa_yazar-kolektif","12":"first","13":"instock","14":"sale","15":"shipping-taxable","16":"purchasable","17":"product-type-simple"},"_links":{"self":[{"href":"https:\/\/roveyayinevi.com.tr\/index.php\/wp-json\/wp\/v2\/product\/773229","targetHints":{"allow":["GET"]}}],"collection":[{"href":"https:\/\/roveyayinevi.com.tr\/index.php\/wp-json\/wp\/v2\/product"}],"about":[{"href":"https:\/\/roveyayinevi.com.tr\/index.php\/wp-json\/wp\/v2\/types\/product"}],"wp:attachment":[{"href":"https:\/\/roveyayinevi.com.tr\/index.php\/wp-json\/wp\/v2\/media?parent=773229"}],"wp:term":[{"taxonomy":"product_brand","embeddable":true,"href":"https:\/\/roveyayinevi.com.tr\/index.php\/wp-json\/wp\/v2\/product_brand?post=773229"},{"taxonomy":"product_cat","embeddable":true,"href":"https:\/\/roveyayinevi.com.tr\/index.php\/wp-json\/wp\/v2\/product_cat?post=773229"},{"taxonomy":"product_tag","embeddable":true,"href":"https:\/\/roveyayinevi.com.tr\/index.php\/wp-json\/wp\/v2\/product_tag?post=773229"}],"curies":[{"name":"wp","href":"https:\/\/api.w.org\/{rel}","templated":true}]}}