{"id":773228,"date":"2025-08-28T16:08:13","date_gmt":"2025-08-28T13:08:13","guid":{"rendered":"https:\/\/roveyayinevi.com.tr\/index.php\/urun\/arac-etkinlik-kitabi-paw-patro\/"},"modified":"2026-04-15T03:39:26","modified_gmt":"2026-04-15T00:39:26","slug":"arac-etkinlik-kitabi-paw-patro","status":"publish","type":"product","link":"https:\/\/roveyayinevi.com.tr\/index.php\/urun\/arac-etkinlik-kitabi-paw-patro\/","title":{"rendered":"Ara\u00e7 Etkinlik Kitab\u0131  Paw Patro"},"content":{"rendered":"<p>PAW Patrol ile harekete ge\u00e7! Bu k\u00f6pte\u015fem Ara\u00e7 Etkinlik Kitab\u0131\u2019nda her sayfada yeni bir y\u00fcksek teknoloji maceras\u0131 seni bekliyor! Chase\u2019in trafik oyunundan Skye\u2019\u0131n yar\u0131\u015f pisti labirentine kadar bir\u00e7ok heyecan verici etkinlik seni bekliyor. Kemerlerini ba\u011fla, h\u0131zlanma zaman\u0131! <\/p>\n","protected":false},"excerpt":{"rendered":"<p>PAW Patrol ile harekete ge\u00e7! Bu k\u00f6pte\u015fem Ara\u00e7 Etkinlik Kitab\u0131\u2019nda her sayfada yeni bir y\u00fcksek teknoloji maceras\u0131 seni bekliyor! Chase\u2019in trafik oyunundan Skye\u2019\u0131n yar\u0131\u015f pisti labirentine<span class=\"excerpt-hellip\"> [\u2026]<\/span><\/p>\n","protected":false},"featured_media":0,"template":"","meta":{"_monsterinsights_skip_tracking":false,"_monsterinsights_sitenote_active":false,"_monsterinsights_sitenote_note":"","_monsterinsights_sitenote_category":0},"product_brand":[],"product_cat":[12644,12274],"product_tag":[],"class_list":{"0":"post-773228","1":"product","2":"type-product","3":"status-publish","5":"product_cat-boyama-kitaplari","6":"product_cat-cocuk-ve-genclik-kitaplari","7":"pa_cilt-ciltsiz","8":"pa_tur-kitap","9":"pa_yayinevi-beta-kids","10":"pa_yazar-kolektif","12":"first","13":"instock","14":"sale","15":"shipping-taxable","16":"purchasable","17":"product-type-simple"},"_links":{"self":[{"href":"https:\/\/roveyayinevi.com.tr\/index.php\/wp-json\/wp\/v2\/product\/773228","targetHints":{"allow":["GET"]}}],"collection":[{"href":"https:\/\/roveyayinevi.com.tr\/index.php\/wp-json\/wp\/v2\/product"}],"about":[{"href":"https:\/\/roveyayinevi.com.tr\/index.php\/wp-json\/wp\/v2\/types\/product"}],"wp:attachment":[{"href":"https:\/\/roveyayinevi.com.tr\/index.php\/wp-json\/wp\/v2\/media?parent=773228"}],"wp:term":[{"taxonomy":"product_brand","embeddable":true,"href":"https:\/\/roveyayinevi.com.tr\/index.php\/wp-json\/wp\/v2\/product_brand?post=773228"},{"taxonomy":"product_cat","embeddable":true,"href":"https:\/\/roveyayinevi.com.tr\/index.php\/wp-json\/wp\/v2\/product_cat?post=773228"},{"taxonomy":"product_tag","embeddable":true,"href":"https:\/\/roveyayinevi.com.tr\/index.php\/wp-json\/wp\/v2\/product_tag?post=773228"}],"curies":[{"name":"wp","href":"https:\/\/api.w.org\/{rel}","templated":true}]}}