{"id":773227,"date":"2025-08-28T16:08:11","date_gmt":"2025-08-28T13:08:11","guid":{"rendered":"https:\/\/roveyayinevi.com.tr\/index.php\/urun\/camondoya-mektuplar\/"},"modified":"2026-04-15T03:39:26","modified_gmt":"2026-04-15T00:39:26","slug":"camondoya-mektuplar","status":"publish","type":"product","link":"https:\/\/roveyayinevi.com.tr\/index.php\/urun\/camondoya-mektuplar\/","title":{"rendered":"Camondo\u2019ya  Mektuplar"},"content":{"rendered":"<p>Camondo\u2019ya Mekuplar, Edmund de Waal\u2019\u0131n \u00f6d\u00fcll\u00fc biyografi kitab\u0131 Kehribar G\u00f6zl\u00fc Tav\u015fan\u2019daki gibi aile tarihine odaklan\u0131yor ve mektuplar vas\u0131tas\u0131yla edebiyat, sanat, mimari, tarih ve biyografiyi birbiriyle harmanlayarak ge\u00e7mi\u015fin izini s\u00fcr\u00fcyor. Kitap, 19. Y\u00fczy\u0131l \u0130stanbul\u2019una, \u00f6zellikle de Galata semtine derin izler b\u0131rakan Camondo Ailesi\u2019nin fertlerinden Mo\u00efse de Camondo\u2019ya yaz\u0131lan elli sekiz mektuptan olu\u015fuyor. Edmund de Waal, 1869\u2019da \u0130stanbul\u2019dan Paris\u2019e ta\u015f\u0131nan, I. D\u00fcnya Sava\u015f\u0131\u2019nda o\u011flu Nissim\u2019i kaybeden Mo\u00efse de Camondo\u2019nun, ya\u015fad\u0131klar\u0131 evi ba\u011f\u0131\u015flayarak onun an\u0131s\u0131na kurulmas\u0131n\u0131 sa\u011flad\u0131\u011f\u0131, geni\u015f bir 18. y\u00fczy\u0131l Frans\u0131z sanat\u0131 koleksiyonu bar\u0131nd\u0131ran Nissim de Camondo M\u00fczesi\u2019nin odalar\u0131nda geziniyor. Nesneler, mobilyalar ve sanat eserleri vas\u0131tas\u0131yla bize Proustvari bir pencere aral\u0131yor. \u201cEdmund de Waal bu ince ve zarif kitapta, kelimelerin nesnelerden daha az yer kaplamakla birlikte an\u0131lar\u0131m\u0131z\u0131 en az onlar kadar iyi bar\u0131nd\u0131rabileceklerini g\u00f6steriyor.\u201d \u2014The New York Times Book Review<\/p>\n","protected":false},"excerpt":{"rendered":"<p>Camondo\u2019ya Mekuplar, Edmund de Waal\u2019\u0131n \u00f6d\u00fcll\u00fc biyografi kitab\u0131 Kehribar G\u00f6zl\u00fc Tav\u015fan\u2019daki gibi aile tarihine odaklan\u0131yor ve mektuplar vas\u0131tas\u0131yla edebiyat, sanat, mimari, tarih ve biyografiyi birbiriyle harmanlayarak<span class=\"excerpt-hellip\"> [\u2026]<\/span><\/p>\n","protected":false},"featured_media":0,"template":"","meta":{"_monsterinsights_skip_tracking":false,"_monsterinsights_sitenote_active":false,"_monsterinsights_sitenote_note":"","_monsterinsights_sitenote_category":0},"product_brand":[],"product_cat":[12777,12291],"product_tag":[],"class_list":{"0":"post-773227","1":"product","2":"type-product","3":"status-publish","5":"product_cat-deneme","6":"product_cat-edebiyat","7":"pa_cilt-ciltsiz","8":"pa_tur-kitap","9":"pa_yayinevi-everest-yayinlari","10":"pa_yazar-edmund-de-waal","12":"first","13":"instock","14":"sale","15":"shipping-taxable","16":"purchasable","17":"product-type-simple"},"_links":{"self":[{"href":"https:\/\/roveyayinevi.com.tr\/index.php\/wp-json\/wp\/v2\/product\/773227","targetHints":{"allow":["GET"]}}],"collection":[{"href":"https:\/\/roveyayinevi.com.tr\/index.php\/wp-json\/wp\/v2\/product"}],"about":[{"href":"https:\/\/roveyayinevi.com.tr\/index.php\/wp-json\/wp\/v2\/types\/product"}],"wp:attachment":[{"href":"https:\/\/roveyayinevi.com.tr\/index.php\/wp-json\/wp\/v2\/media?parent=773227"}],"wp:term":[{"taxonomy":"product_brand","embeddable":true,"href":"https:\/\/roveyayinevi.com.tr\/index.php\/wp-json\/wp\/v2\/product_brand?post=773227"},{"taxonomy":"product_cat","embeddable":true,"href":"https:\/\/roveyayinevi.com.tr\/index.php\/wp-json\/wp\/v2\/product_cat?post=773227"},{"taxonomy":"product_tag","embeddable":true,"href":"https:\/\/roveyayinevi.com.tr\/index.php\/wp-json\/wp\/v2\/product_tag?post=773227"}],"curies":[{"name":"wp","href":"https:\/\/api.w.org\/{rel}","templated":true}]}}