{"id":773226,"date":"2025-08-28T16:08:08","date_gmt":"2025-08-28T13:08:08","guid":{"rendered":"https:\/\/roveyayinevi.com.tr\/index.php\/urun\/kucuk-kuzguna-mektuplar\/"},"modified":"2026-04-15T03:39:26","modified_gmt":"2026-04-15T00:39:26","slug":"kucuk-kuzguna-mektuplar","status":"publish","type":"product","link":"https:\/\/roveyayinevi.com.tr\/index.php\/urun\/kucuk-kuzguna-mektuplar\/","title":{"rendered":"K\u00fc\u00e7\u00fck Kuzgun\u2019a Mektuplar"},"content":{"rendered":"<p>Dedesinin kendisine yazd\u0131\u011f\u0131 ve k\u00fc\u00e7\u00fck bir kutuda y\u0131llard\u0131r sakl\u0131 duran mektuplar\u0131 okuyan Tulugaq Kagagi, kendisini evlat edinen \u0130nuit (Eskimo) annesi Peepeelee ve Oji-Kri (K\u0131z\u0131lderili) babas\u0131 James\u2019le ya\u015fad\u0131klar\u0131n\u0131 ve \u00e7ak\u0131l ta\u015flar\u0131 gibi ne kadar farkl\u0131 olsak da birbirimize bir o kadar da benzedi\u011fimizi en saf haliyle \u00f6\u011freniyor. Minominike dedeyle Adik nine yerli halklar\u0131n \u00f6yk\u00fclerini, kendi deneyimlerini, i\u00e7sel yolculuklar\u0131n\u0131, kuzgunlarla turna bal\u0131klar\u0131 ve ay\u0131lar\u0131n, g\u00f6llerle \u0131rmaklar\u0131n anlatt\u0131klar\u0131n\u0131 en i\u00e7ten duygular\u0131yla harmanlay\u0131p t\u00fcm insanl\u0131\u011fa zaman\u0131n \u00f6tesinde mektuplar g\u00f6nderiyor. \u201cK\u00fc\u00e7\u00fck Kuzgun\u2019a Mektuplar yurdumuzun k\u00f6klerini, \u00f6zg\u00fcn ve \u00f6zg\u00fcr ba\u011f\u0131ms\u0131z halklar\u0131n ruhunu ortaya koyuyor. Y\u00fcce Ruh\u2019la kurdu\u011fumuz ba\u011f\u0131 ve topraklar\u0131m\u0131za olan derin sevgimizi \u00e7ok do\u011fru bir bi\u00e7imde yans\u0131t\u0131yor. G\u00fcn\u00fcm\u00fcz d\u00fcnyas\u0131nda g\u00f6rd\u00fc\u011f\u00fcm\u00fcz ayr\u0131\u015fma ve b\u00f6l\u00fcnmeyi a\u015fan de\u011ferleri kullanarak insanl\u0131\u011f\u0131 birle\u015ftirmek i\u00e7in hepimize esin kayna\u011f\u0131 oluyor.\u201d \u2013Dave Courchene (Nii Ganni Aki \u0130nini) Kanada K\u0131z\u0131lderili Halklar \u0130lk El\u00e7isi \u201cBu bilgeli\u011fi okuyun, tad\u0131n, keyfini \u00e7\u0131kar\u0131n ve sevgi ile inan\u00e7 yolunda y\u00fcreklenin. \u0130nsanlar kendi geleneklerini, deneyimlerini ve bunlar\u0131n de\u011ferini anlamak i\u00e7in genellikle ba\u015fka bir dile gerek duyarlar. Washburn bu kitapta tam da bunu yapm\u0131\u015ft\u0131r.\u201d \u2013Peder Richard Rohr \u201cBu kitap kesinlikle herkese okutulmal\u0131, i\u00e7erdi\u011fi mesaj herkese ula\u015fmal\u0131.\u201d \u2013Dennis Banks (Naawakamig) Amerika K\u0131z\u0131lderilileri Hareketi\u2019nin kurucu ve aktivisti, Mohikanlar\u0131n Sonuncusu ve Sava\u015f\u00e7\u0131 Ojibwa kitaplar\u0131n\u0131n yazar\u0131<\/p>\n","protected":false},"excerpt":{"rendered":"<p>Dedesinin kendisine yazd\u0131\u011f\u0131 ve k\u00fc\u00e7\u00fck bir kutuda y\u0131llard\u0131r sakl\u0131 duran mektuplar\u0131 okuyan Tulugaq Kagagi, kendisini evlat edinen \u0130nuit (Eskimo) annesi Peepeelee ve Oji-Kri (K\u0131z\u0131lderili) babas\u0131 James\u2019le<span class=\"excerpt-hellip\"> [\u2026]<\/span><\/p>\n","protected":false},"featured_media":0,"template":"","meta":{"_monsterinsights_skip_tracking":false,"_monsterinsights_sitenote_active":false,"_monsterinsights_sitenote_note":"","_monsterinsights_sitenote_category":0},"product_brand":[],"product_cat":[12291,12711],"product_tag":[],"class_list":{"0":"post-773226","1":"product","2":"type-product","3":"status-publish","5":"product_cat-edebiyat","6":"product_cat-roman-oyku","7":"pa_cilt-ciltsiz","8":"pa_tur-kitap","9":"pa_yayinevi-kapi-yayinlari","10":"pa_yazar-james-washburn","12":"first","13":"instock","14":"sale","15":"shipping-taxable","16":"purchasable","17":"product-type-simple"},"_links":{"self":[{"href":"https:\/\/roveyayinevi.com.tr\/index.php\/wp-json\/wp\/v2\/product\/773226","targetHints":{"allow":["GET"]}}],"collection":[{"href":"https:\/\/roveyayinevi.com.tr\/index.php\/wp-json\/wp\/v2\/product"}],"about":[{"href":"https:\/\/roveyayinevi.com.tr\/index.php\/wp-json\/wp\/v2\/types\/product"}],"wp:attachment":[{"href":"https:\/\/roveyayinevi.com.tr\/index.php\/wp-json\/wp\/v2\/media?parent=773226"}],"wp:term":[{"taxonomy":"product_brand","embeddable":true,"href":"https:\/\/roveyayinevi.com.tr\/index.php\/wp-json\/wp\/v2\/product_brand?post=773226"},{"taxonomy":"product_cat","embeddable":true,"href":"https:\/\/roveyayinevi.com.tr\/index.php\/wp-json\/wp\/v2\/product_cat?post=773226"},{"taxonomy":"product_tag","embeddable":true,"href":"https:\/\/roveyayinevi.com.tr\/index.php\/wp-json\/wp\/v2\/product_tag?post=773226"}],"curies":[{"name":"wp","href":"https:\/\/api.w.org\/{rel}","templated":true}]}}