{"id":773224,"date":"2025-08-28T16:08:04","date_gmt":"2025-08-28T13:08:04","guid":{"rendered":"https:\/\/roveyayinevi.com.tr\/index.php\/urun\/kendi-gecesinde-2\/"},"modified":"2026-04-15T03:39:25","modified_gmt":"2026-04-15T00:39:25","slug":"kendi-gecesinde-2","status":"publish","type":"product","link":"https:\/\/roveyayinevi.com.tr\/index.php\/urun\/kendi-gecesinde-2\/","title":{"rendered":"Kendi Gecesinde"},"content":{"rendered":"<p>\u201c\u0130nsan\u0131n kendini ba\u011f\u0131\u015flamas\u0131 kolay de\u011fil, ona yard\u0131m edecek, ba\u011f\u0131\u015flayacak birisi olmal\u0131.\u201d   Hayati ile Reyan\u2019\u0131n Londra\u2019da kar\u015f\u0131la\u015fmas\u0131, hayal edilmesi pek kolay olmayan \u015fa\u015f\u0131rt\u0131c\u0131 tesad\u00fcflerden biri say\u0131labilir: Hayati hep uza\u011f\u0131ndaki bir anne, sert ini\u015fler ve \u00e7\u0131k\u0131\u015flar ya\u015fad\u0131\u011f\u0131 bir baba, cinsel kimli\u011fini sorgulad\u0131\u011f\u0131, zor ya\u015fanm\u0131\u015f ilkgen\u00e7li\u011fiyle kendini zoraki bir ka\u00e7ak\u00e7\u0131 olarak bu \u015fehirde bulmu\u015ftur. Moda tasar\u0131mc\u0131s\u0131 olan Reyan da bir o kadar yaral\u0131d\u0131r. Aralar\u0131ndaki ili\u015fki her an k\u0131r\u0131labilecek kadar narindir ve ya\u015famas\u0131, ikisinin de kendiyle uzla\u015fmas\u0131na, ge\u00e7mi\u015fle hesapla\u015f\u0131rken bug\u00fcn\u00fc umutla yeniden kurabilmesine ba\u011fl\u0131d\u0131r. T\u00fcrk edebiyat\u0131n\u0131n en usta kalemlerinden \u0130nci Aral, bir metafor olarak Karag\u00f6z-Hacivat oyunlar\u0131n\u0131n mizahla harmanlanm\u0131\u015f bilgeli\u011fini de anlat\u0131ya katarak, bug\u00fcn\u00fcn siyasal ikliminde, k\u0131rkl\u0131 ya\u015flardaki Hayati\u2019nin g\u00f6z\u00fcnden a\u015fka, cinselli\u011fe, d\u0131\u015flanmaya, kimlik aray\u0131\u015flar\u0131na dair sorular soruyor. Herkese benzemeyeni \u00f6b\u00fcr tarafa, yaln\u0131zl\u0131\u011fa itiyorlar. Parazit, hatta yok say\u0131yorlar ama yok say\u0131lan yok olmuyor, \u00f6lm\u00fcyor. Ist\u0131raba d\u00f6n\u00fc\u015f\u00fcyor ve baz\u0131lar\u0131n\u0131 savurup at\u0131yor. <\/p>\n","protected":false},"excerpt":{"rendered":"<p>\u201c\u0130nsan\u0131n kendini ba\u011f\u0131\u015flamas\u0131 kolay de\u011fil, ona yard\u0131m edecek, ba\u011f\u0131\u015flayacak birisi olmal\u0131.\u201d Hayati ile Reyan\u2019\u0131n Londra\u2019da kar\u015f\u0131la\u015fmas\u0131, hayal edilmesi pek kolay olmayan \u015fa\u015f\u0131rt\u0131c\u0131 tesad\u00fcflerden biri say\u0131labilir: Hayati<span class=\"excerpt-hellip\"> [\u2026]<\/span><\/p>\n","protected":false},"featured_media":0,"template":"","meta":{"_monsterinsights_skip_tracking":false,"_monsterinsights_sitenote_active":false,"_monsterinsights_sitenote_note":"","_monsterinsights_sitenote_category":0},"product_brand":[],"product_cat":[12291,12711],"product_tag":[],"class_list":{"0":"post-773224","1":"product","2":"type-product","3":"status-publish","5":"product_cat-edebiyat","6":"product_cat-roman-oyku","7":"pa_cilt-ciltsiz","8":"pa_tur-kitap","9":"pa_yayinevi-everest-yayinlari","10":"pa_yazar-inci-aral","12":"first","13":"instock","14":"sale","15":"shipping-taxable","16":"purchasable","17":"product-type-simple"},"_links":{"self":[{"href":"https:\/\/roveyayinevi.com.tr\/index.php\/wp-json\/wp\/v2\/product\/773224","targetHints":{"allow":["GET"]}}],"collection":[{"href":"https:\/\/roveyayinevi.com.tr\/index.php\/wp-json\/wp\/v2\/product"}],"about":[{"href":"https:\/\/roveyayinevi.com.tr\/index.php\/wp-json\/wp\/v2\/types\/product"}],"wp:attachment":[{"href":"https:\/\/roveyayinevi.com.tr\/index.php\/wp-json\/wp\/v2\/media?parent=773224"}],"wp:term":[{"taxonomy":"product_brand","embeddable":true,"href":"https:\/\/roveyayinevi.com.tr\/index.php\/wp-json\/wp\/v2\/product_brand?post=773224"},{"taxonomy":"product_cat","embeddable":true,"href":"https:\/\/roveyayinevi.com.tr\/index.php\/wp-json\/wp\/v2\/product_cat?post=773224"},{"taxonomy":"product_tag","embeddable":true,"href":"https:\/\/roveyayinevi.com.tr\/index.php\/wp-json\/wp\/v2\/product_tag?post=773224"}],"curies":[{"name":"wp","href":"https:\/\/api.w.org\/{rel}","templated":true}]}}