{"id":773223,"date":"2025-08-28T16:08:03","date_gmt":"2025-08-28T13:08:03","guid":{"rendered":"https:\/\/roveyayinevi.com.tr\/index.php\/urun\/12-ayda-12-mulakat-sozde-ermeni-soykirimi-hakkinda-hakikat\/"},"modified":"2026-04-15T03:39:25","modified_gmt":"2026-04-15T00:39:25","slug":"12-ayda-12-mulakat-sozde-ermeni-soykirimi-hakkinda-hakikat","status":"publish","type":"product","link":"https:\/\/roveyayinevi.com.tr\/index.php\/urun\/12-ayda-12-mulakat-sozde-ermeni-soykirimi-hakkinda-hakikat\/","title":{"rendered":"12 Ayda 12 M\u00fclakat: S\u00f6zde Ermeni Soyk\u0131r\u0131m\u0131 Hakk\u0131nda Hakikat"},"content":{"rendered":"<p>\u00d6zellikle ABD ve Avrupa\u2019daki Ermeni Diyasporas\u0131\u2019n\u0131n, \u201csoyk\u0131r\u0131m\u201d yalanlar\u0131na bulanm\u0131\u015f \u0131rk\u00e7\u0131 T\u00fcrk d\u00fc\u015fmanl\u0131\u011f\u0131n\u0131 s\u00fcrekli k\u00f6r\u00fckledi\u011fi, ve bu \u015fekilde hem yurt d\u0131\u015f\u0131ndaki T\u00fcrkleri, hem de T\u00fcrkiye Cumhuriyeti\u2019ni hedef ald\u0131\u011f\u0131 bir vak\u0131ad\u0131r. Bu mesele, son y\u0131llarda T\u00fcrk-Amerikan ili\u015fkilerini de derinden etkilemi\u015ftir. Okuyucunun on binlerce sayfa tutan bir k\u00fclliyat\u0131 okumas\u0131na gerek kalmadan \u201cErmeni Meselesi\u201d denilen meselenin \u00f6z\u00fcne vak\u0131f olmas\u0131n\u0131 hedefleyen T\u00fcrk-Amerikan G\u00fcvenlik Vakf\u0131 (TASFO), mesele \u00fczerine uzun soluklu, derinlemesine ara\u015ft\u0131rmalar yapm\u0131\u015f, konusunda uzman 12 akademisyenle m\u00fclakatlar yapm\u0131\u015f, ve bu m\u00fclakatlar\u0131 da elinizdeki kitapta yay\u0131na sunmu\u015ftur. TASFO olarak, bu benzersiz eseri t\u00fcm d\u00fcnyadaki T\u00fcrk okuyucularla bulu\u015fturabilmi\u015f olman\u0131n hakl\u0131 gururunu ya\u015f\u0131yoruz. Unutulmas\u0131n ki, T\u00fcrk D\u00fcnyas\u0131 T\u00fcrkiye\u2019den ibaret de\u011fildir! Yurtd\u0131\u015f\u0131nda ya\u015fayan, ve t\u00fcm d\u00fcnyaya da\u011f\u0131lm\u0131\u015f olan ayd\u0131nlanmac\u0131, y\u0131lmaz T\u00fcrk Milliyet\u00e7ileri var olduk\u00e7a, ulusumuzu ve milletimizi hedef alan Ermeni Diyasporas\u0131 maddeten ve siyaseten ne kadar g\u00fc\u00e7l\u00fc olursa olsun, nihai hedeflerine asla ula\u015famayacakt\u0131r. <\/p>\n","protected":false},"excerpt":{"rendered":"<p>\u00d6zellikle ABD ve Avrupa\u2019daki Ermeni Diyasporas\u0131\u2019n\u0131n, \u201csoyk\u0131r\u0131m\u201d yalanlar\u0131na bulanm\u0131\u015f \u0131rk\u00e7\u0131 T\u00fcrk d\u00fc\u015fmanl\u0131\u011f\u0131n\u0131 s\u00fcrekli k\u00f6r\u00fckledi\u011fi, ve bu \u015fekilde hem yurt d\u0131\u015f\u0131ndaki T\u00fcrkleri, hem de T\u00fcrkiye Cumhuriyeti\u2019ni hedef<span class=\"excerpt-hellip\"> [\u2026]<\/span><\/p>\n","protected":false},"featured_media":0,"template":"","meta":{"_monsterinsights_skip_tracking":false,"_monsterinsights_sitenote_active":false,"_monsterinsights_sitenote_note":"","_monsterinsights_sitenote_category":0},"product_brand":[],"product_cat":[13590,12337],"product_tag":[],"class_list":{"0":"post-773223","1":"product","2":"type-product","3":"status-publish","5":"product_cat-arastirma-inceleme-politika-siyaset","6":"product_cat-politika-siyaset","7":"pa_cilt-ciltsiz","8":"pa_tur-kitap","9":"pa_yayinevi-soncag-akademik-kitaplar","10":"pa_yazar-kolektif","12":"first","13":"instock","14":"sale","15":"shipping-taxable","16":"purchasable","17":"product-type-simple"},"_links":{"self":[{"href":"https:\/\/roveyayinevi.com.tr\/index.php\/wp-json\/wp\/v2\/product\/773223","targetHints":{"allow":["GET"]}}],"collection":[{"href":"https:\/\/roveyayinevi.com.tr\/index.php\/wp-json\/wp\/v2\/product"}],"about":[{"href":"https:\/\/roveyayinevi.com.tr\/index.php\/wp-json\/wp\/v2\/types\/product"}],"wp:attachment":[{"href":"https:\/\/roveyayinevi.com.tr\/index.php\/wp-json\/wp\/v2\/media?parent=773223"}],"wp:term":[{"taxonomy":"product_brand","embeddable":true,"href":"https:\/\/roveyayinevi.com.tr\/index.php\/wp-json\/wp\/v2\/product_brand?post=773223"},{"taxonomy":"product_cat","embeddable":true,"href":"https:\/\/roveyayinevi.com.tr\/index.php\/wp-json\/wp\/v2\/product_cat?post=773223"},{"taxonomy":"product_tag","embeddable":true,"href":"https:\/\/roveyayinevi.com.tr\/index.php\/wp-json\/wp\/v2\/product_tag?post=773223"}],"curies":[{"name":"wp","href":"https:\/\/api.w.org\/{rel}","templated":true}]}}