{"id":773222,"date":"2025-08-28T16:08:01","date_gmt":"2025-08-28T13:08:01","guid":{"rendered":"https:\/\/roveyayinevi.com.tr\/index.php\/urun\/tasarim-kitabi-ciltli\/"},"modified":"2026-04-15T03:39:25","modified_gmt":"2026-04-15T00:39:25","slug":"tasarim-kitabi-ciltli","status":"publish","type":"product","link":"https:\/\/roveyayinevi.com.tr\/index.php\/urun\/tasarim-kitabi-ciltli\/","title":{"rendered":"Tasar\u0131m Kitab\u0131 (Ciltli)"},"content":{"rendered":"<p>Bauhaus hareketi nedir? Piktogramlar\u0131 kim geli\u015ftirdi? Ak\u0131ll\u0131 malzemeler nas\u0131l \u00e7al\u0131\u015f\u0131r? Bu kitap, i\u015flevsel nesnelere form veren, kurumsal kimlikler olu\u015fturan ve \u00e7evreyi ihtiya\u00e7lar\u0131m\u0131za uyacak \u015fekilde \u015fekillendiren tasar\u0131mlar\u0131n ard\u0131ndaki fikirleri inceleyerek bu sorular\u0131 ve daha fazlas\u0131n\u0131 yan\u0131tl\u0131yor. Sade bir dille yaz\u0131lm\u0131\u015f olan Tasar\u0131m Kitab\u0131, kolayca anla\u015f\u0131lan k\u0131sa ve \u00f6zl\u00fc a\u00e7\u0131klamalar\u0131, temel ilkelerin d\u00fc\u011f\u00fcmlerini ad\u0131m ad\u0131m \u00e7\u00f6zen \u015femalar\u0131, bilimsel ke\u015fifleri unutulmaz k\u0131lan klasik al\u0131nt\u0131lar\u0131 ve tasar\u0131m anlay\u0131\u015f\u0131m\u0131z\u0131 alt \u00fcst eden grafikleriyle ba\u015fucu kitab\u0131n\u0131z olacak. Bilgi d\u00fczeyiniz ne olursa olsun, ister hevesli bir \u00f6\u011frenci ister d\u00fcnyan\u0131n nas\u0131l i\u015fledi\u011fini merak eden biri, bu kitapta sizi heyecanland\u0131racak \u00e7ok \u015fey bulacaks\u0131n\u0131z. <\/p>\n","protected":false},"excerpt":{"rendered":"<p>Bauhaus hareketi nedir? Piktogramlar\u0131 kim geli\u015ftirdi? Ak\u0131ll\u0131 malzemeler nas\u0131l \u00e7al\u0131\u015f\u0131r? Bu kitap, i\u015flevsel nesnelere form veren, kurumsal kimlikler olu\u015fturan ve \u00e7evreyi ihtiya\u00e7lar\u0131m\u0131za uyacak \u015fekilde \u015fekillendiren tasar\u0131mlar\u0131n<span class=\"excerpt-hellip\"> [\u2026]<\/span><\/p>\n","protected":false},"featured_media":0,"template":"","meta":{"_monsterinsights_skip_tracking":false,"_monsterinsights_sitenote_active":false,"_monsterinsights_sitenote_note":"","_monsterinsights_sitenote_category":0},"product_brand":[],"product_cat":[13489,13488],"product_tag":[],"class_list":{"0":"post-773222","1":"product","2":"type-product","3":"status-publish","5":"product_cat-populer-kultur","6":"product_cat-toplum-ve-insan","7":"pa_cilt-ciltli","8":"pa_tur-kitap","9":"pa_yayinevi-alfa-yayinlari","10":"pa_yazar-kolektif","12":"first","13":"instock","14":"sale","15":"shipping-taxable","16":"purchasable","17":"product-type-simple"},"_links":{"self":[{"href":"https:\/\/roveyayinevi.com.tr\/index.php\/wp-json\/wp\/v2\/product\/773222","targetHints":{"allow":["GET"]}}],"collection":[{"href":"https:\/\/roveyayinevi.com.tr\/index.php\/wp-json\/wp\/v2\/product"}],"about":[{"href":"https:\/\/roveyayinevi.com.tr\/index.php\/wp-json\/wp\/v2\/types\/product"}],"wp:attachment":[{"href":"https:\/\/roveyayinevi.com.tr\/index.php\/wp-json\/wp\/v2\/media?parent=773222"}],"wp:term":[{"taxonomy":"product_brand","embeddable":true,"href":"https:\/\/roveyayinevi.com.tr\/index.php\/wp-json\/wp\/v2\/product_brand?post=773222"},{"taxonomy":"product_cat","embeddable":true,"href":"https:\/\/roveyayinevi.com.tr\/index.php\/wp-json\/wp\/v2\/product_cat?post=773222"},{"taxonomy":"product_tag","embeddable":true,"href":"https:\/\/roveyayinevi.com.tr\/index.php\/wp-json\/wp\/v2\/product_tag?post=773222"}],"curies":[{"name":"wp","href":"https:\/\/api.w.org\/{rel}","templated":true}]}}