{"id":773221,"date":"2025-08-28T16:08:00","date_gmt":"2025-08-28T13:08:00","guid":{"rendered":"https:\/\/roveyayinevi.com.tr\/index.php\/urun\/ruhun-mimari\/"},"modified":"2026-04-15T03:39:25","modified_gmt":"2026-04-15T00:39:25","slug":"ruhun-mimari","status":"publish","type":"product","link":"https:\/\/roveyayinevi.com.tr\/index.php\/urun\/ruhun-mimari\/","title":{"rendered":"Ruhun Mimar\u0131"},"content":{"rendered":"<p>Ali\u2019nin kaleminden \u00e7\u0131kan Ruhun Mimar\u0131, modern insan\u0131n i\u00e7sel aray\u0131\u015f\u0131na \u0131\u015f\u0131k tutan, mistik, felsefi ve derinlikli bir yolculuk metni. Kitap; bilin\u00e7, g\u00f6lge, denge, anlam aray\u0131\u015f\u0131 ve bireyle\u015fme \u00fczerine katman katman a\u00e7\u0131lan bir i\u00e7sel harita sunuyor. Her sayfa, okuru hem zihinsel hem de ruhsal bir uyan\u0131\u015fa davet ediyor.   Kitaptan Baz\u0131 Temalar: Kendini Bilme: Antik \u00f6\u011fretilerden esinle, \u201cNosce te ipsum\u201d \u00e7a\u011fr\u0131s\u0131na yan\u0131t veren bir yap\u0131. G\u00f6lgeyle Y\u00fczle\u015fme: Jungiyen psikolojiyle harmanlanm\u0131\u015f, ki\u015fisel karanl\u0131kla dostluk kurma cesareti. Mistik Yolculuklar: Kadim bilgiler, \u015famanik semboller ve sezgisel anlat\u0131larla ruhsal kap\u0131lar aralan\u0131yor. Zaman ve Zihin: Lineer zaman\u0131n \u00f6tesinde; bilincin \u00e7ok katmanl\u0131 yap\u0131s\u0131 ve zaman\u0131n i\u00e7sel i\u015fleyi\u015fi. \u0130nisiyasyon: Kitap boyunca okur, bir inisiyasyon seremonisinin i\u00e7inde yol al\u0131yor gibi hisseder.   Yazardan Not:   \u201cBu kitap bir cevaptan \u00e7ok bir \u00e7a\u011fr\u0131d\u0131r. Bir \u00f6\u011fretiden \u00e7ok bir hat\u0131rlamad\u0131r. Ruhunuza bir kap\u0131 a\u00e7mak i\u00e7in yaz\u0131ld\u0131. Haz\u0131rsan, birlikte y\u00fcr\u00fcyelim.\u201d     Kimler Okumal\u0131? Spirit\u00fcel aray\u0131\u015fta olanlar Kendini tan\u0131ma yolculu\u011funda rehber arayanlar Mistik, felsefi ve derinlikli anlat\u0131lardan ilham alanlar Kadim bilgileri modern hayatla bulu\u015fturmak isteyenler   Kitab\u0131n Fark\u0131 Nedir?   Ruhun Mimar\u0131, sadece bir ki\u015fisel geli\u015fim kitab\u0131 de\u011fil; ayn\u0131 zamanda bir bilin\u00e7 uyan\u0131\u015f\u0131 metni. Meditasyon yapanlardan terapistlere, rit\u00fcel d\u00fczenleyenlerden filozoflara kadar herkesin i\u00e7inde kendine bir sayfa bulabilece\u011fi bir \u201cruh rehberi\u201d. <\/p>\n","protected":false},"excerpt":{"rendered":"<p>Ali\u2019nin kaleminden \u00e7\u0131kan Ruhun Mimar\u0131, modern insan\u0131n i\u00e7sel aray\u0131\u015f\u0131na \u0131\u015f\u0131k tutan, mistik, felsefi ve derinlikli bir yolculuk metni. Kitap; bilin\u00e7, g\u00f6lge, denge, anlam aray\u0131\u015f\u0131 ve bireyle\u015fme<span class=\"excerpt-hellip\"> [\u2026]<\/span><\/p>\n","protected":false},"featured_media":0,"template":"","meta":{"_monsterinsights_skip_tracking":false,"_monsterinsights_sitenote_active":false,"_monsterinsights_sitenote_note":"","_monsterinsights_sitenote_category":0},"product_brand":[],"product_cat":[12364,12376],"product_tag":[],"class_list":{"0":"post-773221","1":"product","2":"type-product","3":"status-publish","5":"product_cat-genel-konular","6":"product_cat-kisisel-gelisim","7":"pa_cilt-ciltsiz","8":"pa_tur-kitap","9":"pa_yayinevi-nar-sahne-yayinlari","10":"pa_yazar-ali-kardes","12":"first","13":"instock","14":"sale","15":"shipping-taxable","16":"purchasable","17":"product-type-simple"},"_links":{"self":[{"href":"https:\/\/roveyayinevi.com.tr\/index.php\/wp-json\/wp\/v2\/product\/773221","targetHints":{"allow":["GET"]}}],"collection":[{"href":"https:\/\/roveyayinevi.com.tr\/index.php\/wp-json\/wp\/v2\/product"}],"about":[{"href":"https:\/\/roveyayinevi.com.tr\/index.php\/wp-json\/wp\/v2\/types\/product"}],"wp:attachment":[{"href":"https:\/\/roveyayinevi.com.tr\/index.php\/wp-json\/wp\/v2\/media?parent=773221"}],"wp:term":[{"taxonomy":"product_brand","embeddable":true,"href":"https:\/\/roveyayinevi.com.tr\/index.php\/wp-json\/wp\/v2\/product_brand?post=773221"},{"taxonomy":"product_cat","embeddable":true,"href":"https:\/\/roveyayinevi.com.tr\/index.php\/wp-json\/wp\/v2\/product_cat?post=773221"},{"taxonomy":"product_tag","embeddable":true,"href":"https:\/\/roveyayinevi.com.tr\/index.php\/wp-json\/wp\/v2\/product_tag?post=773221"}],"curies":[{"name":"wp","href":"https:\/\/api.w.org\/{rel}","templated":true}]}}