{"id":773220,"date":"2025-08-28T16:07:58","date_gmt":"2025-08-28T13:07:58","guid":{"rendered":"https:\/\/roveyayinevi.com.tr\/index.php\/urun\/bu-senin-tarzin-bitmeyen-sticker\/"},"modified":"2026-04-15T03:39:25","modified_gmt":"2026-04-15T00:39:25","slug":"bu-senin-tarzin-bitmeyen-sticker","status":"publish","type":"product","link":"https:\/\/roveyayinevi.com.tr\/index.php\/urun\/bu-senin-tarzin-bitmeyen-sticker\/","title":{"rendered":"Bu Senin Tarz\u0131n &#8211; Bitmeyen Sticker"},"content":{"rendered":"<p>Minik moda tasar\u0131mc\u0131lar\u0131 i\u015f ba\u015f\u0131na! &#8220;Bu Senin Tarz\u0131n&#8221; seni reng\u00e2renk bir hayal d\u00fcnyas\u0131na davet ediyor! Kitab\u0131n i\u00e7indeki sevimli k\u0131z \u00e7ocuklar\u0131n\u0131, bitmeyen \u00e7\u0131kartma sayfalar\u0131ndaki birbirinden g\u00fczel k\u0131yafetlerle s\u00fcsle. Kendi modan\u0131 olu\u015ftururken hayal g\u00fcc\u00fcn\u00fc serbest b\u0131rak! \u0130ster masals\u0131 prensesler, ister enerjik sporcular, istersen de bamba\u015fka \u00f6zg\u00fcn stiller olu\u015fturabilirsin. Tekrar tekrar kullanabilece\u011fin \u00e7\u0131kartmalar sayesinde her g\u00fcn yeni kombinler denemek \u00e7ok e\u011flenceli! Bu kitap sadece e\u011flendirmekle kalmayacak, ayn\u0131 zamanda minik ellerinin becerisini de geli\u015ftirecek. \u00c7\u0131kartmalar\u0131 yap\u0131\u015ft\u0131r\u0131rken ince motor kaslar\u0131n g\u00fc\u00e7lenecek, renkleri ve \u015fekilleri e\u015fle\u015ftirirken yarat\u0131c\u0131l\u0131\u011f\u0131n ve g\u00f6rsel alg\u0131n geli\u015fecek. Haydi, &#8220;Bu Senin Tarz\u0131n&#8221; ile kendi stilini ke\u015ffet ve hayallerindeki gard\u0131robu yarat! <\/p>\n","protected":false},"excerpt":{"rendered":"<p>Minik moda tasar\u0131mc\u0131lar\u0131 i\u015f ba\u015f\u0131na! &#8220;Bu Senin Tarz\u0131n&#8221; seni reng\u00e2renk bir hayal d\u00fcnyas\u0131na davet ediyor! Kitab\u0131n i\u00e7indeki sevimli k\u0131z \u00e7ocuklar\u0131n\u0131, bitmeyen \u00e7\u0131kartma sayfalar\u0131ndaki birbirinden g\u00fczel k\u0131yafetlerle<span class=\"excerpt-hellip\"> [\u2026]<\/span><\/p>\n","protected":false},"featured_media":0,"template":"","meta":{"_monsterinsights_skip_tracking":false,"_monsterinsights_sitenote_active":false,"_monsterinsights_sitenote_note":"","_monsterinsights_sitenote_category":0},"product_brand":[],"product_cat":[12274,12518],"product_tag":[],"class_list":{"0":"post-773220","1":"product","2":"type-product","3":"status-publish","5":"product_cat-cocuk-ve-genclik-kitaplari","6":"product_cat-okul-oncesi-kitaplar","7":"pa_cilt-ciltsiz","8":"pa_tur-kitap","9":"pa_yayinevi-bicirik-yayinlari","10":"pa_yazar-erdi-dogan","12":"first","13":"instock","14":"sale","15":"shipping-taxable","16":"purchasable","17":"product-type-simple"},"_links":{"self":[{"href":"https:\/\/roveyayinevi.com.tr\/index.php\/wp-json\/wp\/v2\/product\/773220","targetHints":{"allow":["GET"]}}],"collection":[{"href":"https:\/\/roveyayinevi.com.tr\/index.php\/wp-json\/wp\/v2\/product"}],"about":[{"href":"https:\/\/roveyayinevi.com.tr\/index.php\/wp-json\/wp\/v2\/types\/product"}],"wp:attachment":[{"href":"https:\/\/roveyayinevi.com.tr\/index.php\/wp-json\/wp\/v2\/media?parent=773220"}],"wp:term":[{"taxonomy":"product_brand","embeddable":true,"href":"https:\/\/roveyayinevi.com.tr\/index.php\/wp-json\/wp\/v2\/product_brand?post=773220"},{"taxonomy":"product_cat","embeddable":true,"href":"https:\/\/roveyayinevi.com.tr\/index.php\/wp-json\/wp\/v2\/product_cat?post=773220"},{"taxonomy":"product_tag","embeddable":true,"href":"https:\/\/roveyayinevi.com.tr\/index.php\/wp-json\/wp\/v2\/product_tag?post=773220"}],"curies":[{"name":"wp","href":"https:\/\/api.w.org\/{rel}","templated":true}]}}