{"id":773219,"date":"2025-08-28T16:07:55","date_gmt":"2025-08-28T13:07:55","guid":{"rendered":"https:\/\/roveyayinevi.com.tr\/index.php\/urun\/kesfet-yapistir-bitmeyen-sticker\/"},"modified":"2026-04-15T03:39:25","modified_gmt":"2026-04-15T00:39:25","slug":"kesfet-yapistir-bitmeyen-sticker","status":"publish","type":"product","link":"https:\/\/roveyayinevi.com.tr\/index.php\/urun\/kesfet-yapistir-bitmeyen-sticker\/","title":{"rendered":"Ke\u015ffet Yap\u0131\u015ft\u0131r &#8211; Bitmeyen Sticker"},"content":{"rendered":"<p>Hey maceraperest! Ke\u015ffetmeye haz\u0131r m\u0131s\u0131n? \u201cKe\u015ffet Yap\u0131\u015ft\u0131r\u201d kitab\u0131yla birbirinden heyecanl\u0131 d\u00fcnyalara yolculuk yapmaya haz\u0131r ol! \u0130ster futbol sahas\u0131n\u0131n y\u0131ld\u0131z\u0131 ol, ister g\u00fc\u00e7l\u00fc ta\u015f\u0131tlar\u0131 s\u00fcr, istersen de bir tamirhanede harikalar yarat. Belki de bir konserde co\u015facak, kendi robotunu in\u015fa edecek, uzay\u0131n derinliklerini ke\u015ffedecek, devasa yap\u0131lar in\u015fa edecek ya da tarih \u00f6ncesinin heyecan\u0131n\u0131 dinozorlarla ya\u015fayacaks\u0131n! Bu kitapta her maceray\u0131 canland\u0131rmak i\u00e7in birbirinden haval\u0131 \u00e7\u0131kartmalar seni bekliyor! Futbol sahas\u0131 zeminine futbolcular\u0131 yerle\u015ftir, tamirhaneye aletleri ekle, konser sahnesine m\u00fczisyenleri koy, robot yap\u0131m alan\u0131na robotlar\u0131 yap\u0131\u015ft\u0131r, uzay bo\u015flu\u011funa roketleri ve astronotlar\u0131 ekle, in\u015faat alan\u0131na i\u015f\u00e7ileri ve ara\u00e7lar\u0131 yerle\u015ftir, dinozorlar\u0131 da kendi do\u011fal ortamlar\u0131na yap\u0131\u015ft\u0131r. Bitmeyen \u00e7\u0131kartmalarla her sayfay\u0131 kendi hayal g\u00fcc\u00fcnle tamamla! <\/p>\n","protected":false},"excerpt":{"rendered":"<p>Hey maceraperest! Ke\u015ffetmeye haz\u0131r m\u0131s\u0131n? \u201cKe\u015ffet Yap\u0131\u015ft\u0131r\u201d kitab\u0131yla birbirinden heyecanl\u0131 d\u00fcnyalara yolculuk yapmaya haz\u0131r ol! \u0130ster futbol sahas\u0131n\u0131n y\u0131ld\u0131z\u0131 ol, ister g\u00fc\u00e7l\u00fc ta\u015f\u0131tlar\u0131 s\u00fcr, istersen de<span class=\"excerpt-hellip\"> [\u2026]<\/span><\/p>\n","protected":false},"featured_media":0,"template":"","meta":{"_monsterinsights_skip_tracking":false,"_monsterinsights_sitenote_active":false,"_monsterinsights_sitenote_note":"","_monsterinsights_sitenote_category":0},"product_brand":[],"product_cat":[12274,12518],"product_tag":[],"class_list":{"0":"post-773219","1":"product","2":"type-product","3":"status-publish","5":"product_cat-cocuk-ve-genclik-kitaplari","6":"product_cat-okul-oncesi-kitaplar","7":"pa_cilt-ciltsiz","8":"pa_tur-kitap","9":"pa_yayinevi-bicirik-yayinlari","10":"pa_yazar-erdi-dogan","12":"first","13":"instock","14":"sale","15":"shipping-taxable","16":"purchasable","17":"product-type-simple"},"_links":{"self":[{"href":"https:\/\/roveyayinevi.com.tr\/index.php\/wp-json\/wp\/v2\/product\/773219","targetHints":{"allow":["GET"]}}],"collection":[{"href":"https:\/\/roveyayinevi.com.tr\/index.php\/wp-json\/wp\/v2\/product"}],"about":[{"href":"https:\/\/roveyayinevi.com.tr\/index.php\/wp-json\/wp\/v2\/types\/product"}],"wp:attachment":[{"href":"https:\/\/roveyayinevi.com.tr\/index.php\/wp-json\/wp\/v2\/media?parent=773219"}],"wp:term":[{"taxonomy":"product_brand","embeddable":true,"href":"https:\/\/roveyayinevi.com.tr\/index.php\/wp-json\/wp\/v2\/product_brand?post=773219"},{"taxonomy":"product_cat","embeddable":true,"href":"https:\/\/roveyayinevi.com.tr\/index.php\/wp-json\/wp\/v2\/product_cat?post=773219"},{"taxonomy":"product_tag","embeddable":true,"href":"https:\/\/roveyayinevi.com.tr\/index.php\/wp-json\/wp\/v2\/product_tag?post=773219"}],"curies":[{"name":"wp","href":"https:\/\/api.w.org\/{rel}","templated":true}]}}