{"id":773215,"date":"2025-08-28T16:07:46","date_gmt":"2025-08-28T13:07:46","guid":{"rendered":"https:\/\/roveyayinevi.com.tr\/index.php\/urun\/enteresan\/"},"modified":"2026-04-15T03:39:25","modified_gmt":"2026-04-15T00:39:25","slug":"enteresan","status":"publish","type":"product","link":"https:\/\/roveyayinevi.com.tr\/index.php\/urun\/enteresan\/","title":{"rendered":"Enteresan"},"content":{"rendered":"<p>D\u00dcNYAYA D\u00dc\u015eEN \u0130LK YAPAY ZEKA TANES\u0130 Merhaba! Benim ad\u0131m Enteresan ama k\u0131saca \u201cEnter\u201d diyorlar. Anlam\u0131n\u0131 merak ediyorsan, Enteresan; ilgin\u00e7 demek. Enter da\u2026 Biliyorsundur i\u015fte; klavyede shift tu\u015funun \u00fczerinde olur, giri\u015f yapmak falan\u2026 Ya da bo\u015f ver bunlar\u0131, \u201cd\u00fcnyaya d\u00fc\u015fen ilk yapay zeka tanesi\u201d diyelim biz. Serhat sipari\u015f etmi\u015f beni. Abisi ve yengesinin \u00e7ocuklar\u0131 yok diye beni onlara hediye etmi\u015f. Onlar da mecbur kal\u0131p kabul etmi\u015fler. Yani galiba \u00f6yle\u2026 \u00c7\u00fcnk\u00fc \u00e7ok be\u011fenerek ve severek kabul etselerdi \u015fimdi bu h\u00e2lde olmazd\u0131m. Ne h\u00e2lde mi?Merak ediyor musun?O zaman en ba\u015ftan ba\u015flayal\u0131m. <\/p>\n","protected":false},"excerpt":{"rendered":"<p>D\u00dcNYAYA D\u00dc\u015eEN \u0130LK YAPAY ZEKA TANES\u0130 Merhaba! Benim ad\u0131m Enteresan ama k\u0131saca \u201cEnter\u201d diyorlar. Anlam\u0131n\u0131 merak ediyorsan, Enteresan; ilgin\u00e7 demek. Enter da\u2026 Biliyorsundur i\u015fte; klavyede shift<span class=\"excerpt-hellip\"> [\u2026]<\/span><\/p>\n","protected":false},"featured_media":0,"template":"","meta":{"_monsterinsights_skip_tracking":false,"_monsterinsights_sitenote_active":false,"_monsterinsights_sitenote_note":"","_monsterinsights_sitenote_category":0},"product_brand":[],"product_cat":[12274,12284],"product_tag":[],"class_list":{"0":"post-773215","1":"product","2":"type-product","3":"status-publish","5":"product_cat-cocuk-ve-genclik-kitaplari","6":"product_cat-hikayeler","7":"pa_cilt-ciltsiz","8":"pa_tur-kitap","9":"pa_yayinevi-tulu-kitap","10":"pa_yazar-feride-sonmez","12":"first","13":"instock","14":"sale","15":"shipping-taxable","16":"purchasable","17":"product-type-simple"},"_links":{"self":[{"href":"https:\/\/roveyayinevi.com.tr\/index.php\/wp-json\/wp\/v2\/product\/773215","targetHints":{"allow":["GET"]}}],"collection":[{"href":"https:\/\/roveyayinevi.com.tr\/index.php\/wp-json\/wp\/v2\/product"}],"about":[{"href":"https:\/\/roveyayinevi.com.tr\/index.php\/wp-json\/wp\/v2\/types\/product"}],"wp:attachment":[{"href":"https:\/\/roveyayinevi.com.tr\/index.php\/wp-json\/wp\/v2\/media?parent=773215"}],"wp:term":[{"taxonomy":"product_brand","embeddable":true,"href":"https:\/\/roveyayinevi.com.tr\/index.php\/wp-json\/wp\/v2\/product_brand?post=773215"},{"taxonomy":"product_cat","embeddable":true,"href":"https:\/\/roveyayinevi.com.tr\/index.php\/wp-json\/wp\/v2\/product_cat?post=773215"},{"taxonomy":"product_tag","embeddable":true,"href":"https:\/\/roveyayinevi.com.tr\/index.php\/wp-json\/wp\/v2\/product_tag?post=773215"}],"curies":[{"name":"wp","href":"https:\/\/api.w.org\/{rel}","templated":true}]}}