{"id":773213,"date":"2025-08-28T16:07:43","date_gmt":"2025-08-28T13:07:43","guid":{"rendered":"https:\/\/roveyayinevi.com.tr\/index.php\/urun\/annelik-kilavuzu\/"},"modified":"2026-04-15T03:39:25","modified_gmt":"2026-04-15T00:39:25","slug":"annelik-kilavuzu","status":"publish","type":"product","link":"https:\/\/roveyayinevi.com.tr\/index.php\/urun\/annelik-kilavuzu\/","title":{"rendered":"Annelik K\u0131lavuzu"},"content":{"rendered":"<p>Yaln\u0131z de\u011filsin. Hissettiklerin, sand\u0131\u011f\u0131ndan daha tan\u0131d\u0131k.   Bazen gecenin bir vakti uyan\u0131rs\u0131n ve bebe\u011finin nefesini dinlerken kendi nefesini unuttu\u011funu fark edersin. Bazen g\u00f6zya\u015flar\u0131n\u0131 i\u00e7ine ak\u0131t\u0131r, yetersizlik duygusuyla ba\u015f etmeye \u00e7al\u0131\u015f\u0131rs\u0131n. Kimseye soramad\u0131\u011f\u0131n sorular\u0131n, dile getiremedi\u011fin korkular\u0131n vard\u0131r. Ve bazen, sadece anla\u015f\u0131lmak istersin.   \u0130\u015fte bu kitap, tam da o anlar i\u00e7in yaz\u0131ld\u0131.   Bir hem\u015fire, bir \u00f6\u011fretmen, bir psikolog ama her \u015feyden \u00f6nce bir anne olan Havvanur Karacag\u00fcn Hakkari, anneli\u011fin b\u00fcy\u00fcs\u00fcn\u00fc ve a\u011f\u0131rl\u0131\u011f\u0131n\u0131 derin bir i\u00e7tenlikle kaleme al\u0131yor.   Do\u011fumdan emzirmeye, annenin bedeni kadar ruhunu da i\u00e7ine alan bu k\u0131lavuz; bilgiyle, deneyimle ve sevgiyle dokunmu\u015f bir yolda\u015f. Bilimsel ger\u00e7eklerin yan\u0131 s\u0131ra, kendi do\u011fum hik\u00e2yesi ve i\u00e7sesini de payla\u015fan yazar, her sat\u0131r\u0131nda \u201cYaln\u0131z de\u011filsin&#8230;\u201d demek i\u00e7in seninle.   Bu kitap, anneli\u011fin ilk ad\u0131mlar\u0131nda aya\u011f\u0131na dolanan endi\u015feleri sarmalayacak. Ve sana hat\u0131rlatacak: Sen sadece bir anne de\u011filsin. Sen, bir mucizeyi d\u00fcnyaya getiren tarifsiz bir g\u00fc\u00e7s\u00fcn. <\/p>\n","protected":false},"excerpt":{"rendered":"<p>Yaln\u0131z de\u011filsin. Hissettiklerin, sand\u0131\u011f\u0131ndan daha tan\u0131d\u0131k. Bazen gecenin bir vakti uyan\u0131rs\u0131n ve bebe\u011finin nefesini dinlerken kendi nefesini unuttu\u011funu fark edersin. Bazen g\u00f6zya\u015flar\u0131n\u0131 i\u00e7ine ak\u0131t\u0131r, yetersizlik duygusuyla<span class=\"excerpt-hellip\"> [\u2026]<\/span><\/p>\n","protected":false},"featured_media":0,"template":"","meta":{"_monsterinsights_skip_tracking":false,"_monsterinsights_sitenote_active":false,"_monsterinsights_sitenote_note":"","_monsterinsights_sitenote_category":0},"product_brand":[],"product_cat":[12357],"product_tag":[],"class_list":{"0":"post-773213","1":"product","2":"type-product","3":"status-publish","5":"product_cat-psikoloji","6":"pa_cilt-ciltsiz","7":"pa_tur-kitap","8":"pa_yayinevi-destek-yayinlari","9":"pa_yazar-havvanur-karacagun-hakkari","11":"first","12":"instock","13":"sale","14":"shipping-taxable","15":"purchasable","16":"product-type-simple"},"_links":{"self":[{"href":"https:\/\/roveyayinevi.com.tr\/index.php\/wp-json\/wp\/v2\/product\/773213","targetHints":{"allow":["GET"]}}],"collection":[{"href":"https:\/\/roveyayinevi.com.tr\/index.php\/wp-json\/wp\/v2\/product"}],"about":[{"href":"https:\/\/roveyayinevi.com.tr\/index.php\/wp-json\/wp\/v2\/types\/product"}],"wp:attachment":[{"href":"https:\/\/roveyayinevi.com.tr\/index.php\/wp-json\/wp\/v2\/media?parent=773213"}],"wp:term":[{"taxonomy":"product_brand","embeddable":true,"href":"https:\/\/roveyayinevi.com.tr\/index.php\/wp-json\/wp\/v2\/product_brand?post=773213"},{"taxonomy":"product_cat","embeddable":true,"href":"https:\/\/roveyayinevi.com.tr\/index.php\/wp-json\/wp\/v2\/product_cat?post=773213"},{"taxonomy":"product_tag","embeddable":true,"href":"https:\/\/roveyayinevi.com.tr\/index.php\/wp-json\/wp\/v2\/product_tag?post=773213"}],"curies":[{"name":"wp","href":"https:\/\/api.w.org\/{rel}","templated":true}]}}