{"id":773212,"date":"2025-08-28T16:07:41","date_gmt":"2025-08-28T13:07:41","guid":{"rendered":"https:\/\/roveyayinevi.com.tr\/index.php\/urun\/mesleki-tukenmislik-algisi-havayolu-sirketi-calisanlari-uzerine-bir-arastirma\/"},"modified":"2026-04-15T03:39:25","modified_gmt":"2026-04-15T00:39:25","slug":"mesleki-tukenmislik-algisi-havayolu-sirketi-calisanlari-uzerine-bir-arastirma","status":"publish","type":"product","link":"https:\/\/roveyayinevi.com.tr\/index.php\/urun\/mesleki-tukenmislik-algisi-havayolu-sirketi-calisanlari-uzerine-bir-arastirma\/","title":{"rendered":"Mesleki T\u00fckenmi\u015flik Alg\u0131s\u0131: Havayolu \u015eirketi \u00c7al\u0131\u015fanlar\u0131 \u00dczerine Bir Ara\u015ft\u0131rma"},"content":{"rendered":"<p>1. B\u00d6L\u00dcM: T\u00dcKENM\u0130\u015eL\u0130K KAVRAMI   2. B\u00d6L\u00dcM : HAVACILIK SEKT\u00d6R\u00dc VE KAB\u0130N EK\u0130B\u0130 \u00c7ALI\u015eANLARI   3. B\u00d6L\u00dcM: MESLEK\u0130 T\u00dcKENM\u0130\u015eL\u0130K ALGISI: HAVAYOLU \u015e\u0130RKET\u0130 \u00c7ALI\u015eANLARI \u00dcZER\u0130NE B\u0130R ARA\u015eTIRMA   4. B\u00d6L\u00dcM: SONU\u00c7 VE \u00d6NER\u0130LER<\/p>\n","protected":false},"excerpt":{"rendered":"<p>1. B\u00d6L\u00dcM: T\u00dcKENM\u0130\u015eL\u0130K KAVRAMI 2. B\u00d6L\u00dcM : HAVACILIK SEKT\u00d6R\u00dc VE KAB\u0130N EK\u0130B\u0130 \u00c7ALI\u015eANLARI 3. B\u00d6L\u00dcM: MESLEK\u0130 T\u00dcKENM\u0130\u015eL\u0130K ALGISI: HAVAYOLU \u015e\u0130RKET\u0130 \u00c7ALI\u015eANLARI \u00dcZER\u0130NE B\u0130R ARA\u015eTIRMA 4. B\u00d6L\u00dcM:<span class=\"excerpt-hellip\"> [\u2026]<\/span><\/p>\n","protected":false},"featured_media":0,"template":"","meta":{"_monsterinsights_skip_tracking":false,"_monsterinsights_sitenote_active":false,"_monsterinsights_sitenote_note":"","_monsterinsights_sitenote_category":0},"product_brand":[],"product_cat":[13043,17647],"product_tag":[],"class_list":{"0":"post-773212","1":"product","2":"type-product","3":"status-publish","5":"product_cat-ekonomi","6":"product_cat-is-dunyasi","7":"pa_cilt-ciltsiz","8":"pa_tur-kitap","9":"pa_yayinevi-gazi-kitabevi","10":"pa_yazar-gulten-demiral-serdar-kizilcan","12":"first","13":"instock","14":"sale","15":"shipping-taxable","16":"purchasable","17":"product-type-simple"},"_links":{"self":[{"href":"https:\/\/roveyayinevi.com.tr\/index.php\/wp-json\/wp\/v2\/product\/773212","targetHints":{"allow":["GET"]}}],"collection":[{"href":"https:\/\/roveyayinevi.com.tr\/index.php\/wp-json\/wp\/v2\/product"}],"about":[{"href":"https:\/\/roveyayinevi.com.tr\/index.php\/wp-json\/wp\/v2\/types\/product"}],"wp:attachment":[{"href":"https:\/\/roveyayinevi.com.tr\/index.php\/wp-json\/wp\/v2\/media?parent=773212"}],"wp:term":[{"taxonomy":"product_brand","embeddable":true,"href":"https:\/\/roveyayinevi.com.tr\/index.php\/wp-json\/wp\/v2\/product_brand?post=773212"},{"taxonomy":"product_cat","embeddable":true,"href":"https:\/\/roveyayinevi.com.tr\/index.php\/wp-json\/wp\/v2\/product_cat?post=773212"},{"taxonomy":"product_tag","embeddable":true,"href":"https:\/\/roveyayinevi.com.tr\/index.php\/wp-json\/wp\/v2\/product_tag?post=773212"}],"curies":[{"name":"wp","href":"https:\/\/api.w.org\/{rel}","templated":true}]}}