{"id":773209,"date":"2025-08-28T16:07:36","date_gmt":"2025-08-28T13:07:36","guid":{"rendered":"https:\/\/roveyayinevi.com.tr\/index.php\/urun\/futbolda-yorgunluk-ve-toparlanma-stratejileri-i-besinsel-stratejiler\/"},"modified":"2026-04-15T03:39:25","modified_gmt":"2026-04-15T00:39:25","slug":"futbolda-yorgunluk-ve-toparlanma-stratejileri-i-besinsel-stratejiler","status":"publish","type":"product","link":"https:\/\/roveyayinevi.com.tr\/index.php\/urun\/futbolda-yorgunluk-ve-toparlanma-stratejileri-i-besinsel-stratejiler\/","title":{"rendered":"Futbolda Yorgunluk Ve Toparlanma Stratejileri I Besinsel Stratejiler"},"content":{"rendered":"<p>\u0130\u00e7indekiler :     B\u00d6L\u00dcM 1 FUTBOLDA YORGUNLUK VE NEDENLER\u0130     B\u00d6L\u00dcM 2 FUTBOLDA TOPARLANMA STRATEJ\u0130LER\u0130 <\/p>\n","protected":false},"excerpt":{"rendered":"<p>\u0130\u00e7indekiler : B\u00d6L\u00dcM 1 FUTBOLDA YORGUNLUK VE NEDENLER\u0130 B\u00d6L\u00dcM 2 FUTBOLDA TOPARLANMA STRATEJ\u0130LER\u0130<\/p>\n","protected":false},"featured_media":0,"template":"","meta":{"_monsterinsights_skip_tracking":false,"_monsterinsights_sitenote_active":false,"_monsterinsights_sitenote_note":"","_monsterinsights_sitenote_category":0},"product_brand":[],"product_cat":[13365],"product_tag":[],"class_list":{"0":"post-773209","1":"product","2":"type-product","3":"status-publish","5":"product_cat-saglik","6":"pa_cilt-ciltsiz","7":"pa_tur-kitap","8":"pa_yayinevi-gazi-kitabevi","9":"pa_yazar-mehmet-yildiz","11":"first","12":"instock","13":"sale","14":"shipping-taxable","15":"purchasable","16":"product-type-simple"},"_links":{"self":[{"href":"https:\/\/roveyayinevi.com.tr\/index.php\/wp-json\/wp\/v2\/product\/773209","targetHints":{"allow":["GET"]}}],"collection":[{"href":"https:\/\/roveyayinevi.com.tr\/index.php\/wp-json\/wp\/v2\/product"}],"about":[{"href":"https:\/\/roveyayinevi.com.tr\/index.php\/wp-json\/wp\/v2\/types\/product"}],"wp:attachment":[{"href":"https:\/\/roveyayinevi.com.tr\/index.php\/wp-json\/wp\/v2\/media?parent=773209"}],"wp:term":[{"taxonomy":"product_brand","embeddable":true,"href":"https:\/\/roveyayinevi.com.tr\/index.php\/wp-json\/wp\/v2\/product_brand?post=773209"},{"taxonomy":"product_cat","embeddable":true,"href":"https:\/\/roveyayinevi.com.tr\/index.php\/wp-json\/wp\/v2\/product_cat?post=773209"},{"taxonomy":"product_tag","embeddable":true,"href":"https:\/\/roveyayinevi.com.tr\/index.php\/wp-json\/wp\/v2\/product_tag?post=773209"}],"curies":[{"name":"wp","href":"https:\/\/api.w.org\/{rel}","templated":true}]}}