{"id":773207,"date":"2025-08-28T16:07:33","date_gmt":"2025-08-28T13:07:33","guid":{"rendered":"https:\/\/roveyayinevi.com.tr\/index.php\/urun\/modern-stratejik-maliyet-yonetimi-hedef-maliyetleme\/"},"modified":"2026-04-15T03:39:25","modified_gmt":"2026-04-15T00:39:25","slug":"modern-stratejik-maliyet-yonetimi-hedef-maliyetleme","status":"publish","type":"product","link":"https:\/\/roveyayinevi.com.tr\/index.php\/urun\/modern-stratejik-maliyet-yonetimi-hedef-maliyetleme\/","title":{"rendered":"Modern Stratejik Maliyet Y\u00f6netimi Hedef Maliyetleme"},"content":{"rendered":"<p>\u0130\u00e7indekiler :     1.B\u00d6L\u00dcM  GELENEKSEL MAL\u0130YET MUHASEBES\u0130N\u0130N ESASLARI VE STRATEJ\u0130K MAL\u0130YET Y\u00d6NET\u0130M\u0130NE GE\u00c7\u0130\u015e   2.B\u00d6L\u00dcM  HEDEF MAL\u0130YETLEME YAKLA\u015eIMI   3.B\u00d6L\u00dcM HEDEF MAL\u0130YETLEME Y\u00d6NTEM\u0130N\u0130N B\u0130R \u00dcRET\u0130M \u0130\u015eLETMES\u0130NDE UYGULANMASI <\/p>\n","protected":false},"excerpt":{"rendered":"<p>\u0130\u00e7indekiler : 1.B\u00d6L\u00dcM GELENEKSEL MAL\u0130YET MUHASEBES\u0130N\u0130N ESASLARI VE STRATEJ\u0130K MAL\u0130YET Y\u00d6NET\u0130M\u0130NE GE\u00c7\u0130\u015e 2.B\u00d6L\u00dcM HEDEF MAL\u0130YETLEME YAKLA\u015eIMI 3.B\u00d6L\u00dcM HEDEF MAL\u0130YETLEME Y\u00d6NTEM\u0130N\u0130N B\u0130R \u00dcRET\u0130M \u0130\u015eLETMES\u0130NDE UYGULANMASI<\/p>\n","protected":false},"featured_media":0,"template":"","meta":{"_monsterinsights_skip_tracking":false,"_monsterinsights_sitenote_active":false,"_monsterinsights_sitenote_note":"","_monsterinsights_sitenote_category":0},"product_brand":[],"product_cat":[13043],"product_tag":[],"class_list":{"0":"post-773207","1":"product","2":"type-product","3":"status-publish","5":"product_cat-ekonomi","6":"pa_cilt-ciltsiz","7":"pa_tur-kitap","8":"pa_yayinevi-gazi-kitabevi","9":"pa_yazar-hatice-gokbulut-kazan","11":"first","12":"instock","13":"sale","14":"shipping-taxable","15":"purchasable","16":"product-type-simple"},"_links":{"self":[{"href":"https:\/\/roveyayinevi.com.tr\/index.php\/wp-json\/wp\/v2\/product\/773207","targetHints":{"allow":["GET"]}}],"collection":[{"href":"https:\/\/roveyayinevi.com.tr\/index.php\/wp-json\/wp\/v2\/product"}],"about":[{"href":"https:\/\/roveyayinevi.com.tr\/index.php\/wp-json\/wp\/v2\/types\/product"}],"wp:attachment":[{"href":"https:\/\/roveyayinevi.com.tr\/index.php\/wp-json\/wp\/v2\/media?parent=773207"}],"wp:term":[{"taxonomy":"product_brand","embeddable":true,"href":"https:\/\/roveyayinevi.com.tr\/index.php\/wp-json\/wp\/v2\/product_brand?post=773207"},{"taxonomy":"product_cat","embeddable":true,"href":"https:\/\/roveyayinevi.com.tr\/index.php\/wp-json\/wp\/v2\/product_cat?post=773207"},{"taxonomy":"product_tag","embeddable":true,"href":"https:\/\/roveyayinevi.com.tr\/index.php\/wp-json\/wp\/v2\/product_tag?post=773207"}],"curies":[{"name":"wp","href":"https:\/\/api.w.org\/{rel}","templated":true}]}}