{"id":773205,"date":"2025-08-28T16:07:28","date_gmt":"2025-08-28T13:07:28","guid":{"rendered":"https:\/\/roveyayinevi.com.tr\/index.php\/urun\/gantz-19\/"},"modified":"2026-04-15T03:39:25","modified_gmt":"2026-04-15T00:39:25","slug":"gantz-19","status":"publish","type":"product","link":"https:\/\/roveyayinevi.com.tr\/index.php\/urun\/gantz-19\/","title":{"rendered":"Gantz 19"},"content":{"rendered":"<p>Tarihin en g\u00fc\u00e7l\u00fc d\u00fc\u015fman\u0131 olan Oni uzayl\u0131lar\u0131n\u0131n patronu, t\u00fcm \u015fehri yok etmek i\u00e7in b\u00fcy\u00fck bir \u00f6fkeyle dolu. \u00dcyeler, r\u00fczg\u00e2r kadar h\u0131zl\u0131 ve Gantz k\u0131yafetlerinin bile savunmas\u0131z kald\u0131\u011f\u0131 y\u0131ld\u0131r\u0131m sald\u0131r\u0131lar\u0131 kar\u015f\u0131s\u0131nda bunalm\u0131\u015f durumdalar&#8230; Ancak \u00fcyelerden tek tek gelmeye ba\u015flayan intihar sald\u0131r\u0131lar\u0131yla durum tersine d\u00f6ner! \u0130\u015fi sonu\u00e7land\u0131rmak, en g\u00fc\u00e7l\u00fc ikili Kurono ve \u0130zumi&#8217;ye kal\u0131r! Rakiplerini yenerek tam 100 puan kazanacaklar\u0131 bu m\u00fccadelenin sonucu ne olacak? Peki Gantz \u00f6l\u00fcleri diriltebilir mi? M\u00fccadele yeni bir a\u015famaya do\u011fru h\u0131zla ilerliyor! Hik\u00e2ye ak\u0131\u015f\u0131 ve ana kahramanlar\u0131n\u0131n ya\u015fad\u0131klar\u0131yla di\u011fer t\u00fcm mangalardan ayr\u0131lan yeti\u015fkin mangas\u0131 Gantz, y\u00fcksek temposuyla \u015fa\u015f\u0131rtmaya devam ediyor. <\/p>\n","protected":false},"excerpt":{"rendered":"<p>Tarihin en g\u00fc\u00e7l\u00fc d\u00fc\u015fman\u0131 olan Oni uzayl\u0131lar\u0131n\u0131n patronu, t\u00fcm \u015fehri yok etmek i\u00e7in b\u00fcy\u00fck bir \u00f6fkeyle dolu. \u00dcyeler, r\u00fczg\u00e2r kadar h\u0131zl\u0131 ve Gantz k\u0131yafetlerinin bile savunmas\u0131z<span class=\"excerpt-hellip\"> [\u2026]<\/span><\/p>\n","protected":false},"featured_media":0,"template":"","meta":{"_monsterinsights_skip_tracking":false,"_monsterinsights_sitenote_active":false,"_monsterinsights_sitenote_note":"","_monsterinsights_sitenote_category":0},"product_brand":[],"product_cat":[12416,12291],"product_tag":[],"class_list":{"0":"post-773205","1":"product","2":"type-product","3":"status-publish","5":"product_cat-cizgi-roman","6":"product_cat-edebiyat","7":"pa_cilt-ciltsiz","8":"pa_tur-kitap","9":"pa_yayinevi-kurukafa","10":"pa_yazar-hiroya-oku","12":"first","13":"instock","14":"sale","15":"shipping-taxable","16":"purchasable","17":"product-type-simple"},"_links":{"self":[{"href":"https:\/\/roveyayinevi.com.tr\/index.php\/wp-json\/wp\/v2\/product\/773205","targetHints":{"allow":["GET"]}}],"collection":[{"href":"https:\/\/roveyayinevi.com.tr\/index.php\/wp-json\/wp\/v2\/product"}],"about":[{"href":"https:\/\/roveyayinevi.com.tr\/index.php\/wp-json\/wp\/v2\/types\/product"}],"wp:attachment":[{"href":"https:\/\/roveyayinevi.com.tr\/index.php\/wp-json\/wp\/v2\/media?parent=773205"}],"wp:term":[{"taxonomy":"product_brand","embeddable":true,"href":"https:\/\/roveyayinevi.com.tr\/index.php\/wp-json\/wp\/v2\/product_brand?post=773205"},{"taxonomy":"product_cat","embeddable":true,"href":"https:\/\/roveyayinevi.com.tr\/index.php\/wp-json\/wp\/v2\/product_cat?post=773205"},{"taxonomy":"product_tag","embeddable":true,"href":"https:\/\/roveyayinevi.com.tr\/index.php\/wp-json\/wp\/v2\/product_tag?post=773205"}],"curies":[{"name":"wp","href":"https:\/\/api.w.org\/{rel}","templated":true}]}}