{"id":773203,"date":"2025-08-28T16:07:23","date_gmt":"2025-08-28T13:07:23","guid":{"rendered":"https:\/\/roveyayinevi.com.tr\/index.php\/urun\/bir-kedi-oykusu\/"},"modified":"2026-04-15T03:39:25","modified_gmt":"2026-04-15T00:39:25","slug":"bir-kedi-oykusu","status":"publish","type":"product","link":"https:\/\/roveyayinevi.com.tr\/index.php\/urun\/bir-kedi-oykusu\/","title":{"rendered":"Bir Kedi \u00d6yk\u00fcs\u00fc"},"content":{"rendered":"<p>Evimizde bir kedi olmas\u0131n\u0131n hayat\u0131m\u0131z\u0131 g\u00fczelle\u015ftirece\u011fine karar verdik. Peki yavru kedi mi, yoksa b\u00fcy\u00fcm\u00fc\u015f bir kedi mi alaca\u011f\u0131z? \u0130smini ne koyaca\u011f\u0131z? \u00c7\u00f6z\u00fcmlenmesi gereken baz\u0131 sorunlar \u00e7\u0131kt\u0131 kar\u015f\u0131m\u0131za anlayaca\u011f\u0131n\u0131z. Birtak\u0131m s\u00fcrprizlerle de kar\u015f\u0131la\u015ft\u0131k tabii.. Aileye yeni bir \u00fcyenin kat\u0131lmas\u0131n\u0131 konu alan, i\u00e7inizi \u0131s\u0131tacak bir kitap&#8230;<\/p>\n","protected":false},"excerpt":{"rendered":"<p>Evimizde bir kedi olmas\u0131n\u0131n hayat\u0131m\u0131z\u0131 g\u00fczelle\u015ftirece\u011fine karar verdik. Peki yavru kedi mi, yoksa b\u00fcy\u00fcm\u00fc\u015f bir kedi mi alaca\u011f\u0131z? \u0130smini ne koyaca\u011f\u0131z? \u00c7\u00f6z\u00fcmlenmesi gereken baz\u0131 sorunlar \u00e7\u0131kt\u0131<span class=\"excerpt-hellip\"> [\u2026]<\/span><\/p>\n","protected":false},"featured_media":0,"template":"","meta":{"_monsterinsights_skip_tracking":false,"_monsterinsights_sitenote_active":false,"_monsterinsights_sitenote_note":"","_monsterinsights_sitenote_category":0},"product_brand":[],"product_cat":[12274,12518],"product_tag":[],"class_list":{"0":"post-773203","1":"product","2":"type-product","3":"status-publish","5":"product_cat-cocuk-ve-genclik-kitaplari","6":"product_cat-okul-oncesi-kitaplar","7":"pa_cilt-ciltsiz","8":"pa_tur-kitap","9":"pa_yayinevi-koc-universitesi-yayinlari","10":"pa_yazar-emily-jenkins","12":"first","13":"instock","14":"sale","15":"shipping-taxable","16":"purchasable","17":"product-type-simple"},"_links":{"self":[{"href":"https:\/\/roveyayinevi.com.tr\/index.php\/wp-json\/wp\/v2\/product\/773203","targetHints":{"allow":["GET"]}}],"collection":[{"href":"https:\/\/roveyayinevi.com.tr\/index.php\/wp-json\/wp\/v2\/product"}],"about":[{"href":"https:\/\/roveyayinevi.com.tr\/index.php\/wp-json\/wp\/v2\/types\/product"}],"wp:attachment":[{"href":"https:\/\/roveyayinevi.com.tr\/index.php\/wp-json\/wp\/v2\/media?parent=773203"}],"wp:term":[{"taxonomy":"product_brand","embeddable":true,"href":"https:\/\/roveyayinevi.com.tr\/index.php\/wp-json\/wp\/v2\/product_brand?post=773203"},{"taxonomy":"product_cat","embeddable":true,"href":"https:\/\/roveyayinevi.com.tr\/index.php\/wp-json\/wp\/v2\/product_cat?post=773203"},{"taxonomy":"product_tag","embeddable":true,"href":"https:\/\/roveyayinevi.com.tr\/index.php\/wp-json\/wp\/v2\/product_tag?post=773203"}],"curies":[{"name":"wp","href":"https:\/\/api.w.org\/{rel}","templated":true}]}}