{"id":773200,"date":"2025-08-28T16:07:17","date_gmt":"2025-08-28T13:07:17","guid":{"rendered":"https:\/\/roveyayinevi.com.tr\/index.php\/urun\/beynin-maceralari-beynin-davranislari-beyin-nasil-karar-verir-ve-kontrol-eder\/"},"modified":"2026-04-15T03:39:25","modified_gmt":"2026-04-15T00:39:25","slug":"beynin-maceralari-beynin-davranislari-beyin-nasil-karar-verir-ve-kontrol-eder","status":"publish","type":"product","link":"https:\/\/roveyayinevi.com.tr\/index.php\/urun\/beynin-maceralari-beynin-davranislari-beyin-nasil-karar-verir-ve-kontrol-eder\/","title":{"rendered":"Beynin Maceralar\u0131 &#8211; Beynin Davran\u0131\u015flar\u0131 Beyin Nas\u0131l Karar Verir ve Kontrol Eder?"},"content":{"rendered":"<p>Beynin Maceralar\u0131\u2019nda kahraman\u0131m\u0131z Beyin bir \u00e7izgi roman karakteri, ama bizim t\u00fcm \u00f6zelliklerimizi de ta\u015f\u0131yor. Serinin ikinci kitab\u0131 olan Beynin Davran\u0131\u015flar\u0131\u2019nda, beyin ile bilgisayar\u0131n benzerliklerini ve farklar\u0131n\u0131, beynin karar verme ve planlama mekanizmalar\u0131n\u0131 e\u011flenceli bir \u015fekilde \u00f6\u011frenebilirsin. Otomatik olarak yapt\u0131\u011f\u0131n hareketleri, bu hareketlerin nas\u0131l kontrol edilebilece\u011fini ve beyninle ilgili daha bir\u00e7ok ilgin\u00e7 bilgiyi ke\u015ffetmeye haz\u0131r m\u0131s\u0131n? Oxford \u00dcniversitesi \u00d6\u011fretim \u00dcyesi Do\u00e7. Dr. Sanjay Manohar, \u00e7al\u0131\u015fmalar\u0131n\u0131 n\u00f6roloji ve bili\u015fsel sinirbilim alanlar\u0131nda s\u00fcrd\u00fcren \u00f6nde gelen bir bilim insan\u0131d\u0131r.<\/p>\n","protected":false},"excerpt":{"rendered":"<p>Beynin Maceralar\u0131\u2019nda kahraman\u0131m\u0131z Beyin bir \u00e7izgi roman karakteri, ama bizim t\u00fcm \u00f6zelliklerimizi de ta\u015f\u0131yor. Serinin ikinci kitab\u0131 olan Beynin Davran\u0131\u015flar\u0131\u2019nda, beyin ile bilgisayar\u0131n benzerliklerini ve farklar\u0131n\u0131,<span class=\"excerpt-hellip\"> [\u2026]<\/span><\/p>\n","protected":false},"featured_media":0,"template":"","meta":{"_monsterinsights_skip_tracking":false,"_monsterinsights_sitenote_active":false,"_monsterinsights_sitenote_note":"","_monsterinsights_sitenote_category":0},"product_brand":[],"product_cat":[13829,12274],"product_tag":[],"class_list":{"0":"post-773200","1":"product","2":"type-product","3":"status-publish","5":"product_cat-bilimsel-kitaplar","6":"product_cat-cocuk-ve-genclik-kitaplari","7":"pa_cilt-ciltsiz","8":"pa_tur-kitap","9":"pa_yayinevi-koc-universitesi-yayinlari","10":"pa_yazar-sanjay-manohar","12":"first","13":"instock","14":"sale","15":"shipping-taxable","16":"purchasable","17":"product-type-simple"},"_links":{"self":[{"href":"https:\/\/roveyayinevi.com.tr\/index.php\/wp-json\/wp\/v2\/product\/773200","targetHints":{"allow":["GET"]}}],"collection":[{"href":"https:\/\/roveyayinevi.com.tr\/index.php\/wp-json\/wp\/v2\/product"}],"about":[{"href":"https:\/\/roveyayinevi.com.tr\/index.php\/wp-json\/wp\/v2\/types\/product"}],"wp:attachment":[{"href":"https:\/\/roveyayinevi.com.tr\/index.php\/wp-json\/wp\/v2\/media?parent=773200"}],"wp:term":[{"taxonomy":"product_brand","embeddable":true,"href":"https:\/\/roveyayinevi.com.tr\/index.php\/wp-json\/wp\/v2\/product_brand?post=773200"},{"taxonomy":"product_cat","embeddable":true,"href":"https:\/\/roveyayinevi.com.tr\/index.php\/wp-json\/wp\/v2\/product_cat?post=773200"},{"taxonomy":"product_tag","embeddable":true,"href":"https:\/\/roveyayinevi.com.tr\/index.php\/wp-json\/wp\/v2\/product_tag?post=773200"}],"curies":[{"name":"wp","href":"https:\/\/api.w.org\/{rel}","templated":true}]}}