{"id":773199,"date":"2025-08-28T16:07:15","date_gmt":"2025-08-28T13:07:15","guid":{"rendered":"https:\/\/roveyayinevi.com.tr\/index.php\/urun\/beyin-maceralari-beynin-dunyasi-beyin-nedir-ve-nasil-calisir\/"},"modified":"2026-04-15T03:39:25","modified_gmt":"2026-04-15T00:39:25","slug":"beyin-maceralari-beynin-dunyasi-beyin-nedir-ve-nasil-calisir","status":"publish","type":"product","link":"https:\/\/roveyayinevi.com.tr\/index.php\/urun\/beyin-maceralari-beynin-dunyasi-beyin-nedir-ve-nasil-calisir\/","title":{"rendered":"Beyin Maceralar\u0131 &#8211; Beynin D\u00fcnyas\u0131 Beyin Nedir ve Nas\u0131l \u00c7al\u0131\u015f\u0131r?"},"content":{"rendered":"<p>Beynin Maceralar\u0131\u2019nda kahraman\u0131m\u0131z Beyin bir \u00e7izgi roman karakteri, ama bizim t\u00fcm \u00f6zelliklerimizi de ta\u015f\u0131yor. Serinin ilk kitab\u0131 olan Beynin D\u00fcnyas\u0131\u2019nda beynin yap\u0131s\u0131n\u0131, farkl\u0131 b\u00f6l\u00fcmlerinin i\u015flevlerini ve sinir h\u00fccrelerinin g\u00f6revlerini e\u011flenceli bir \u015fekilde \u00f6\u011frenebilirsin. Beyninin d\u00fcnyay\u0131 g\u00f6rmeni, dikkatini toplaman\u0131, s\u0131k\u0131nt\u0131yla ba\u015f etmeni ve daha bir\u00e7ok \u015feyi yapman\u0131 nas\u0131l sa\u011flad\u0131\u011f\u0131n\u0131 ke\u015ffetmeye haz\u0131r m\u0131s\u0131n? Oxford \u00dcniversitesi \u00d6\u011fretim \u00dcyesi Do\u00e7. Dr. Sanjay Manohar, \u00e7al\u0131\u015fmalar\u0131n\u0131 n\u00f6roloji ve bili\u015fsel sinirbilim alanlar\u0131nda s\u00fcrd\u00fcren \u00f6nde gelen bir bilim insan\u0131d\u0131r.<\/p>\n","protected":false},"excerpt":{"rendered":"<p>Beynin Maceralar\u0131\u2019nda kahraman\u0131m\u0131z Beyin bir \u00e7izgi roman karakteri, ama bizim t\u00fcm \u00f6zelliklerimizi de ta\u015f\u0131yor. Serinin ilk kitab\u0131 olan Beynin D\u00fcnyas\u0131\u2019nda beynin yap\u0131s\u0131n\u0131, farkl\u0131 b\u00f6l\u00fcmlerinin i\u015flevlerini ve<span class=\"excerpt-hellip\"> [\u2026]<\/span><\/p>\n","protected":false},"featured_media":0,"template":"","meta":{"_monsterinsights_skip_tracking":false,"_monsterinsights_sitenote_active":false,"_monsterinsights_sitenote_note":"","_monsterinsights_sitenote_category":0},"product_brand":[],"product_cat":[13829,12274],"product_tag":[],"class_list":{"0":"post-773199","1":"product","2":"type-product","3":"status-publish","5":"product_cat-bilimsel-kitaplar","6":"product_cat-cocuk-ve-genclik-kitaplari","7":"pa_cilt-ciltsiz","8":"pa_tur-kitap","9":"pa_yayinevi-koc-universitesi-yayinlari","10":"pa_yazar-sanjay-manohar","12":"first","13":"instock","14":"sale","15":"shipping-taxable","16":"purchasable","17":"product-type-simple"},"_links":{"self":[{"href":"https:\/\/roveyayinevi.com.tr\/index.php\/wp-json\/wp\/v2\/product\/773199","targetHints":{"allow":["GET"]}}],"collection":[{"href":"https:\/\/roveyayinevi.com.tr\/index.php\/wp-json\/wp\/v2\/product"}],"about":[{"href":"https:\/\/roveyayinevi.com.tr\/index.php\/wp-json\/wp\/v2\/types\/product"}],"wp:attachment":[{"href":"https:\/\/roveyayinevi.com.tr\/index.php\/wp-json\/wp\/v2\/media?parent=773199"}],"wp:term":[{"taxonomy":"product_brand","embeddable":true,"href":"https:\/\/roveyayinevi.com.tr\/index.php\/wp-json\/wp\/v2\/product_brand?post=773199"},{"taxonomy":"product_cat","embeddable":true,"href":"https:\/\/roveyayinevi.com.tr\/index.php\/wp-json\/wp\/v2\/product_cat?post=773199"},{"taxonomy":"product_tag","embeddable":true,"href":"https:\/\/roveyayinevi.com.tr\/index.php\/wp-json\/wp\/v2\/product_tag?post=773199"}],"curies":[{"name":"wp","href":"https:\/\/api.w.org\/{rel}","templated":true}]}}