{"id":773194,"date":"2025-08-28T16:07:05","date_gmt":"2025-08-28T13:07:05","guid":{"rendered":"https:\/\/roveyayinevi.com.tr\/index.php\/urun\/medio-serisi-1-guc-ve-yikim\/"},"modified":"2026-04-15T03:39:25","modified_gmt":"2026-04-15T00:39:25","slug":"medio-serisi-1-guc-ve-yikim","status":"publish","type":"product","link":"https:\/\/roveyayinevi.com.tr\/index.php\/urun\/medio-serisi-1-guc-ve-yikim\/","title":{"rendered":"Medio Serisi 1 : G\u00fc\u00e7 ve Y\u0131k\u0131m"},"content":{"rendered":"<p>\u201cGe\u00e7mi\u015fin zincirlerini k\u0131ran, gelece\u011fin yolunu \u00e7izer. Ancak her \u00f6zg\u00fcrl\u00fc\u011f\u00fcn bir bedeli vard\u0131r. Ve baz\u0131 bedeller, yaln\u0131zca kanla \u00f6denir.\u201d Binlerce y\u0131l \u00f6nce, tanr\u0131lar insanl\u0131\u011f\u0131n h\u0131rs\u0131n\u0131 kullanarak Medio\u2019yu m\u00fch\u00fcrledi. \u00d6nce bir ihanet, ard\u0131ndan h\u0131rs diyar\u0131 \u00e7\u00f6kertti ama topraklar\u0131n derinliklerinde unutulmu\u015f bir g\u00fc\u00e7 h\u00e2l\u00e2 ya\u015f\u0131yordu. Bu g\u00fc\u00e7 yok edilemedi, sadece susturuldu. \u015eimdi, Medio bir kez daha intikam istiyordu. Olanlar\u0131n merkezinde Alya vard\u0131. Bir zamanlar Diyar\u0131n Nefesi olan prenses, yasak bir b\u00fcy\u00fcyle kehanetin kap\u0131lar\u0131n\u0131 aralam\u0131\u015f; bu b\u00fcy\u00fc, yaln\u0131zca bir \u00e7a\u011f\u0131n de\u011fil, tanr\u0131lar\u0131n ve evrenin de sars\u0131lmas\u0131na neden olmu\u015ftu. Yapt\u0131klar\u0131n\u0131n bedeli olarak tanr\u0131lar onu ka\u00e7\u0131rd\u0131, lanetledi, haf\u0131zas\u0131n\u0131 \u00e7ald\u0131. Ama unuttuklar\u0131 bir \u015fey vard\u0131: Baz\u0131 kehanetler yok edilemez, yaln\u0131zca ertelenirdi. Ge\u00e7mi\u015fin izleri ve gelece\u011fin f\u0131s\u0131lt\u0131lar\u0131 birle\u015firken, Alya kendi hakikatine uyanmak zorundayd\u0131. Bu yaln\u0131zca bir d\u00f6n\u00fc\u015f de\u011fil, kanla yaz\u0131lm\u0131\u015f bir intikam\u0131n ba\u015flang\u0131c\u0131yd\u0131. \u00c7\u00fcnk\u00fc \u0131\u015f\u0131k bir g\u00fc\u00e7 de\u011fil, bir hakikatti. Ve hakikat a\u00e7\u0131\u011fa \u00e7\u0131kt\u0131\u011f\u0131nda, tanr\u0131lar bile ona boyun e\u011fmek zorunda kalacakt\u0131. \u201cBaz\u0131 yollar \u00e7izilmez, yaln\u0131zca ke\u015ffedilir. Ama baz\u0131lar\u0131 \u00e7oktan kaz\u0131nm\u0131\u015ft\u0131r. Ve kaz\u0131nan yol, zamanla silinmez; yaln\u0131zca tamamlanmay\u0131 bekler.\u201d <\/p>\n","protected":false},"excerpt":{"rendered":"<p>\u201cGe\u00e7mi\u015fin zincirlerini k\u0131ran, gelece\u011fin yolunu \u00e7izer. Ancak her \u00f6zg\u00fcrl\u00fc\u011f\u00fcn bir bedeli vard\u0131r. Ve baz\u0131 bedeller, yaln\u0131zca kanla \u00f6denir.\u201d Binlerce y\u0131l \u00f6nce, tanr\u0131lar insanl\u0131\u011f\u0131n h\u0131rs\u0131n\u0131 kullanarak Medio\u2019yu<span class=\"excerpt-hellip\"> [\u2026]<\/span><\/p>\n","protected":false},"featured_media":0,"template":"","meta":{"_monsterinsights_skip_tracking":false,"_monsterinsights_sitenote_active":false,"_monsterinsights_sitenote_note":"","_monsterinsights_sitenote_category":0},"product_brand":[],"product_cat":[12291,12711],"product_tag":[],"class_list":{"0":"post-773194","1":"product","2":"type-product","3":"status-publish","5":"product_cat-edebiyat","6":"product_cat-roman-oyku","7":"pa_cilt-ciltsiz","8":"pa_tur-kitap","9":"pa_yayinevi-ulysses-yayinlari","10":"pa_yazar-gokberk-dursun","12":"first","13":"instock","14":"sale","15":"shipping-taxable","16":"purchasable","17":"product-type-simple"},"_links":{"self":[{"href":"https:\/\/roveyayinevi.com.tr\/index.php\/wp-json\/wp\/v2\/product\/773194","targetHints":{"allow":["GET"]}}],"collection":[{"href":"https:\/\/roveyayinevi.com.tr\/index.php\/wp-json\/wp\/v2\/product"}],"about":[{"href":"https:\/\/roveyayinevi.com.tr\/index.php\/wp-json\/wp\/v2\/types\/product"}],"wp:attachment":[{"href":"https:\/\/roveyayinevi.com.tr\/index.php\/wp-json\/wp\/v2\/media?parent=773194"}],"wp:term":[{"taxonomy":"product_brand","embeddable":true,"href":"https:\/\/roveyayinevi.com.tr\/index.php\/wp-json\/wp\/v2\/product_brand?post=773194"},{"taxonomy":"product_cat","embeddable":true,"href":"https:\/\/roveyayinevi.com.tr\/index.php\/wp-json\/wp\/v2\/product_cat?post=773194"},{"taxonomy":"product_tag","embeddable":true,"href":"https:\/\/roveyayinevi.com.tr\/index.php\/wp-json\/wp\/v2\/product_tag?post=773194"}],"curies":[{"name":"wp","href":"https:\/\/api.w.org\/{rel}","templated":true}]}}