{"id":773189,"date":"2025-08-28T16:06:56","date_gmt":"2025-08-28T13:06:56","guid":{"rendered":"https:\/\/roveyayinevi.com.tr\/index.php\/urun\/denizde-zafer-ciltli\/"},"modified":"2026-04-15T03:39:24","modified_gmt":"2026-04-15T00:39:24","slug":"denizde-zafer-ciltli","status":"publish","type":"product","link":"https:\/\/roveyayinevi.com.tr\/index.php\/urun\/denizde-zafer-ciltli\/","title":{"rendered":"Denizde Zafer (Ciltli)"},"content":{"rendered":"<p>Britanya \u0130mparatorlu\u011funun hala en b\u00fcy\u00fck deniz g\u00fcc\u00fc oldu\u011fu 1936 y\u0131l\u0131nda ba\u015flayan bu hik\u00e2ye, II. D\u00fcnya Sava\u015f\u0131\u2019ndaki deniz m\u00fccadelesinin g\u00fc\u00e7 dengelerini nas\u0131l de\u011fi\u015ftirdi\u011fini ve sava\u015f sonunda Amerika Birle\u015fik Devletleri\u2019nin d\u00fcnyan\u0131n daha \u00f6nce g\u00f6rmedi\u011fi bi\u00e7imde tek g\u00fc\u00e7 olarak ortaya \u00e7\u0131k\u0131\u015f\u0131n\u0131 anlat\u0131yor. T\u0131pk\u0131 yazar\u0131n da s\u0131k\u00e7a at\u0131f yapt\u0131\u011f\u0131 Fernand Braudel\u2019in, 16.y\u00fczy\u0131l sonlar\u0131nda d\u00fcnyan\u0131n merkezinin Akdeniz\u2019den Atlantik k\u0131y\u0131lar\u0131na kay\u0131\u015f\u0131n\u0131 a\u00e7\u0131klamas\u0131 gibi. II. D\u00fcnya Sava\u015f\u0131 anlat\u0131lar\u0131nda \u00e7ok da \u00fcst\u00fcnde durulmayan deniz g\u00fcc\u00fcn\u00fcn asl\u0131nda sonucu belirlemede ne kadar kritik oldu\u011fu ustaca analizler ve \u00fcslupla okuyucuya sunuluyor.   \u201cPaul Kennedy bu s\u00fcr\u00fckleyici anlat\u0131da denizlerin kontrol\u00fc i\u00e7in verilen umutsuz m\u00fccadeleyi ve Amerika\u2019n\u0131n \u0130kinci D\u00fcnya Sava\u015f\u0131 s\u0131ras\u0131nda s\u00fcper g\u00fc\u00e7 olarak ortaya \u00e7\u0131k\u0131\u015f\u0131n\u0131 anlatan bir klasik yazd\u0131.\u201d \u2013John H. Maurer, ABD Deniz Harp Akademisi   \u201cDenizde Zafer\u2019de Paul Kennedy, deniz stratejisi alan\u0131nda neden d\u00fcnyan\u0131n en iyi akademisyeni oldu\u011funu g\u00f6steriyor. II. D\u00fcnya Sava\u015f\u0131 veya denizcilik tarihi \u00e7al\u0131\u015fan \u00f6\u011frenciler i\u00e7in mutlaka okunmas\u0131 gereken bir kitap.\u201d \u2013John J. Mearsheimer, Chicago \u00dcniversitesi   \u201cAl\u0131\u015f\u0131lm\u0131\u015f\u0131n d\u0131\u015f\u0131ndaki bu k\u00fcresel tarih ve deniz sanat\u0131 \u00e7al\u0131\u015fmas\u0131 Paul Kennedy\u2019nin berrak \u00fcslubu ve Ian Marshall\u2019\u0131n k\u0131ymetli tablolar\u0131nda iki parlak zihni bir araya getiriyor.\u201d \u2013Amiral James Stavridis, 2034: S\u0131radaki D\u00fcnya Sava\u015f\u0131\u2019n\u0131n yazar\u0131 <\/p>\n","protected":false},"excerpt":{"rendered":"<p>Britanya \u0130mparatorlu\u011funun hala en b\u00fcy\u00fck deniz g\u00fcc\u00fc oldu\u011fu 1936 y\u0131l\u0131nda ba\u015flayan bu hik\u00e2ye, II. D\u00fcnya Sava\u015f\u0131\u2019ndaki deniz m\u00fccadelesinin g\u00fc\u00e7 dengelerini nas\u0131l de\u011fi\u015ftirdi\u011fini ve sava\u015f sonunda Amerika<span class=\"excerpt-hellip\"> [\u2026]<\/span><\/p>\n","protected":false},"featured_media":0,"template":"","meta":{"_monsterinsights_skip_tracking":false,"_monsterinsights_sitenote_active":false,"_monsterinsights_sitenote_note":"","_monsterinsights_sitenote_category":0},"product_brand":[],"product_cat":[12370,12304],"product_tag":[],"class_list":{"0":"post-773189","1":"product","2":"type-product","3":"status-publish","5":"product_cat-arastirma-inceleme","6":"product_cat-tarih","7":"pa_cilt-ciltsiz","8":"pa_tur-kitap","9":"pa_yayinevi-alfa-yayinlari","10":"pa_yazar-paul-kennedy","12":"first","13":"instock","14":"sale","15":"shipping-taxable","16":"purchasable","17":"product-type-simple"},"_links":{"self":[{"href":"https:\/\/roveyayinevi.com.tr\/index.php\/wp-json\/wp\/v2\/product\/773189","targetHints":{"allow":["GET"]}}],"collection":[{"href":"https:\/\/roveyayinevi.com.tr\/index.php\/wp-json\/wp\/v2\/product"}],"about":[{"href":"https:\/\/roveyayinevi.com.tr\/index.php\/wp-json\/wp\/v2\/types\/product"}],"wp:attachment":[{"href":"https:\/\/roveyayinevi.com.tr\/index.php\/wp-json\/wp\/v2\/media?parent=773189"}],"wp:term":[{"taxonomy":"product_brand","embeddable":true,"href":"https:\/\/roveyayinevi.com.tr\/index.php\/wp-json\/wp\/v2\/product_brand?post=773189"},{"taxonomy":"product_cat","embeddable":true,"href":"https:\/\/roveyayinevi.com.tr\/index.php\/wp-json\/wp\/v2\/product_cat?post=773189"},{"taxonomy":"product_tag","embeddable":true,"href":"https:\/\/roveyayinevi.com.tr\/index.php\/wp-json\/wp\/v2\/product_tag?post=773189"}],"curies":[{"name":"wp","href":"https:\/\/api.w.org\/{rel}","templated":true}]}}